{"id":65,"date":"2021-01-28T14:36:42","date_gmt":"2021-01-28T13:36:42","guid":{"rendered":"https:\/\/kaffeecenter.ch\/product\/import-placeholder-for-1502\/"},"modified":"2024-02-14T23:23:51","modified_gmt":"2024-02-14T22:23:51","slug":"jura-profi-feinschaumduese","status":"publish","type":"product","link":"https:\/\/kaffeecenter.ch\/it\/prodotto\/jura-profi-feinschaumduese\/","title":{"rendered":"Schiumatore professionale Jura"},"content":{"rendered":"","protected":false},"excerpt":{"rendered":"<p>L'ugello multifunzione \u00e8 stato sviluppato appositamente per preparare specialit\u00e0 di caff\u00e8 con latte e schiuma di latte. Con esso, il latte macchiato, il cappuccino o il latte caldo e la schiuma di latte per il cacao risultano sempre perfetti.<\/p>\n<p>Nella prima area, il sistema multicamera schiuma il latte con la massima qualit\u00e0 da barista. La rivoluzionaria tecnologia a schiuma fine offre una schiuma di latte a pori fini con una consistenza duratura e trasforma il piacere in una festa per il palato e la lingua. Il latte viene aspirato e riscaldato nella posizione II.<\/p>\n<p>In combinazione con i risultati impressionanti del caff\u00e8, questo apre le porte a dimensioni completamente nuove del piacere. Una differenza che si vede e si assapora.<\/p>\n<p>Per una pulizia efficace e un'igiene ottimale, l'ugello per schiuma fine professionale \u00e8 ora dotato di un beccuccio del latte sostituibile. Per motivi di igiene, si consiglia di sostituire regolarmente il beccuccio del latte (circa ogni 2 mesi).<\/p>\n<p>I beccucci di ricambio sono disponibili presso i rivenditori specializzati.<\/p>\n<p>Compatibile con:<\/p>\n<ul>\n<li>E8 \/ E80 \/ E800 (2015)<\/li>\n<li>WE8<\/li>\n<\/ul>","protected":false},"featured_media":151,"template":"","meta":{"inline_featured_image":false},"product_brand":[],"product_cat":[46,33],"product_tag":[47,35],"class_list":{"0":"post-65","1":"product","2":"type-product","3":"status-publish","4":"has-post-thumbnail","6":"product_cat-duesen","7":"product_cat-zubehoer","8":"product_tag-duesen","9":"product_tag-zubehoer","11":"first","12":"instock","13":"taxable","14":"shipping-taxable","15":"purchasable","16":"product-type-simple"},"aioseo_notices":[],"_links":{"self":[{"href":"https:\/\/kaffeecenter.ch\/it\/wp-json\/wp\/v2\/product\/65","targetHints":{"allow":["GET"]}}],"collection":[{"href":"https:\/\/kaffeecenter.ch\/it\/wp-json\/wp\/v2\/product"}],"about":[{"href":"https:\/\/kaffeecenter.ch\/it\/wp-json\/wp\/v2\/types\/product"}],"wp:featuredmedia":[{"embeddable":true,"href":"https:\/\/kaffeecenter.ch\/it\/wp-json\/wp\/v2\/media\/151"}],"wp:attachment":[{"href":"https:\/\/kaffeecenter.ch\/it\/wp-json\/wp\/v2\/media?parent=65"}],"wp:term":[{"taxonomy":"product_brand","embeddable":true,"href":"https:\/\/kaffeecenter.ch\/it\/wp-json\/wp\/v2\/product_brand?post=65"},{"taxonomy":"product_cat","embeddable":true,"href":"https:\/\/kaffeecenter.ch\/it\/wp-json\/wp\/v2\/product_cat?post=65"},{"taxonomy":"product_tag","embeddable":true,"href":"https:\/\/kaffeecenter.ch\/it\/wp-json\/wp\/v2\/product_tag?post=65"}],"curies":[{"name":"wp","href":"https:\/\/api.w.org\/{rel}","templated":true}]}}