{"id":24,"date":"2021-01-28T14:35:19","date_gmt":"2021-01-28T13:35:19","guid":{"rendered":"https:\/\/kaffeecenter.ch\/product\/import-placeholder-for-1433\/"},"modified":"2024-02-12T14:48:52","modified_gmt":"2024-02-12T13:48:52","slug":"3-filterpatronen-claris-smart","status":"publish","type":"product","link":"https:\/\/kaffeecenter.ch\/it\/prodotto\/3-filterpatronen-claris-smart\/","title":{"rendered":"CLARIS Smart (3 filtri)"},"content":{"rendered":"","protected":false},"excerpt":{"rendered":"<p>Il caff\u00e8 \u00e8 composto per il 98% di acqua. Di conseguenza, la sua perfetta qualit\u00e0 \u00e8 essenziale per ottenere un risultato perfetto. Con CLARIS Smart, JURA rivoluziona la filtrazione dell'acqua. Per la prima volta, una macchina completamente automatica* comunica in modo permanente con il filtro grazie alla moderna tecnologia RFID (RFID = Radio-frequency Identification). Riconosce se il filtro \u00e8 inserito e attiva automaticamente la modalit\u00e0 corrispondente. Raccoglie continuamente informazioni sull'utilizzo del filtro e segnala quando la capacit\u00e0 \u00e8 esaurita. Questo non solo rende la sostituzione del filtro pi\u00f9 semplice che mai, ma permette a CLARIS Smart di massimizzare la sua efficacia.<\/p>\n<p><strong>Adatto a tutte le acque di rubinetto<\/strong><br \/>\nCLARIS Smart funziona secondo il principio professionale del flusso ascendente e filtra sempre esattamente la quantit\u00e0 di acqua necessaria per la preparazione. Grazie alla formula innovativa, le cartucce filtranti sono ideali per qualsiasi acqua di rubinetto in tutto il mondo. Il granulato personalizzato filtra sempre il calcare in modo ottimale (anche in caso di bassa durezza dell'acqua) e riduce tutte le sostanze nocive in modo pi\u00f9 efficiente che mai. I minerali e i fluoruri, che fungono da importanti vettori di aromi, vengono completamente trattenuti. La stabilizzazione ottimale del calcare e l'efficiente filtrazione delle sostanze nocive si traducono sempre in una qualit\u00e0 ottimale dell'acqua per un caff\u00e8 dal sapore perfetto.<\/p>\n<p><strong>Riconoscimento automatico dei filtri<\/strong><br \/>\nJURA utilizza la moderna tecnologia RFID per consentire un dialogo tra il filtro e la macchina completamente automatica. Ogni macchina dotata di sistema idrico intelligente (I.W.S.\u00ae) riconosce automaticamente quando viene inserito un filtro, passa automaticamente alla modalit\u00e0 filtro e inizia il risciacquo. Se la capacit\u00e0 del filtro si sta esaurendo, la macchina completamente automatica indica che il filtro deve essere sostituito. Se ci\u00f2 non viene fatto, l'apparecchio attiva la modalit\u00e0 di decalcificazione. Dopo un uso appropriato, appare la richiesta di decalcificazione. Questa pu\u00f2 avvenire solo quando il filtro \u00e8 stato rimosso. Le manipolazioni errate dovute a malintesi appartengono definitivamente al passato.<\/p>\n<p>Regalate a voi stessi e alla vostra macchina da caff\u00e8 completamente automatica JURA i nuovi filtri CLARIS e verificatene i numerosi vantaggi. Vi offriamo il nuovo set di 3 filtri a un prezzo speciale e interessante. Vi auguriamo un perfetto piacere del caff\u00e8 in una nuova dimensione.<\/p>\n<p>* CLARIS Smart \u00e8 stato sviluppato per le seguenti macchine completamente automatiche con sistema idrico intelligente (I.W.S.\u00ae):<\/p>\n<ul>\n<li>Z8<\/li>\n<li>Z6<\/li>\n<li>J6 \/ J600<\/li>\n<li>S8 \/ S80<\/li>\n<li>E8 \/ E80 \/ E800<\/li>\n<li>E6 \/ E60 \/ E600<\/li>\n<li>D6 \/ D60 \/ D600<\/li>\n<li>ENA 8<\/li>\n<li>WE 6<\/li>\n<li>WE 8<\/li>\n<\/ul>","protected":false},"featured_media":78,"template":"","meta":{"inline_featured_image":false},"product_brand":[],"product_cat":[17,16],"product_tag":[18,19],"class_list":{"0":"post-24","1":"product","2":"type-product","3":"status-publish","4":"has-post-thumbnail","6":"product_cat-filterpatrone","7":"product_cat-pflegeprodukte","8":"product_tag-filterpatrone","9":"product_tag-pflegeprodukte","11":"first","12":"instock","13":"taxable","14":"shipping-taxable","15":"purchasable","16":"product-type-simple"},"aioseo_notices":[],"_links":{"self":[{"href":"https:\/\/kaffeecenter.ch\/it\/wp-json\/wp\/v2\/product\/24","targetHints":{"allow":["GET"]}}],"collection":[{"href":"https:\/\/kaffeecenter.ch\/it\/wp-json\/wp\/v2\/product"}],"about":[{"href":"https:\/\/kaffeecenter.ch\/it\/wp-json\/wp\/v2\/types\/product"}],"wp:featuredmedia":[{"embeddable":true,"href":"https:\/\/kaffeecenter.ch\/it\/wp-json\/wp\/v2\/media\/78"}],"wp:attachment":[{"href":"https:\/\/kaffeecenter.ch\/it\/wp-json\/wp\/v2\/media?parent=24"}],"wp:term":[{"taxonomy":"product_brand","embeddable":true,"href":"https:\/\/kaffeecenter.ch\/it\/wp-json\/wp\/v2\/product_brand?post=24"},{"taxonomy":"product_cat","embeddable":true,"href":"https:\/\/kaffeecenter.ch\/it\/wp-json\/wp\/v2\/product_cat?post=24"},{"taxonomy":"product_tag","embeddable":true,"href":"https:\/\/kaffeecenter.ch\/it\/wp-json\/wp\/v2\/product_tag?post=24"}],"curies":[{"name":"wp","href":"https:\/\/api.w.org\/{rel}","templated":true}]}}