{"id":23,"date":"2021-01-28T14:35:19","date_gmt":"2021-01-28T14:35:19","guid":{"rendered":"https:\/\/kaffeecenter.ch\/product\/import-placeholder-for-1343\/"},"modified":"2025-01-14T09:10:20","modified_gmt":"2025-01-14T08:10:20","slug":"1000g-kaffeebohnen-hausmischung","status":"publish","type":"product","link":"https:\/\/kaffeecenter.ch\/it\/prodotto\/1000g-kaffeebohnen-hausmischung\/","title":{"rendered":"1000 g di caff\u00e8 in grani miscela della casa"},"content":{"rendered":"","protected":false},"excerpt":{"rendered":"<p>Il nostro consiglio della casa<\/p>\n<p>Godetevi una tazza di caff\u00e8 preparato con la nostra miscela della casa. Grazie alla speciale composizione di chicchi di caff\u00e8 appositamente selezionati, il vostro palato sar\u00e0 avvolto da un aroma sensuale quando assaggerete la nostra miscela della casa, per il massimo del piacere del caff\u00e8.<\/p>\n<p>Con la nostra miscela non ci sono limiti. Lasciatevi convincere dalla variet\u00e0 di miscele, sia come caff\u00e8, espresso o latte macchiato.<\/p>","protected":false},"featured_media":70,"template":"","meta":{"inline_featured_image":false},"product_brand":[],"product_cat":[27,26],"product_tag":[28],"class_list":{"0":"post-23","1":"product","2":"type-product","3":"status-publish","4":"has-post-thumbnail","6":"product_cat-hausmischung","7":"product_cat-kaffeebohnen","8":"product_tag-kaffeebohnen","10":"first","11":"instock","12":"taxable","13":"shipping-taxable","14":"purchasable","15":"product-type-simple"},"aioseo_notices":[],"_links":{"self":[{"href":"https:\/\/kaffeecenter.ch\/it\/wp-json\/wp\/v2\/product\/23","targetHints":{"allow":["GET"]}}],"collection":[{"href":"https:\/\/kaffeecenter.ch\/it\/wp-json\/wp\/v2\/product"}],"about":[{"href":"https:\/\/kaffeecenter.ch\/it\/wp-json\/wp\/v2\/types\/product"}],"wp:featuredmedia":[{"embeddable":true,"href":"https:\/\/kaffeecenter.ch\/it\/wp-json\/wp\/v2\/media\/70"}],"wp:attachment":[{"href":"https:\/\/kaffeecenter.ch\/it\/wp-json\/wp\/v2\/media?parent=23"}],"wp:term":[{"taxonomy":"product_brand","embeddable":true,"href":"https:\/\/kaffeecenter.ch\/it\/wp-json\/wp\/v2\/product_brand?post=23"},{"taxonomy":"product_cat","embeddable":true,"href":"https:\/\/kaffeecenter.ch\/it\/wp-json\/wp\/v2\/product_cat?post=23"},{"taxonomy":"product_tag","embeddable":true,"href":"https:\/\/kaffeecenter.ch\/it\/wp-json\/wp\/v2\/product_tag?post=23"}],"curies":[{"name":"wp","href":"https:\/\/api.w.org\/{rel}","templated":true}]}}