{"id":209,"date":"2021-01-28T14:44:17","date_gmt":"2021-01-28T13:44:17","guid":{"rendered":"https:\/\/kaffeecenter.ch\/product\/import-placeholder-for-4616\/"},"modified":"2024-02-14T23:23:51","modified_gmt":"2024-02-14T22:23:51","slug":"jura-profi-feinschaumduese-g2","status":"publish","type":"product","link":"https:\/\/kaffeecenter.ch\/it\/prodotto\/jura-profi-feinschaumduese-g2\/","title":{"rendered":"Schiumatore professionale Jura G2"},"content":{"rendered":"","protected":false},"excerpt":{"rendered":"<p>Realizzato con materiali di altissima qualit\u00e0 ed esemplare per la sensazione e l'aspetto migliori, il nuovo schiumatore professionale a schiuma fine si presenta<sup>G2<\/sup>. Sviluppata appositamente per la preparazione di specialit\u00e0 di caff\u00e8 con latte e schiuma di latte, produce latte macchiato &amp; co. con la migliore qualit\u00e0 di schiuma fine ogni volta e convince per la sua filosofia di funzionamento particolarmente intuitiva.<\/p>\n<p>Compatibile con:<\/p>\n<p>E800 (2018 e seguenti) \/ S8 \/ S80 \/ S808 \/ WE8 (2019 e seguenti) \/ E8 SA \/ S8 SA<\/p>","protected":false},"featured_media":285,"template":"","meta":{"inline_featured_image":false},"product_brand":[],"product_cat":[46,33],"product_tag":[47,35],"class_list":{"0":"post-209","1":"product","2":"type-product","3":"status-publish","4":"has-post-thumbnail","6":"product_cat-duesen","7":"product_cat-zubehoer","8":"product_tag-duesen","9":"product_tag-zubehoer","11":"first","12":"instock","13":"taxable","14":"shipping-taxable","15":"purchasable","16":"product-type-simple"},"aioseo_notices":[],"_links":{"self":[{"href":"https:\/\/kaffeecenter.ch\/it\/wp-json\/wp\/v2\/product\/209","targetHints":{"allow":["GET"]}}],"collection":[{"href":"https:\/\/kaffeecenter.ch\/it\/wp-json\/wp\/v2\/product"}],"about":[{"href":"https:\/\/kaffeecenter.ch\/it\/wp-json\/wp\/v2\/types\/product"}],"wp:featuredmedia":[{"embeddable":true,"href":"https:\/\/kaffeecenter.ch\/it\/wp-json\/wp\/v2\/media\/285"}],"wp:attachment":[{"href":"https:\/\/kaffeecenter.ch\/it\/wp-json\/wp\/v2\/media?parent=209"}],"wp:term":[{"taxonomy":"product_brand","embeddable":true,"href":"https:\/\/kaffeecenter.ch\/it\/wp-json\/wp\/v2\/product_brand?post=209"},{"taxonomy":"product_cat","embeddable":true,"href":"https:\/\/kaffeecenter.ch\/it\/wp-json\/wp\/v2\/product_cat?post=209"},{"taxonomy":"product_tag","embeddable":true,"href":"https:\/\/kaffeecenter.ch\/it\/wp-json\/wp\/v2\/product_tag?post=209"}],"curies":[{"name":"wp","href":"https:\/\/api.w.org\/{rel}","templated":true}]}}