{"id":208,"date":"2021-01-28T14:44:17","date_gmt":"2021-01-28T13:44:17","guid":{"rendered":"https:\/\/kaffeecenter.ch\/product\/import-placeholder-for-3961\/"},"modified":"2024-02-12T14:43:35","modified_gmt":"2024-02-12T13:43:35","slug":"2-filterpatronen-claris-pro-smart-maxi","status":"publish","type":"product","link":"https:\/\/kaffeecenter.ch\/it\/prodotto\/2-filterpatronen-claris-pro-smart-maxi\/","title":{"rendered":"CLARIS Pro Smart maxi (2 filtri)"},"content":{"rendered":"","protected":false},"excerpt":{"rendered":"<p><strong>Il filtro dell'acqua intelligente<br \/>\n<\/strong>Il caff\u00e8 \u00e8 composto da 98 % di acqua. La sua perfetta qualit\u00e0 \u00e8 quindi essenziale per un risultato perfetto del caff\u00e8. CLARIS Pro Smart maxi blocca il calcare, il cloro e i metalli pesanti. Utilizza il principio professionale del flusso ascendente e filtra sempre l'esatta quantit\u00e0 d'acqua necessaria per la preparazione.<\/p>\n<p>Grazie a I.W.S.<sup>\u00ae<\/sup> (Intelligent Water System) e la tecnologia RFID (Radio-frequency Identification), la macchina completamente automatica comunica con il filtro e segnala quando la capacit\u00e0 \u00e8 esaurita. In questo modo la sostituzione del filtro \u00e8 pi\u00f9 semplice che mai.<\/p>\n<p><strong>Vantaggi di CLARIS Pro Smart maxi<br \/>\n<\/strong>Se usato correttamente, CLARIS rende del tutto superflua la decalcificazione. Questo aumenta la praticit\u00e0 e fa risparmiare tempo prezioso. \u00c8 dimostrato che tubi puliti, elementi riscaldanti e una pompa priva di depositi di calcare prolungano la vita della macchina completamente automatica e contribuiscono a mantenerne il valore.<\/p>\n<p>Solo le cartucce filtro originali CLARIS si adattano esattamente alle macchine da caff\u00e8 automatiche JURA in termini di composizione e comportamento del flusso. Pertanto, quando acquistate i filtri, cercate sempre il marchio di qualit\u00e0 JURA. Ne vale la pena.<\/p>\n<p>* CLARIS Pro Smart maxi \u00e8 stato sviluppato per le seguenti macchine completamente automatiche con sistema idrico intelligente (I.W.S.).<sup>\u00ae<\/sup>) sviluppati: GIGA X8, GIGA X3, X10, X8, X6<\/p>","protected":false},"featured_media":281,"template":"","meta":{"inline_featured_image":false},"product_brand":[],"product_cat":[17,16],"product_tag":[18,19],"class_list":{"0":"post-208","1":"product","2":"type-product","3":"status-publish","4":"has-post-thumbnail","6":"product_cat-filterpatrone","7":"product_cat-pflegeprodukte","8":"product_tag-filterpatrone","9":"product_tag-pflegeprodukte","11":"first","12":"instock","13":"taxable","14":"shipping-taxable","15":"purchasable","16":"product-type-simple"},"aioseo_notices":[],"_links":{"self":[{"href":"https:\/\/kaffeecenter.ch\/it\/wp-json\/wp\/v2\/product\/208","targetHints":{"allow":["GET"]}}],"collection":[{"href":"https:\/\/kaffeecenter.ch\/it\/wp-json\/wp\/v2\/product"}],"about":[{"href":"https:\/\/kaffeecenter.ch\/it\/wp-json\/wp\/v2\/types\/product"}],"wp:featuredmedia":[{"embeddable":true,"href":"https:\/\/kaffeecenter.ch\/it\/wp-json\/wp\/v2\/media\/281"}],"wp:attachment":[{"href":"https:\/\/kaffeecenter.ch\/it\/wp-json\/wp\/v2\/media?parent=208"}],"wp:term":[{"taxonomy":"product_brand","embeddable":true,"href":"https:\/\/kaffeecenter.ch\/it\/wp-json\/wp\/v2\/product_brand?post=208"},{"taxonomy":"product_cat","embeddable":true,"href":"https:\/\/kaffeecenter.ch\/it\/wp-json\/wp\/v2\/product_cat?post=208"},{"taxonomy":"product_tag","embeddable":true,"href":"https:\/\/kaffeecenter.ch\/it\/wp-json\/wp\/v2\/product_tag?post=208"}],"curies":[{"name":"wp","href":"https:\/\/api.w.org\/{rel}","templated":true}]}}