{"id":205,"date":"2021-01-28T14:44:16","date_gmt":"2021-01-28T13:44:16","guid":{"rendered":"https:\/\/kaffeecenter.ch\/product\/import-placeholder-for-3147\/"},"modified":"2024-02-12T14:44:07","modified_gmt":"2024-02-12T13:44:07","slug":"filterpatrone-claris-pro-smart","status":"publish","type":"product","link":"https:\/\/kaffeecenter.ch\/it\/prodotto\/filterpatrone-claris-pro-smart\/","title":{"rendered":"CLARIS Pro Smart (4 filtri)"},"content":{"rendered":"","protected":false},"excerpt":{"rendered":"<p>Il caff\u00e8 \u00e8 composto per il 98% di acqua. Di conseguenza, la sua perfetta qualit\u00e0 \u00e8 essenziale per ottenere un risultato perfetto. Con CLARIS Pro Smart, JURA rivoluziona la filtrazione dell'acqua. Per la prima volta, una macchina completamente automatica* comunica in modo permanente con il filtro grazie alla moderna tecnologia RFID (RFID = Radio-frequency Identification). Riconosce se il filtro \u00e8 inserito e attiva automaticamente la modalit\u00e0 corrispondente. Raccoglie continuamente informazioni sull'utilizzo del filtro e segnala quando la capacit\u00e0 \u00e8 esaurita. Questo non solo rende la sostituzione del filtro pi\u00f9 semplice che mai, ma permette a CLARIS Pro Smart di massimizzare la sua efficacia.<\/p>\n<p><strong>Adatto a tutte le acque di rubinetto<\/strong><br \/>\nCLARIS Pro Smart funziona secondo il principio professionale del flusso ascendente e filtra sempre l'esatta quantit\u00e0 di acqua necessaria per la preparazione. Grazie alla formula innovativa, le cartucce filtranti sono ideali per qualsiasi acqua di rubinetto in tutto il mondo. Il granulato personalizzato filtra sempre il calcare a un livello ottimale (anche in caso di bassa durezza dell'acqua) e riduce tutte le sostanze nocive in modo pi\u00f9 efficiente che mai. I minerali e i fluoruri, che fungono da importanti vettori di aromi, vengono completamente trattenuti. La stabilizzazione ottimale del calcare e l'efficiente filtrazione delle sostanze nocive si traducono sempre in una qualit\u00e0 ottimale dell'acqua per un caff\u00e8 dal sapore perfetto.<\/p>\n<p>Se usato correttamente, CLARIS rende del tutto superflua la decalcificazione. Questo aumenta la praticit\u00e0 e fa risparmiare tempo prezioso. \u00c8 dimostrato che tubi puliti, elementi riscaldanti e una pompa priva di depositi di calcare prolungano la vita della macchina completamente automatica e contribuiscono a mantenerne il valore.<\/p>\n<p>Solo le cartucce filtro originali CLARIS si adattano esattamente alle macchine da caff\u00e8 automatiche JURA in termini di composizione e comportamento del flusso. Pertanto, quando acquistate i filtri, cercate sempre il marchio di qualit\u00e0 JURA. Ne vale la pena.<\/p>\n<p>* CLARIS Pro Smart \u00e8 stato sviluppato per le seguenti macchine completamente automatiche con sistema idrico intelligente (I.W.S.\u00ae):<\/p>\n<ul>\n<li>GIGA X8<\/li>\n<li>X8<\/li>\n<li>X6<\/li>\n<li>WE8<\/li>\n<li>WE6<\/li>\n<\/ul>","protected":false},"featured_media":14925,"template":"","meta":{"inline_featured_image":false},"product_brand":[],"product_cat":[17,16],"product_tag":[18,19],"class_list":{"0":"post-205","1":"product","2":"type-product","3":"status-publish","4":"has-post-thumbnail","6":"product_cat-filterpatrone","7":"product_cat-pflegeprodukte","8":"product_tag-filterpatrone","9":"product_tag-pflegeprodukte","11":"first","12":"instock","13":"taxable","14":"shipping-taxable","15":"purchasable","16":"product-type-simple"},"aioseo_notices":[],"_links":{"self":[{"href":"https:\/\/kaffeecenter.ch\/it\/wp-json\/wp\/v2\/product\/205","targetHints":{"allow":["GET"]}}],"collection":[{"href":"https:\/\/kaffeecenter.ch\/it\/wp-json\/wp\/v2\/product"}],"about":[{"href":"https:\/\/kaffeecenter.ch\/it\/wp-json\/wp\/v2\/types\/product"}],"wp:featuredmedia":[{"embeddable":true,"href":"https:\/\/kaffeecenter.ch\/it\/wp-json\/wp\/v2\/media\/14925"}],"wp:attachment":[{"href":"https:\/\/kaffeecenter.ch\/it\/wp-json\/wp\/v2\/media?parent=205"}],"wp:term":[{"taxonomy":"product_brand","embeddable":true,"href":"https:\/\/kaffeecenter.ch\/it\/wp-json\/wp\/v2\/product_brand?post=205"},{"taxonomy":"product_cat","embeddable":true,"href":"https:\/\/kaffeecenter.ch\/it\/wp-json\/wp\/v2\/product_cat?post=205"},{"taxonomy":"product_tag","embeddable":true,"href":"https:\/\/kaffeecenter.ch\/it\/wp-json\/wp\/v2\/product_tag?post=205"}],"curies":[{"name":"wp","href":"https:\/\/api.w.org\/{rel}","templated":true}]}}