{"id":204,"date":"2021-01-28T14:44:16","date_gmt":"2021-01-28T13:44:16","guid":{"rendered":"https:\/\/kaffeecenter.ch\/product\/import-placeholder-for-3142\/"},"modified":"2024-02-12T14:44:54","modified_gmt":"2024-02-12T13:44:54","slug":"4-filterpatronen-claris-pro-white","status":"publish","type":"product","link":"https:\/\/kaffeecenter.ch\/it\/prodotto\/4-filterpatronen-claris-pro-white\/","title":{"rendered":"CLARIS Pro Bianco (4 filtri)"},"content":{"rendered":"","protected":false},"excerpt":{"rendered":"<p>Utilizzando la cartuccia filtro CLARIS, si ottiene sempre acqua fresca filtrata e rilassante per caff\u00e8 e t\u00e8. \u00c8 stata sviluppata appositamente per le macchine da caff\u00e8 speciali completamente automatiche JURA, \u00e8 a pH neutro e viene inserita direttamente nel serbatoio dell'acqua.<\/p>\n<p>Questo vi offre tre preziosi vantaggi:<\/p>\n<ul>\n<li>Assicuratevi che l'acqua del caff\u00e8 sia appena filtrata prima di ogni erogazione.<\/li>\n<li>Acqua fresca e sapori non adulterati per il massimo piacere del palato.<\/li>\n<li>Protezione a vita per il vostro apparecchio (non \u00e8 pi\u00f9 necessaria la decalcificazione).<\/li>\n<\/ul>\n<p>CLARIS di JURA \u00e8 resistente al calcare, ma delicato per la macchina da caff\u00e8.<br \/>\nFunzionando secondo il principio professionale del flusso ascendente, CLARIS Pro White \u00e8 caratterizzato da una capacit\u00e0 filtrante notevolmente aumentata, fino a 300 litri (vedi diagramma). In questo modo si riduce il tempo necessario, perch\u00e9 i filtri devono essere sostituiti molto meno frequentemente, si risparmia denaro e si mantiene la stessa qualit\u00e0 del filtro.<\/p>\n<p><strong>Importante<\/strong><br \/>\nAffinch\u00e9 il messaggio di sostituzione del filtro non compaia, come di consueto, dopo 50 litri, \u00e8 necessario regolare le impostazioni programmabili al primo utilizzo di CLARIS Pro White. Questa operazione pu\u00f2 essere eseguita solo dai partner di assistenza autorizzati JURA.<\/p>\n<p><strong>Campo di applicazione<\/strong><br \/>\nCLARIS Pro White \u00e8 ideale per l'utilizzo in tutte le macchine da caff\u00e8 automatiche a doppio macinino JURA (IMPRESSA X9 Win, IMPRESSA X9 e IMPRESSA X7-S).<\/p>","protected":false},"featured_media":269,"template":"","meta":{"inline_featured_image":false},"product_brand":[],"product_cat":[17,16],"product_tag":[18,19],"class_list":{"0":"post-204","1":"product","2":"type-product","3":"status-publish","4":"has-post-thumbnail","6":"product_cat-filterpatrone","7":"product_cat-pflegeprodukte","8":"product_tag-filterpatrone","9":"product_tag-pflegeprodukte","11":"first","12":"instock","13":"taxable","14":"shipping-taxable","15":"purchasable","16":"product-type-simple"},"aioseo_notices":[],"_links":{"self":[{"href":"https:\/\/kaffeecenter.ch\/it\/wp-json\/wp\/v2\/product\/204","targetHints":{"allow":["GET"]}}],"collection":[{"href":"https:\/\/kaffeecenter.ch\/it\/wp-json\/wp\/v2\/product"}],"about":[{"href":"https:\/\/kaffeecenter.ch\/it\/wp-json\/wp\/v2\/types\/product"}],"wp:featuredmedia":[{"embeddable":true,"href":"https:\/\/kaffeecenter.ch\/it\/wp-json\/wp\/v2\/media\/269"}],"wp:attachment":[{"href":"https:\/\/kaffeecenter.ch\/it\/wp-json\/wp\/v2\/media?parent=204"}],"wp:term":[{"taxonomy":"product_brand","embeddable":true,"href":"https:\/\/kaffeecenter.ch\/it\/wp-json\/wp\/v2\/product_brand?post=204"},{"taxonomy":"product_cat","embeddable":true,"href":"https:\/\/kaffeecenter.ch\/it\/wp-json\/wp\/v2\/product_cat?post=204"},{"taxonomy":"product_tag","embeddable":true,"href":"https:\/\/kaffeecenter.ch\/it\/wp-json\/wp\/v2\/product_tag?post=204"}],"curies":[{"name":"wp","href":"https:\/\/api.w.org\/{rel}","templated":true}]}}