{"id":196,"date":"2021-01-28T14:43:49","date_gmt":"2021-01-28T13:43:49","guid":{"rendered":"https:\/\/kaffeecenter.ch\/product\/import-placeholder-for-3125\/"},"modified":"2021-05-11T16:09:46","modified_gmt":"2021-05-11T14:09:46","slug":"zubehoerset-fuer-milchsystem-hp-3","status":"publish","type":"product","link":"https:\/\/kaffeecenter.ch\/it\/prodotto\/zubehoerset-fuer-milchsystem-hp-3\/","title":{"rendered":"Set di accessori per il sistema del latte HP 3"},"content":{"rendered":"","protected":false},"excerpt":{"rendered":"<p>Ogni macchina completamente automatica che prepara specialit\u00e0 di caff\u00e8 con latte \u00e8 dotata del set di accessori per sistemi di latte. In caso di utilizzo normale, questo deve essere sostituito ogni tre mesi.<\/p>\n<p>Ogni set \u00e8 composto da tubi per il latte, parti di collegamento e ugelli di aspirazione. I tubi del latte possono essere tagliati su misura individualmente.<\/p>\n<p>A seconda del sistema del latte HP1, HP2 o HP3, \u00e8 necessario utilizzare un set di accessori diverso.<\/p>\n<p><strong>Qui potete scoprire se questo set di accessori \u00e8 adatto alla vostra macchina completamente automatica:<\/strong><\/p>\n<p>Compatibile con:<\/p>\n<ul>\n<li>Z8<\/li>\n<li>Z6<\/li>\n<li>J6 \/ J60 \/ J600<\/li>\n<li>S8 \/ S80<\/li>\n<li>E800<\/li>\n<li>GIGA X8c<sup>G2<\/sup>\u00a0\/ X8<sup>G2<\/sup><\/li>\n<li>X8<\/li>\n<\/ul>\n<p>La vostra macchina completamente automatica non \u00e8 presente nell'elenco? Date un'occhiata ai seguenti prodotti per vedere se il vostro apparecchio \u00e8 incluso:<br \/>\n<a href=\"https:\/\/kaffeecenter.ch\/it\/shop\/zubehoerset-fuer-milchsystem-hp-1\/\">Set di accessori per il sistema del latte HP 1<\/a><br \/>\n<a href=\"https:\/\/kaffeecenter.ch\/it\/shop\/zubehoerset-fuer-milchsystem-hp-2\/\">Set di accessori per il sistema del latte HP 2<\/a><\/p>","protected":false},"featured_media":267,"template":"","meta":{"inline_featured_image":false},"product_brand":[],"product_cat":[62,33],"product_tag":[63,35],"class_list":{"0":"post-196","1":"product","2":"type-product","3":"status-publish","4":"has-post-thumbnail","6":"product_cat-milchschlaeuche","7":"product_cat-zubehoer","8":"product_tag-milchschlaeuche","9":"product_tag-zubehoer","11":"first","12":"instock","13":"taxable","14":"shipping-taxable","15":"purchasable","16":"product-type-simple"},"aioseo_notices":[],"_links":{"self":[{"href":"https:\/\/kaffeecenter.ch\/it\/wp-json\/wp\/v2\/product\/196","targetHints":{"allow":["GET"]}}],"collection":[{"href":"https:\/\/kaffeecenter.ch\/it\/wp-json\/wp\/v2\/product"}],"about":[{"href":"https:\/\/kaffeecenter.ch\/it\/wp-json\/wp\/v2\/types\/product"}],"wp:featuredmedia":[{"embeddable":true,"href":"https:\/\/kaffeecenter.ch\/it\/wp-json\/wp\/v2\/media\/267"}],"wp:attachment":[{"href":"https:\/\/kaffeecenter.ch\/it\/wp-json\/wp\/v2\/media?parent=196"}],"wp:term":[{"taxonomy":"product_brand","embeddable":true,"href":"https:\/\/kaffeecenter.ch\/it\/wp-json\/wp\/v2\/product_brand?post=196"},{"taxonomy":"product_cat","embeddable":true,"href":"https:\/\/kaffeecenter.ch\/it\/wp-json\/wp\/v2\/product_cat?post=196"},{"taxonomy":"product_tag","embeddable":true,"href":"https:\/\/kaffeecenter.ch\/it\/wp-json\/wp\/v2\/product_tag?post=196"}],"curies":[{"name":"wp","href":"https:\/\/api.w.org\/{rel}","templated":true}]}}