{"id":19,"date":"2021-01-28T14:35:19","date_gmt":"2021-01-28T13:35:19","guid":{"rendered":"https:\/\/kaffeecenter.ch\/product\/import-placeholder-for-1332\/"},"modified":"2024-02-12T14:47:19","modified_gmt":"2024-02-12T13:47:19","slug":"filterpatrone-claris-pro-blue","status":"publish","type":"product","link":"https:\/\/kaffeecenter.ch\/it\/prodotto\/filterpatrone-claris-pro-blue\/","title":{"rendered":"CLARIS Pro Blue (4 filtri)"},"content":{"rendered":"","protected":false},"excerpt":{"rendered":"<p>Il caff\u00e8 \u00e8 composto 98% da acqua. Migliore \u00e8 la qualit\u00e0, pi\u00f9 puro \u00e8 il sapore. CLARIS filtra l'acqua in modo affidabile. Ci\u00f2 che rimane \u00e8 l'ingrediente ottimale per un caff\u00e8 perfetto: acqua pura per un piacere puro.<\/p>\n<p>La nuova formula protettiva \u00e8 stata sviluppata appositamente per le moderne macchine completamente automatiche con funzione cappuccino one-touch. Contiene una sostanza minerale che stabilizza il carbonato di calcio. Di conseguenza, non si deposita nel sistema di fluidi anche in caso di uso frequente del vapore. In questo modo si evita attivamente l'intasamento dei tubi.<\/p>\n<p>Ma CLARIS pu\u00f2 fare molto di pi\u00f9: oltre al calcare, filtra anche molte altre sostanze che influiscono sul sapore e sull'odore dell'acqua. Tuttavia, i minerali e i fluoruri importanti per la salute vengono mantenuti.<\/p>\n<p><strong>Adatto a tutte le acque di rubinetto<\/strong><br \/>\nCLARIS Pro Blue funziona secondo il principio professionale del flusso ascendente e filtra sempre l'esatta quantit\u00e0 di acqua necessaria per la preparazione. Grazie alla formula innovativa, le cartucce filtranti sono ideali per qualsiasi acqua di rubinetto in tutto il mondo. Il granulato personalizzato filtra sempre il calcare a un livello ottimale (anche in caso di bassa durezza dell'acqua) e riduce tutte le sostanze nocive in modo pi\u00f9 efficiente che mai. I minerali e i fluoruri, che fungono da importanti vettori di aromi, vengono completamente trattenuti. La stabilizzazione ottimale del calcare e l'efficiente filtrazione delle sostanze nocive si traducono sempre in una qualit\u00e0 ottimale dell'acqua per un caff\u00e8 dal sapore perfetto.<\/p>\n<p>Se usato correttamente, CLARIS rende del tutto superflua la decalcificazione. Questo aumenta la praticit\u00e0 e fa risparmiare tempo prezioso. \u00c8 dimostrato che tubi puliti, elementi riscaldanti e una pompa priva di depositi di calcare prolungano la vita della macchina completamente automatica e contribuiscono a mantenerne il valore.<\/p>\n<p>Solo le cartucce filtro originali CLARIS si adattano esattamente alle macchine da caff\u00e8 automatiche JURA in termini di composizione e comportamento del flusso. Pertanto, quando acquistate i filtri, cercate sempre il marchio di qualit\u00e0 JURA. Ne vale la pena.<\/p>","protected":false},"featured_media":62,"template":"","meta":{"inline_featured_image":false},"product_brand":[],"product_cat":[17,16],"product_tag":[18,19],"class_list":{"0":"post-19","1":"product","2":"type-product","3":"status-publish","4":"has-post-thumbnail","6":"product_cat-filterpatrone","7":"product_cat-pflegeprodukte","8":"product_tag-filterpatrone","9":"product_tag-pflegeprodukte","11":"first","12":"instock","13":"taxable","14":"shipping-taxable","15":"purchasable","16":"product-type-simple"},"aioseo_notices":[],"_links":{"self":[{"href":"https:\/\/kaffeecenter.ch\/it\/wp-json\/wp\/v2\/product\/19","targetHints":{"allow":["GET"]}}],"collection":[{"href":"https:\/\/kaffeecenter.ch\/it\/wp-json\/wp\/v2\/product"}],"about":[{"href":"https:\/\/kaffeecenter.ch\/it\/wp-json\/wp\/v2\/types\/product"}],"wp:featuredmedia":[{"embeddable":true,"href":"https:\/\/kaffeecenter.ch\/it\/wp-json\/wp\/v2\/media\/62"}],"wp:attachment":[{"href":"https:\/\/kaffeecenter.ch\/it\/wp-json\/wp\/v2\/media?parent=19"}],"wp:term":[{"taxonomy":"product_brand","embeddable":true,"href":"https:\/\/kaffeecenter.ch\/it\/wp-json\/wp\/v2\/product_brand?post=19"},{"taxonomy":"product_cat","embeddable":true,"href":"https:\/\/kaffeecenter.ch\/it\/wp-json\/wp\/v2\/product_cat?post=19"},{"taxonomy":"product_tag","embeddable":true,"href":"https:\/\/kaffeecenter.ch\/it\/wp-json\/wp\/v2\/product_tag?post=19"}],"curies":[{"name":"wp","href":"https:\/\/api.w.org\/{rel}","templated":true}]}}