{"id":16,"date":"2021-01-28T14:35:18","date_gmt":"2021-01-28T13:35:18","guid":{"rendered":"https:\/\/kaffeecenter.ch\/product\/import-placeholder-for-1321\/"},"modified":"2024-02-12T14:46:04","modified_gmt":"2024-02-12T13:46:04","slug":"filterpatrone-claris-white","status":"publish","type":"product","link":"https:\/\/kaffeecenter.ch\/it\/prodotto\/filterpatrone-claris-white\/","title":{"rendered":"CLARIS Bianco (1 filtro)"},"content":{"rendered":"","protected":false},"excerpt":{"rendered":"<p>Chiunque abbia mai bevuto acqua fresca di sorgente sa che pu\u00f2 esserci una grande differenza tra l'elisir di lunga vita naturale e l'acqua trattata del rubinetto. Utilizzando la cartuccia filtrante CLARIS, si ottiene sempre acqua fresca filtrata e rilassante per il caff\u00e8 e il t\u00e8.<\/p>\n<p><strong>Adatto a tutte le acque di rubinetto<\/strong><br \/>\nCLARIS White funziona secondo il principio professionale del flusso ascendente e filtra sempre esattamente la quantit\u00e0 di acqua necessaria per la preparazione. Grazie alla formula innovativa, le cartucce filtranti sono ideali per qualsiasi acqua di rubinetto in tutto il mondo. Il granulato personalizzato filtra sempre il calcare in modo ottimale (anche in caso di bassa durezza dell'acqua) e riduce tutte le sostanze nocive in modo pi\u00f9 efficiente che mai. I minerali e i fluoruri, che fungono da importanti vettori di aromi, vengono completamente trattenuti. La stabilizzazione ottimale del calcare e l'efficiente filtrazione delle sostanze nocive si traducono sempre in una qualit\u00e0 ottimale dell'acqua per un caff\u00e8 dal sapore perfetto.<\/p>\n<p>Se usato correttamente, CLARIS rende del tutto superflua la decalcificazione. Questo aumenta la praticit\u00e0 e fa risparmiare tempo prezioso. \u00c8 dimostrato che tubi puliti, elementi riscaldanti e una pompa priva di depositi di calcare prolungano la vita della macchina completamente automatica e contribuiscono a mantenerne il valore.<\/p>\n<p>Solo le cartucce filtro originali CLARIS si adattano esattamente alle macchine da caff\u00e8 automatiche JURA in termini di composizione e comportamento del flusso. Pertanto, quando acquistate i filtri, cercate sempre il marchio di qualit\u00e0 JURA. Ne vale la pena.<\/p>\n<p>\u00c8 stato sviluppato appositamente per le macchine da caff\u00e8 speciali completamente automatiche JURA, \u00e8 neutro rispetto al caff\u00e8 e viene inserito direttamente nel serbatoio dell'acqua.<\/p>\n<p>La cartuccia filtro CLARIS White pu\u00f2 essere utilizzata in tutte le macchine da caff\u00e8 completamente automatiche JURA con un portafiltro nero nel serbatoio dell'acqua.<\/p>","protected":false},"featured_media":51,"template":"","meta":{"inline_featured_image":false},"product_brand":[],"product_cat":[17,16],"product_tag":[18,19],"class_list":{"0":"post-16","1":"product","2":"type-product","3":"status-publish","4":"has-post-thumbnail","6":"product_cat-filterpatrone","7":"product_cat-pflegeprodukte","8":"product_tag-filterpatrone","9":"product_tag-pflegeprodukte","11":"first","12":"instock","13":"taxable","14":"shipping-taxable","15":"purchasable","16":"product-type-simple"},"aioseo_notices":[],"_links":{"self":[{"href":"https:\/\/kaffeecenter.ch\/it\/wp-json\/wp\/v2\/product\/16","targetHints":{"allow":["GET"]}}],"collection":[{"href":"https:\/\/kaffeecenter.ch\/it\/wp-json\/wp\/v2\/product"}],"about":[{"href":"https:\/\/kaffeecenter.ch\/it\/wp-json\/wp\/v2\/types\/product"}],"wp:featuredmedia":[{"embeddable":true,"href":"https:\/\/kaffeecenter.ch\/it\/wp-json\/wp\/v2\/media\/51"}],"wp:attachment":[{"href":"https:\/\/kaffeecenter.ch\/it\/wp-json\/wp\/v2\/media?parent=16"}],"wp:term":[{"taxonomy":"product_brand","embeddable":true,"href":"https:\/\/kaffeecenter.ch\/it\/wp-json\/wp\/v2\/product_brand?post=16"},{"taxonomy":"product_cat","embeddable":true,"href":"https:\/\/kaffeecenter.ch\/it\/wp-json\/wp\/v2\/product_cat?post=16"},{"taxonomy":"product_tag","embeddable":true,"href":"https:\/\/kaffeecenter.ch\/it\/wp-json\/wp\/v2\/product_tag?post=16"}],"curies":[{"name":"wp","href":"https:\/\/api.w.org\/{rel}","templated":true}]}}