{"id":14531,"date":"2021-10-19T10:21:26","date_gmt":"2021-10-19T08:21:26","guid":{"rendered":"https:\/\/kaffeecenter.ch\/?post_type=product&#038;p=14531"},"modified":"2021-11-04T16:24:12","modified_gmt":"2021-11-04T15:24:12","slug":"care-kit","status":"publish","type":"product","link":"https:\/\/kaffeecenter.ch\/it\/prodotto\/care-kit\/","title":{"rendered":"Kit di cura"},"content":{"rendered":"","protected":false},"excerpt":{"rendered":"<div class=\"mod_pagetitle page-inner load-hidden\" data-init=\"pagetitle\" data-animate=\"basic\" data-sr-id=\"2\">\n<div class=\"block-title\">\n<div class=\"page-info\">\n<p>Per garantire che la qualit\u00e0 del caff\u00e8 rimanga sempre ai massimi livelli, la cura della macchina completamente automatica e l'igiene nel maneggiare latte e acqua sono fondamentali. Una cura adeguata svolge quindi un ruolo molto importante. La cura non solo prolunga la durata della macchina da caff\u00e8 completamente automatica, ma protegge anche la macchina da caff\u00e8. Utilizzando i prodotti per la cura in dotazione, sarete in grado di mantenere e pulire la vostra macchina da caff\u00e8 completamente automatica per mesi. Cos\u00ec potrete continuare a gustare il miglior caff\u00e8, espresso, cappuccino, latte macchiato o altre specialit\u00e0 di caff\u00e8. Il nuovo Care Kit contiene tutti i prodotti pi\u00f9 importanti per la manutenzione. Il Care Kit contiene 3 cartucce filtro CLARIS Smart, 1 detergente per il sistema del latte Mini Tabs, 6 pastiglie di pulizia e 2 tubi del latte. Con il nuovo Care Kit non solo si risparmia denaro, ma anche spazio per riporre la scatola del Care Kit, che con la sua forma pratica si adatta a qualsiasi armadio della cucina.<\/p>\n<\/div>\n<\/div>\n<\/div>","protected":false},"featured_media":14532,"template":"","meta":{"inline_featured_image":false},"product_brand":[],"product_cat":[129,16],"product_tag":[30,19],"class_list":{"0":"post-14531","1":"product","2":"type-product","3":"status-publish","4":"has-post-thumbnail","6":"product_cat-jura-care-kits","7":"product_cat-pflegeprodukte","8":"product_tag-jura-care-kits","9":"product_tag-pflegeprodukte","11":"first","12":"instock","13":"taxable","14":"shipping-taxable","15":"purchasable","16":"product-type-simple"},"aioseo_notices":[],"_links":{"self":[{"href":"https:\/\/kaffeecenter.ch\/it\/wp-json\/wp\/v2\/product\/14531","targetHints":{"allow":["GET"]}}],"collection":[{"href":"https:\/\/kaffeecenter.ch\/it\/wp-json\/wp\/v2\/product"}],"about":[{"href":"https:\/\/kaffeecenter.ch\/it\/wp-json\/wp\/v2\/types\/product"}],"wp:featuredmedia":[{"embeddable":true,"href":"https:\/\/kaffeecenter.ch\/it\/wp-json\/wp\/v2\/media\/14532"}],"wp:attachment":[{"href":"https:\/\/kaffeecenter.ch\/it\/wp-json\/wp\/v2\/media?parent=14531"}],"wp:term":[{"taxonomy":"product_brand","embeddable":true,"href":"https:\/\/kaffeecenter.ch\/it\/wp-json\/wp\/v2\/product_brand?post=14531"},{"taxonomy":"product_cat","embeddable":true,"href":"https:\/\/kaffeecenter.ch\/it\/wp-json\/wp\/v2\/product_cat?post=14531"},{"taxonomy":"product_tag","embeddable":true,"href":"https:\/\/kaffeecenter.ch\/it\/wp-json\/wp\/v2\/product_tag?post=14531"}],"curies":[{"name":"wp","href":"https:\/\/api.w.org\/{rel}","templated":true}]}}