{"id":14520,"date":"2021-10-19T09:25:09","date_gmt":"2021-10-19T07:25:09","guid":{"rendered":"https:\/\/kaffeecenter.ch\/?post_type=product&#038;p=14520"},"modified":"2024-02-12T15:09:37","modified_gmt":"2024-02-12T14:09:37","slug":"3-phasen-reinigungstabletten","status":"publish","type":"product","link":"https:\/\/kaffeecenter.ch\/it\/prodotto\/3-phasen-reinigungstabletten\/","title":{"rendered":"Pastiglie di pulizia trifase - confezione da 6"},"content":{"rendered":"","protected":false},"excerpt":{"rendered":"<p>La cura ottimale della macchina automatica e la gestione igienica di latte, caff\u00e8 e acqua sono fondamentali per ottenere una qualit\u00e0 del caff\u00e8 sempre perfetta. Per una cura senza complicazioni, ogni macchina completamente automatica JURA \u00e8 dotata di un'unit\u00e0 di erogazione che non richiede manutenzione e che si pulisce da sola premendo un pulsante. Le pastiglie di pulizia originali JURA, testate milioni di volte, vengono costantemente ottimizzate e sviluppate dal nostro team di laboratorio. La nuova tavoletta detergente trifasica, risultato innovativo di un'intensa attivit\u00e0 di ricerca, offre ora risultati ancora migliori grazie a una fase protettiva aggiuntiva che assicura alla vostra macchina completamente automatica una protezione duratura contro i depositi minerali. L'applicazione rimane semplice come sempre.<\/p>","protected":false},"featured_media":14521,"template":"","meta":{"inline_featured_image":false},"product_brand":[],"product_cat":[16,20],"product_tag":[19,21],"class_list":{"0":"post-14520","1":"product","2":"type-product","3":"status-publish","4":"has-post-thumbnail","6":"product_cat-pflegeprodukte","7":"product_cat-reinigungstabletten","8":"product_tag-pflegeprodukte","9":"product_tag-reinigungstabletten","11":"first","12":"instock","13":"taxable","14":"shipping-taxable","15":"purchasable","16":"product-type-simple"},"aioseo_notices":[],"_links":{"self":[{"href":"https:\/\/kaffeecenter.ch\/it\/wp-json\/wp\/v2\/product\/14520","targetHints":{"allow":["GET"]}}],"collection":[{"href":"https:\/\/kaffeecenter.ch\/it\/wp-json\/wp\/v2\/product"}],"about":[{"href":"https:\/\/kaffeecenter.ch\/it\/wp-json\/wp\/v2\/types\/product"}],"wp:featuredmedia":[{"embeddable":true,"href":"https:\/\/kaffeecenter.ch\/it\/wp-json\/wp\/v2\/media\/14521"}],"wp:attachment":[{"href":"https:\/\/kaffeecenter.ch\/it\/wp-json\/wp\/v2\/media?parent=14520"}],"wp:term":[{"taxonomy":"product_brand","embeddable":true,"href":"https:\/\/kaffeecenter.ch\/it\/wp-json\/wp\/v2\/product_brand?post=14520"},{"taxonomy":"product_cat","embeddable":true,"href":"https:\/\/kaffeecenter.ch\/it\/wp-json\/wp\/v2\/product_cat?post=14520"},{"taxonomy":"product_tag","embeddable":true,"href":"https:\/\/kaffeecenter.ch\/it\/wp-json\/wp\/v2\/product_tag?post=14520"}],"curies":[{"name":"wp","href":"https:\/\/api.w.org\/{rel}","templated":true}]}}