{"id":14396,"date":"2021-05-11T16:19:48","date_gmt":"2021-05-11T14:19:48","guid":{"rendered":"https:\/\/kaffeecenter.ch\/?post_type=product&#038;p=14396"},"modified":"2022-01-12T12:45:09","modified_gmt":"2022-01-12T11:45:09","slug":"kaffeesatzabwurf-restwasserablauf-set-fuer-giga-x-linie","status":"publish","type":"product","link":"https:\/\/kaffeecenter.ch\/it\/prodotto\/kaffeesatzabwurf-restwasserablauf-set-fuer-giga-x-linie\/","title":{"rendered":"Set per lo smaltimento dei fondi di caff\u00e8\/scarico dell'acqua residua per la linea GIGA-X"},"content":{"rendered":"","protected":false},"excerpt":{"rendered":"<p>Quando \u00e8 necessario un piacere ininterrotto del caff\u00e8, si consiglia l'uso del pratico set di scarico dei fondi di caff\u00e8 per la GIGA X8cG2\/X8G2 e la GIGA X3cG2\/X3G2. Non \u00e8 pi\u00f9 necessario svuotare la vaschetta dell'acqua residua e il contenitore dei fondi di caff\u00e8 durante l'uso quotidiano. Grazie allo speciale design del contenitore dei fondi di caff\u00e8 e della vaschetta dell'acqua residua, i fondi di caff\u00e8 e l'acqua residua vengono convogliati attraverso la piastra di base e raccolti in un apposito contenitore. I fori necessari per il piano del tavolo o della cucina non sono compresi nell'ambito del servizio. Per le istruzioni sulla realizzazione dei fori per il set di smaltimento dei fondi di caff\u00e8\/scarico dell'acqua residua, consultare la documentazione tecnica della macchina completamente automatica. La successiva trasformazione tecnica pu\u00f2 essere eseguita rapidamente da un partner autorizzato JURA.<\/p>","protected":false},"featured_media":14397,"template":"","meta":{"inline_featured_image":false},"product_brand":[],"product_cat":[33],"product_tag":[35],"class_list":{"0":"post-14396","1":"product","2":"type-product","3":"status-publish","4":"has-post-thumbnail","6":"product_cat-zubehoer","7":"product_tag-zubehoer","9":"first","10":"instock","11":"taxable","12":"shipping-taxable","13":"purchasable","14":"product-type-simple"},"aioseo_notices":[],"_links":{"self":[{"href":"https:\/\/kaffeecenter.ch\/it\/wp-json\/wp\/v2\/product\/14396","targetHints":{"allow":["GET"]}}],"collection":[{"href":"https:\/\/kaffeecenter.ch\/it\/wp-json\/wp\/v2\/product"}],"about":[{"href":"https:\/\/kaffeecenter.ch\/it\/wp-json\/wp\/v2\/types\/product"}],"wp:featuredmedia":[{"embeddable":true,"href":"https:\/\/kaffeecenter.ch\/it\/wp-json\/wp\/v2\/media\/14397"}],"wp:attachment":[{"href":"https:\/\/kaffeecenter.ch\/it\/wp-json\/wp\/v2\/media?parent=14396"}],"wp:term":[{"taxonomy":"product_brand","embeddable":true,"href":"https:\/\/kaffeecenter.ch\/it\/wp-json\/wp\/v2\/product_brand?post=14396"},{"taxonomy":"product_cat","embeddable":true,"href":"https:\/\/kaffeecenter.ch\/it\/wp-json\/wp\/v2\/product_cat?post=14396"},{"taxonomy":"product_tag","embeddable":true,"href":"https:\/\/kaffeecenter.ch\/it\/wp-json\/wp\/v2\/product_tag?post=14396"}],"curies":[{"name":"wp","href":"https:\/\/api.w.org\/{rel}","templated":true}]}}