{"id":14392,"date":"2021-05-11T16:13:56","date_gmt":"2021-05-11T14:13:56","guid":{"rendered":"https:\/\/kaffeecenter.ch\/?post_type=product&#038;p=14392"},"modified":"2023-12-17T08:04:15","modified_gmt":"2023-12-17T07:04:15","slug":"frischwasser-kit-x-linie","status":"publish","type":"product","link":"https:\/\/kaffeecenter.ch\/it\/prodotto\/frischwasser-kit-x-linie\/","title":{"rendered":"Kit acqua dolce X-Line"},"content":{"rendered":"","protected":false},"excerpt":{"rendered":"<p>Se ogni giorno si preparano molte specialit\u00e0 di caff\u00e8, il rifornimento del serbatoio dell'acqua \u00e8 letteralmente un problema. Per questo motivo, JURA offre il kit acqua fresca per X10, X8 e X6. Questo riempie automaticamente il serbatoio dell'acqua con acqua fresca di rubinetto quando necessario e garantisce un piacere ininterrotto del caff\u00e8. Grazie al suo design ingegnoso, il kit per l'acqua pulita pu\u00f2 essere rimosso e ricollegato anche da un profano dopo l'installazione iniziale da parte di uno specialista.<\/p>\n<p>Conveniente e salva-tempo<br \/>\nQuando si preparano 30 o pi\u00f9 specialit\u00e0 di caff\u00e8 al giorno in un luogo fisso, \u00e8 consigliabile un collegamento idrico fisso. In questo modo si risparmia tempo e si garantisce un piacere ininterrotto del caff\u00e8.<\/p>\n<p>Personalizzato e compatibile con le macchine<br \/>\nIl kit acqua dolce \u00e8 rapido da installare e facile da usare. Pu\u00f2 essere completamente integrato nella macchina completamente automatica e non richiede quindi spazio aggiuntivo.<\/p>","protected":false},"featured_media":14393,"template":"","meta":{"inline_featured_image":false},"product_brand":[],"product_cat":[33],"product_tag":[35],"class_list":{"0":"post-14392","1":"product","2":"type-product","3":"status-publish","4":"has-post-thumbnail","6":"product_cat-zubehoer","7":"product_tag-zubehoer","9":"first","10":"instock","11":"taxable","12":"shipping-taxable","13":"purchasable","14":"product-type-simple"},"aioseo_notices":[],"_links":{"self":[{"href":"https:\/\/kaffeecenter.ch\/it\/wp-json\/wp\/v2\/product\/14392","targetHints":{"allow":["GET"]}}],"collection":[{"href":"https:\/\/kaffeecenter.ch\/it\/wp-json\/wp\/v2\/product"}],"about":[{"href":"https:\/\/kaffeecenter.ch\/it\/wp-json\/wp\/v2\/types\/product"}],"wp:featuredmedia":[{"embeddable":true,"href":"https:\/\/kaffeecenter.ch\/it\/wp-json\/wp\/v2\/media\/14393"}],"wp:attachment":[{"href":"https:\/\/kaffeecenter.ch\/it\/wp-json\/wp\/v2\/media?parent=14392"}],"wp:term":[{"taxonomy":"product_brand","embeddable":true,"href":"https:\/\/kaffeecenter.ch\/it\/wp-json\/wp\/v2\/product_brand?post=14392"},{"taxonomy":"product_cat","embeddable":true,"href":"https:\/\/kaffeecenter.ch\/it\/wp-json\/wp\/v2\/product_cat?post=14392"},{"taxonomy":"product_tag","embeddable":true,"href":"https:\/\/kaffeecenter.ch\/it\/wp-json\/wp\/v2\/product_tag?post=14392"}],"curies":[{"name":"wp","href":"https:\/\/api.w.org\/{rel}","templated":true}]}}