{"id":120,"date":"2021-01-28T14:39:35","date_gmt":"2021-01-28T13:39:35","guid":{"rendered":"https:\/\/kaffeecenter.ch\/product\/import-placeholder-for-1547\/"},"modified":"2023-12-17T20:41:51","modified_gmt":"2023-12-17T19:41:51","slug":"2-er-set-latte-macchiato-glas-hoch","status":"publish","type":"product","link":"https:\/\/kaffeecenter.ch\/it\/prodotto\/2-er-set-latte-macchiato-glas-hoch\/","title":{"rendered":"Bicchiere da latte macchiato 270ml set di 2"},"content":{"rendered":"","protected":false},"excerpt":{"rendered":"<p>I bicchieri tondi per latte macchiato di JURA sono realizzati in cristallo al piombo di alta qualit\u00e0 e si adattano perfettamente al piattino da caff\u00e8 JURA con la loro base curva. In questi bicchieri da caff\u00e8 lucidi e di bella forma si pu\u00f2 preparare un perfetto latte macchiato a tre strati. Il piacere del caff\u00e8 perfetto \u00e8 garantito!<\/p>\n<p>Capacit\u00e0 circa 270 ml, altezza circa 13,5 cm.<\/p>","protected":false},"featured_media":201,"template":"","meta":{"inline_featured_image":false},"product_brand":[],"product_cat":[48,52],"product_tag":[50,53],"class_list":{"0":"post-120","1":"product","2":"type-product","3":"status-publish","4":"has-post-thumbnail","6":"product_cat-geschirrkollektion","7":"product_cat-glaeser","8":"product_tag-geschirrkollektion","9":"product_tag-glaeser","11":"first","12":"instock","13":"taxable","14":"shipping-taxable","15":"purchasable","16":"product-type-simple"},"aioseo_notices":[],"_links":{"self":[{"href":"https:\/\/kaffeecenter.ch\/it\/wp-json\/wp\/v2\/product\/120","targetHints":{"allow":["GET"]}}],"collection":[{"href":"https:\/\/kaffeecenter.ch\/it\/wp-json\/wp\/v2\/product"}],"about":[{"href":"https:\/\/kaffeecenter.ch\/it\/wp-json\/wp\/v2\/types\/product"}],"wp:featuredmedia":[{"embeddable":true,"href":"https:\/\/kaffeecenter.ch\/it\/wp-json\/wp\/v2\/media\/201"}],"wp:attachment":[{"href":"https:\/\/kaffeecenter.ch\/it\/wp-json\/wp\/v2\/media?parent=120"}],"wp:term":[{"taxonomy":"product_brand","embeddable":true,"href":"https:\/\/kaffeecenter.ch\/it\/wp-json\/wp\/v2\/product_brand?post=120"},{"taxonomy":"product_cat","embeddable":true,"href":"https:\/\/kaffeecenter.ch\/it\/wp-json\/wp\/v2\/product_cat?post=120"},{"taxonomy":"product_tag","embeddable":true,"href":"https:\/\/kaffeecenter.ch\/it\/wp-json\/wp\/v2\/product_tag?post=120"}],"curies":[{"name":"wp","href":"https:\/\/api.w.org\/{rel}","templated":true}]}}