{"id":118,"date":"2021-01-28T14:39:34","date_gmt":"2021-01-28T13:39:34","guid":{"rendered":"https:\/\/kaffeecenter.ch\/product\/import-placeholder-for-1543\/"},"modified":"2021-05-12T10:34:12","modified_gmt":"2021-05-12T08:34:12","slug":"lungotasse","status":"publish","type":"product","link":"https:\/\/kaffeecenter.ch\/it\/prodotto\/lungotasse\/","title":{"rendered":"Tazza Lungo"},"content":{"rendered":"","protected":false},"excerpt":{"rendered":"<p>Un \"lungo\" - un caff\u00e8 lungo - significa un piacere prolungato. Celebrati nella moderna tazza bianca di design con una capacit\u00e0 di 270 ml, vivrete i vostri momenti di caff\u00e8 in modo ancora pi\u00f9 intenso.<br \/>\nLa tazza lungo \u00e8 stata disegnata in esclusiva per JURA dal designer di fama internazionale Wolfgang J\u00f6nsson.<\/p>\n<p>La tazza \u00e8 disponibile solo singolarmente e senza piattino.<\/p>","protected":false},"featured_media":199,"template":"","meta":{"inline_featured_image":false},"product_brand":[],"product_cat":[48,49],"product_tag":[50,51],"class_list":{"0":"post-118","1":"product","2":"type-product","3":"status-publish","4":"has-post-thumbnail","6":"product_cat-geschirrkollektion","7":"product_cat-tassen","8":"product_tag-geschirrkollektion","9":"product_tag-tassen","11":"first","12":"instock","13":"taxable","14":"shipping-taxable","15":"purchasable","16":"product-type-simple"},"aioseo_notices":[],"_links":{"self":[{"href":"https:\/\/kaffeecenter.ch\/it\/wp-json\/wp\/v2\/product\/118","targetHints":{"allow":["GET"]}}],"collection":[{"href":"https:\/\/kaffeecenter.ch\/it\/wp-json\/wp\/v2\/product"}],"about":[{"href":"https:\/\/kaffeecenter.ch\/it\/wp-json\/wp\/v2\/types\/product"}],"wp:featuredmedia":[{"embeddable":true,"href":"https:\/\/kaffeecenter.ch\/it\/wp-json\/wp\/v2\/media\/199"}],"wp:attachment":[{"href":"https:\/\/kaffeecenter.ch\/it\/wp-json\/wp\/v2\/media?parent=118"}],"wp:term":[{"taxonomy":"product_brand","embeddable":true,"href":"https:\/\/kaffeecenter.ch\/it\/wp-json\/wp\/v2\/product_brand?post=118"},{"taxonomy":"product_cat","embeddable":true,"href":"https:\/\/kaffeecenter.ch\/it\/wp-json\/wp\/v2\/product_cat?post=118"},{"taxonomy":"product_tag","embeddable":true,"href":"https:\/\/kaffeecenter.ch\/it\/wp-json\/wp\/v2\/product_tag?post=118"}],"curies":[{"name":"wp","href":"https:\/\/api.w.org\/{rel}","templated":true}]}}