{"id":15460,"date":"2024-11-22T12:26:57","date_gmt":"2024-11-22T11:26:57","guid":{"rendered":"https:\/\/kaffeecenter.ch\/?page_id=15460"},"modified":"2025-11-18T21:59:13","modified_gmt":"2025-11-18T20:59:13","slug":"ueber-uns","status":"publish","type":"page","link":"https:\/\/kaffeecenter.ch\/it\/ueber-uns\/","title":{"rendered":"Chi siamo"},"content":{"rendered":"<div class=\"wpb-content-wrapper\"><div class=\"vc_row wpb_row vc_row-fluid edgtf-section vc_custom_1485789458928 edgtf-content-aligment-left edgtf-grid-section\" style=\"\"><div class=\"clearfix edgtf-section-inner\"><div class=\"edgtf-section-inner-margin clearfix\"><div class=\"wpb_column vc_column_container vc_col-sm-12 vc_col-lg-4 vc_col-md-4\"><div class=\"vc_column-inner\"><div class=\"wpb_wrapper\"><div class=\"vc_empty_space\"   style=\"height: 120px\"><span class=\"vc_empty_space_inner\"><\/span><\/div>\n\t<div  class=\"wpb_single_image wpb_content_element vc_align_left wpb_content_element\">\n\t\t\n\t\t<figure class=\"wpb_wrapper vc_figure\">\n\t\t\t<a href=\"https:\/\/kaffeecenter.ch\/it\/unsere-geschichte\/\" target=\"_self\" class=\"vc_single_image-wrapper   vc_box_border_grey\"><img decoding=\"async\" width=\"2560\" height=\"1705\" src=\"https:\/\/kaffeecenter.ch\/wp-content\/uploads\/2024\/09\/Kaffecenter_Buchs_300624@florinschmid033-scaled.jpg\" class=\"vc_single_image-img attachment-full\" alt=\"\" title=\"Kaffecenter_Buchs_300624@florinschmid033\" srcset=\"https:\/\/kaffeecenter.ch\/wp-content\/uploads\/2024\/09\/Kaffecenter_Buchs_300624@florinschmid033-scaled.jpg 2560w, https:\/\/kaffeecenter.ch\/wp-content\/uploads\/2024\/09\/Kaffecenter_Buchs_300624@florinschmid033-300x200.jpg 300w, https:\/\/kaffeecenter.ch\/wp-content\/uploads\/2024\/09\/Kaffecenter_Buchs_300624@florinschmid033-1024x682.jpg 1024w, https:\/\/kaffeecenter.ch\/wp-content\/uploads\/2024\/09\/Kaffecenter_Buchs_300624@florinschmid033-768x512.jpg 768w, https:\/\/kaffeecenter.ch\/wp-content\/uploads\/2024\/09\/Kaffecenter_Buchs_300624@florinschmid033-1536x1023.jpg 1536w, https:\/\/kaffeecenter.ch\/wp-content\/uploads\/2024\/09\/Kaffecenter_Buchs_300624@florinschmid033-18x12.jpg 18w, https:\/\/kaffeecenter.ch\/wp-content\/uploads\/2024\/09\/Kaffecenter_Buchs_300624@florinschmid033-600x400.jpg 600w\" sizes=\"(max-width: 2560px) 100vw, 2560px\" \/><\/a>\n\t\t<\/figure>\n\t<\/div>\n<div class=\"vc_empty_space\"   style=\"height: 30px\"><span class=\"vc_empty_space_inner\"><\/span><\/div><h3 class=\"edgtf-title-with-number\" >\n\t<span class=\"edgtf-twn-number\">01<\/span>La nostra storia<\/h3><div class=\"vc_empty_space\"   style=\"height: 24px\"><span class=\"vc_empty_space_inner\"><\/span><\/div>\n\t<div class=\"wpb_text_column wpb_content_element\" >\n\t\t<div class=\"wpb_wrapper\">\n\t\t\t<p>Sin dalla sua fondazione, nel 2008, Kaffeecenter GmbH \u00e8 sinonimo di qualit\u00e0 del caff\u00e8 e di un servizio di prima classe. Ci\u00f2 che \u00e8 iniziato con la visione di Hansuli Eggenberger si \u00e8 trasformato in un fornitore leader nel settore del noleggio di macchine da caff\u00e8. Con oltre 200 macchine in uso, garantiamo ogni giorno pause caff\u00e8 perfette - senza complicazioni e orientate al cliente.<\/p>\n\n\t\t<\/div>\n\t<\/div>\n<div class=\"vc_empty_space\"   style=\"height: 120px\"><span class=\"vc_empty_space_inner\"><\/span><\/div><\/div><\/div><\/div><div class=\"wpb_column vc_column_container vc_col-sm-12 vc_col-lg-4 vc_col-md-4\"><div class=\"vc_column-inner\"><div class=\"wpb_wrapper\"><div class=\"vc_empty_space\"   style=\"height: 120px\"><span class=\"vc_empty_space_inner\"><\/span><\/div>\n\t<div  class=\"wpb_single_image wpb_content_element vc_align_left wpb_content_element\">\n\t\t\n\t\t<figure class=\"wpb_wrapper vc_figure\">\n\t\t\t<a href=\"https:\/\/kaffeecenter.ch\/it\/unser-team\/\" target=\"_self\" class=\"vc_single_image-wrapper   vc_box_border_grey\"><img decoding=\"async\" width=\"2560\" height=\"1707\" src=\"https:\/\/kaffeecenter.ch\/wp-content\/uploads\/2024\/11\/Kaffecenter_111124@florin.schmid008-scaled.jpeg\" class=\"vc_single_image-img attachment-full\" alt=\"\" title=\"Kaffecenter_111124@florin.schmid008\" srcset=\"https:\/\/kaffeecenter.ch\/wp-content\/uploads\/2024\/11\/Kaffecenter_111124@florin.schmid008-scaled.jpeg 2560w, https:\/\/kaffeecenter.ch\/wp-content\/uploads\/2024\/11\/Kaffecenter_111124@florin.schmid008-300x200.jpeg 300w, https:\/\/kaffeecenter.ch\/wp-content\/uploads\/2024\/11\/Kaffecenter_111124@florin.schmid008-1024x683.jpeg 1024w, https:\/\/kaffeecenter.ch\/wp-content\/uploads\/2024\/11\/Kaffecenter_111124@florin.schmid008-768x512.jpeg 768w, https:\/\/kaffeecenter.ch\/wp-content\/uploads\/2024\/11\/Kaffecenter_111124@florin.schmid008-1536x1024.jpeg 1536w, https:\/\/kaffeecenter.ch\/wp-content\/uploads\/2024\/11\/Kaffecenter_111124@florin.schmid008-18x12.jpeg 18w, https:\/\/kaffeecenter.ch\/wp-content\/uploads\/2024\/11\/Kaffecenter_111124@florin.schmid008-600x400.jpeg 600w\" sizes=\"(max-width: 2560px) 100vw, 2560px\" \/><\/a>\n\t\t<\/figure>\n\t<\/div>\n<div class=\"vc_empty_space\"   style=\"height: 30px\"><span class=\"vc_empty_space_inner\"><\/span><\/div><h3 class=\"edgtf-title-with-number\" >\n\t<span class=\"edgtf-twn-number\">02<\/span>Il nostro team<\/h3><div class=\"vc_empty_space\"   style=\"height: 24px\"><span class=\"vc_empty_space_inner\"><\/span><\/div>\n\t<div class=\"wpb_text_column wpb_content_element\" >\n\t\t<div class=\"wpb_wrapper\">\n\t\t\t<p>Dietro ogni successo ci sono persone impegnate. Il nostro team, guidato da Hansuli Eggenberger e Nicole Hofbauer, apporta competenza e passione a ogni progetto. Insieme, facciamo tutto il possibile per fornire ai nostri clienti la migliore consulenza possibile, per perfezionare il piacere del caff\u00e8 e per garantire processi senza intoppi.<\/p>\n\n\t\t<\/div>\n\t<\/div>\n<div class=\"vc_empty_space\"   style=\"height: 120px\"><span class=\"vc_empty_space_inner\"><\/span><\/div><\/div><\/div><\/div><div class=\"wpb_column vc_column_container vc_col-sm-12 vc_col-lg-4 vc_col-md-4\"><div class=\"vc_column-inner\"><div class=\"wpb_wrapper\"><div class=\"vc_empty_space\"   style=\"height: 120px\"><span class=\"vc_empty_space_inner\"><\/span><\/div>\n\t<div  class=\"wpb_single_image wpb_content_element vc_align_left wpb_content_element\">\n\t\t\n\t\t<figure class=\"wpb_wrapper vc_figure\">\n\t\t\t<a href=\"https:\/\/kaffeecenter.ch\/it\/unser-leitbild\/\" target=\"_self\" class=\"vc_single_image-wrapper   vc_box_border_grey\"><img decoding=\"async\" width=\"2560\" height=\"1707\" src=\"https:\/\/kaffeecenter.ch\/wp-content\/uploads\/2024\/09\/Kaffecenter_Buchs_300624@florinschmid009-scaled.jpg\" class=\"vc_single_image-img attachment-full\" alt=\"\" title=\"Kaffecenter_Buchs_300624@florinschmid009\" srcset=\"https:\/\/kaffeecenter.ch\/wp-content\/uploads\/2024\/09\/Kaffecenter_Buchs_300624@florinschmid009-scaled.jpg 2560w, https:\/\/kaffeecenter.ch\/wp-content\/uploads\/2024\/09\/Kaffecenter_Buchs_300624@florinschmid009-300x200.jpg 300w, https:\/\/kaffeecenter.ch\/wp-content\/uploads\/2024\/09\/Kaffecenter_Buchs_300624@florinschmid009-1024x683.jpg 1024w, https:\/\/kaffeecenter.ch\/wp-content\/uploads\/2024\/09\/Kaffecenter_Buchs_300624@florinschmid009-768x512.jpg 768w, https:\/\/kaffeecenter.ch\/wp-content\/uploads\/2024\/09\/Kaffecenter_Buchs_300624@florinschmid009-1536x1024.jpg 1536w, https:\/\/kaffeecenter.ch\/wp-content\/uploads\/2024\/09\/Kaffecenter_Buchs_300624@florinschmid009-18x12.jpg 18w, https:\/\/kaffeecenter.ch\/wp-content\/uploads\/2024\/09\/Kaffecenter_Buchs_300624@florinschmid009-600x400.jpg 600w\" sizes=\"(max-width: 2560px) 100vw, 2560px\" \/><\/a>\n\t\t<\/figure>\n\t<\/div>\n<div class=\"vc_empty_space\"   style=\"height: 30px\"><span class=\"vc_empty_space_inner\"><\/span><\/div><h3 class=\"edgtf-title-with-number\" >\n\t<span class=\"edgtf-twn-number\">03<\/span>La nostra missione<\/h3><div class=\"vc_empty_space\"   style=\"height: 24px\"><span class=\"vc_empty_space_inner\"><\/span><\/div>\n\t<div class=\"wpb_text_column wpb_content_element\" >\n\t\t<div class=\"wpb_wrapper\">\n\t\t\t<div class=\"flex-shrink-0 flex flex-col relative items-end\">\n<div class=\"pt-0\">\n<div class=\"gizmo-bot-avatar flex h-8 w-8 items-center justify-center overflow-hidden rounded-full\">\n<div class=\"relative p-1 rounded-sm flex items-center justify-center bg-token-main-surface-primary text-token-text-primary h-8 w-8\">Il caff\u00e8 unisce - ed \u00e8 proprio questo che ci spinge. La nostra missione si basa su qualit\u00e0, affidabilit\u00e0 e servizio personalizzato. Non vogliamo solo offrire ai nostri clienti prodotti di prima qualit\u00e0, ma anche creare momenti di piacere indimenticabili. Perch\u00e9 il piacere del caff\u00e8 \u00e8 il nostro successo comune.<\/div>\n<\/div>\n<\/div>\n<\/div>\n\n\t\t<\/div>\n\t<\/div>\n<div class=\"vc_empty_space\"   style=\"height: 120px\"><span class=\"vc_empty_space_inner\"><\/span><\/div><\/div><\/div><\/div><\/div><\/div><\/div><div class=\"vc_row wpb_row vc_row-fluid edgtf-section vc_custom_1486725149387 edgtf-content-aligment-left edgtf-grid-section\" style=\"\"><div class=\"clearfix edgtf-section-inner\"><div class=\"edgtf-section-inner-margin clearfix\"><div class=\"wpb_column vc_column_container vc_col-sm-12\"><div class=\"vc_column-inner\"><div class=\"wpb_wrapper\"><div class=\"edgtf-elements-holder edgtf-two-columns edgtf-responsive-mode-1024\" ><div class=\"edgtf-elements-holder-item\" data-item-class=\"edgtf-elements-holder-custom-681522\" data-768-1024=\"0% 0% 10% 0\" data-600-768=\"0% 0% 14% 0\" data-480=\"0% 0% 25% 0\" >\n\t\t<div class=\"edgtf-elements-holder-item-inner\">\n\t\t<div class=\"edgtf-elements-holder-item-content edgtf-elements-holder-custom-681522\" style=\"padding: 1% 11% 0 0\">\n\t\t\t\n\t<div class=\"wpb_text_column wpb_content_element\" >\n\t\t<div class=\"wpb_wrapper\">\n\t\t\t<h2><strong>Il piacere del caff\u00e8 senza costi di acquisto<\/strong><\/h2>\n\n\t\t<\/div>\n\t<\/div>\n<div class=\"vc_empty_space\"   style=\"height: 20px\"><span class=\"vc_empty_space_inner\"><\/span><\/div><div class=\"edgtf-separator-holder clearfix  edgtf-separator-left\">\n\t<div class=\"edgtf-separator\" style=\"width: 120px;border-bottom-width: 3px\"><\/div>\n<\/div>\n<div class=\"vc_empty_space\"   style=\"height: 15px\"><span class=\"vc_empty_space_inner\"><\/span><\/div>\n\t<div class=\"wpb_text_column wpb_content_element\" >\n\t\t<div class=\"wpb_wrapper\">\n\t\t\t<p>Il nostro noleggio di macchine da caff\u00e8 \u00e8 ideale per occasioni speciali o per esigenze a breve termine. Che si tratti di riunioni importanti, eventi o celebrazioni che richiedono un elevato volume di caff\u00e8, le nostre macchine vi tolgono l'onere dell'attrezzatura abituale e assicurano che ogni ospite sia ben servito. Anche se la vostra azienda non vuole ancora acquistare una macchina da caff\u00e8 propria, il noleggio offre una soluzione pratica e conveniente. I costi rimangono gestibili e i vostri dipendenti o ospiti sono sempre ben accolti.<\/p>\n\n\t\t<\/div>\n\t<\/div>\n\t\t<\/div>\n\t<\/div>\n\t<\/div><div class=\"edgtf-elements-holder-item\" data-item-class=\"edgtf-elements-holder-custom-650762\" data-1024-1280=\"0 0 0 0\" >\n\t\t<div class=\"edgtf-elements-holder-item-inner\">\n\t\t<div class=\"edgtf-elements-holder-item-content edgtf-elements-holder-custom-650762\" style=\"padding: 0 0 0 0\">\n\t\t\t\n\t<div  class=\"wpb_single_image wpb_content_element vc_align_left wpb_content_element\">\n\t\t\n\t\t<figure class=\"wpb_wrapper vc_figure\">\n\t\t\t<div class=\"vc_single_image-wrapper   vc_box_border_grey\"><img decoding=\"async\" width=\"2560\" height=\"1707\" src=\"https:\/\/kaffeecenter.ch\/wp-content\/uploads\/2024\/11\/Kaffecenter_111124@florin.schmid022-scaled.jpeg\" class=\"vc_single_image-img attachment-full\" alt=\"\" title=\"Kaffecenter_111124@florin.schmid022\" srcset=\"https:\/\/kaffeecenter.ch\/wp-content\/uploads\/2024\/11\/Kaffecenter_111124@florin.schmid022-scaled.jpeg 2560w, https:\/\/kaffeecenter.ch\/wp-content\/uploads\/2024\/11\/Kaffecenter_111124@florin.schmid022-300x200.jpeg 300w, https:\/\/kaffeecenter.ch\/wp-content\/uploads\/2024\/11\/Kaffecenter_111124@florin.schmid022-1024x683.jpeg 1024w, https:\/\/kaffeecenter.ch\/wp-content\/uploads\/2024\/11\/Kaffecenter_111124@florin.schmid022-768x512.jpeg 768w, https:\/\/kaffeecenter.ch\/wp-content\/uploads\/2024\/11\/Kaffecenter_111124@florin.schmid022-1536x1024.jpeg 1536w, https:\/\/kaffeecenter.ch\/wp-content\/uploads\/2024\/11\/Kaffecenter_111124@florin.schmid022-18x12.jpeg 18w, https:\/\/kaffeecenter.ch\/wp-content\/uploads\/2024\/11\/Kaffecenter_111124@florin.schmid022-600x400.jpeg 600w\" sizes=\"(max-width: 2560px) 100vw, 2560px\" \/><\/div>\n\t\t<\/figure>\n\t<\/div>\n\t\t<\/div>\n\t<\/div>\n\t<\/div><\/div><\/div><\/div><\/div><\/div><\/div><\/div><div class=\"vc_row wpb_row vc_row-fluid edgtf-section vc_custom_1484576041198 edgtf-content-aligment-left edgtf-grid-section\" style=\"\"><div class=\"clearfix edgtf-section-inner\"><div class=\"edgtf-section-inner-margin clearfix\"><div class=\"wpb_column vc_column_container vc_col-sm-12\"><div class=\"vc_column-inner\"><div class=\"wpb_wrapper\"><div class=\"edgtf-elements-holder edgtf-two-columns edgtf-responsive-mode-1024\" ><div class=\"edgtf-elements-holder-item\" data-item-class=\"edgtf-elements-holder-custom-404233\" data-1024-1280=\"0 0 0 0\" >\n\t\t<div class=\"edgtf-elements-holder-item-inner\">\n\t\t<div class=\"edgtf-elements-holder-item-content edgtf-elements-holder-custom-404233\" >\n\t\t\t\n\t<div  class=\"wpb_single_image wpb_content_element vc_align_left wpb_content_element\">\n\t\t\n\t\t<figure class=\"wpb_wrapper vc_figure\">\n\t\t\t<div class=\"vc_single_image-wrapper   vc_box_border_grey\"><img decoding=\"async\" width=\"2560\" height=\"1707\" src=\"https:\/\/kaffeecenter.ch\/wp-content\/uploads\/2024\/11\/Kaffecenter_111124@florin.schmid028-scaled.jpeg\" class=\"vc_single_image-img attachment-full\" alt=\"\" title=\"Kaffecenter_111124@florin.schmid028\" srcset=\"https:\/\/kaffeecenter.ch\/wp-content\/uploads\/2024\/11\/Kaffecenter_111124@florin.schmid028-scaled.jpeg 2560w, https:\/\/kaffeecenter.ch\/wp-content\/uploads\/2024\/11\/Kaffecenter_111124@florin.schmid028-300x200.jpeg 300w, https:\/\/kaffeecenter.ch\/wp-content\/uploads\/2024\/11\/Kaffecenter_111124@florin.schmid028-1024x683.jpeg 1024w, https:\/\/kaffeecenter.ch\/wp-content\/uploads\/2024\/11\/Kaffecenter_111124@florin.schmid028-768x512.jpeg 768w, https:\/\/kaffeecenter.ch\/wp-content\/uploads\/2024\/11\/Kaffecenter_111124@florin.schmid028-1536x1024.jpeg 1536w, https:\/\/kaffeecenter.ch\/wp-content\/uploads\/2024\/11\/Kaffecenter_111124@florin.schmid028-18x12.jpeg 18w, https:\/\/kaffeecenter.ch\/wp-content\/uploads\/2024\/11\/Kaffecenter_111124@florin.schmid028-600x400.jpeg 600w\" sizes=\"(max-width: 2560px) 100vw, 2560px\" \/><\/div>\n\t\t<\/figure>\n\t<\/div>\n\t\t<\/div>\n\t<\/div>\n\t<\/div><div class=\"edgtf-elements-holder-item\" data-item-class=\"edgtf-elements-holder-custom-909238\" data-768-1024=\"8% 2% 0 3%\" data-600-768=\"10% 0% 0 3%\" data-480=\"15% 0% 0 3%\" >\n\t\t<div class=\"edgtf-elements-holder-item-inner\">\n\t\t<div class=\"edgtf-elements-holder-item-content edgtf-elements-holder-custom-909238\" style=\"padding: 0 4% 0 8%\">\n\t\t\t\n\t<div class=\"wpb_text_column wpb_content_element\" >\n\t\t<div class=\"wpb_wrapper\">\n\t\t\t<h2>Dare vita alla vita d'ufficio di tutti i giorni<\/h2>\n\n\t\t<\/div>\n\t<\/div>\n<div class=\"vc_empty_space\"   style=\"height: 20px\"><span class=\"vc_empty_space_inner\"><\/span><\/div><div class=\"edgtf-separator-holder clearfix  edgtf-separator-left\">\n\t<div class=\"edgtf-separator\" style=\"width: 120px;border-bottom-width: 3px\"><\/div>\n<\/div>\n<div class=\"vc_empty_space\"   style=\"height: 15px\"><span class=\"vc_empty_space_inner\"><\/span><\/div>\n\t<div class=\"wpb_text_column wpb_content_element\" >\n\t\t<div class=\"wpb_wrapper\">\n\t\t\t<p>La macchina da caff\u00e8 \u00e8 un elemento indispensabile negli uffici e negli spazi pubblici: rivitalizza la giornata lavorativa e aumenta la concentrazione dei dipendenti. Tuttavia, una macchina da caff\u00e8 professionale \u00e8 pi\u00f9 costosa di una macchina a filtro domestica e pu\u00f2 essere necessaria solo temporaneamente per alcuni scopi, come ad esempio gli eventi. \u00c8 qui che entra in gioco il noleggio di una macchina da caff\u00e8: una soluzione ideale che unisce flessibilit\u00e0 e risparmio.<\/p>\n\n\t\t<\/div>\n\t<\/div>\n\t\t<\/div>\n\t<\/div>\n\t<\/div><\/div><\/div><\/div><\/div><\/div><\/div><\/div>\n<\/div>","protected":false},"excerpt":{"rendered":"01Unsere Geschichte Seit der Gr\u00fcndung im Jahr 2008 steht die Kaffeecenter GmbH f\u00fcr hochwertigen Kaffeegenuss und erstklassigen Service. Was mit der Vision von Hansuli Eggenberger begann, entwickelte sich...","protected":false},"author":1,"featured_media":0,"parent":0,"menu_order":0,"comment_status":"closed","ping_status":"closed","template":"full-width.php","meta":{"inline_featured_image":false,"footnotes":""},"class_list":["post-15460","page","type-page","status-publish","hentry"],"aioseo_notices":[],"_links":{"self":[{"href":"https:\/\/kaffeecenter.ch\/it\/wp-json\/wp\/v2\/pages\/15460","targetHints":{"allow":["GET"]}}],"collection":[{"href":"https:\/\/kaffeecenter.ch\/it\/wp-json\/wp\/v2\/pages"}],"about":[{"href":"https:\/\/kaffeecenter.ch\/it\/wp-json\/wp\/v2\/types\/page"}],"author":[{"embeddable":true,"href":"https:\/\/kaffeecenter.ch\/it\/wp-json\/wp\/v2\/users\/1"}],"replies":[{"embeddable":true,"href":"https:\/\/kaffeecenter.ch\/it\/wp-json\/wp\/v2\/comments?post=15460"}],"version-history":[{"count":0,"href":"https:\/\/kaffeecenter.ch\/it\/wp-json\/wp\/v2\/pages\/15460\/revisions"}],"wp:attachment":[{"href":"https:\/\/kaffeecenter.ch\/it\/wp-json\/wp\/v2\/media?parent=15460"}],"curies":[{"name":"wp","href":"https:\/\/api.w.org\/{rel}","templated":true}]}}