{"id":13545,"date":"2021-02-17T08:57:33","date_gmt":"2021-02-17T08:57:33","guid":{"rendered":"https:\/\/kaffeecenter.ch\/?page_id=13545"},"modified":"2021-03-22T14:14:58","modified_gmt":"2021-03-22T14:14:58","slug":"agbs","status":"publish","type":"page","link":"https:\/\/kaffeecenter.ch\/it\/agbs\/","title":{"rendered":"AGB"},"content":{"rendered":"<div class=\"wpb-content-wrapper\"><div class=\"vc_row wpb_row vc_row-fluid edgtf-section edgtf-content-aligment-left\" style=\"\"><div class=\"clearfix edgtf-full-section-inner\"><div class=\"wpb_column vc_column_container vc_col-sm-12\"><div class=\"vc_column-inner\"><div class=\"wpb_wrapper\">\n\t<div class=\"wpb_text_column wpb_content_element\" >\n\t\t<div class=\"wpb_wrapper\">\n\t\t\t<h2>AGB<\/h2>\n<section class=\"av_textblock_section\">\n<div class=\"avia_textblock\">\n<p>Qui troverete informazioni importanti sugli acquisti presso\u00a0<a href=\"https:\/\/kaffeecenter.ch\/it\/\">www.kaffeecenter.ch<\/a>.<br \/>\nVi preghiamo di leggere attentamente i nostri termini e condizioni, che regolano il rapporto contrattuale tra voi e noi.\u00a0<a href=\"https:\/\/kaffeecenter.ch\/it\/\">www.kaffeecenter.ch<\/a>.<\/p>\n<p>&nbsp;<\/p>\n<\/div>\n<\/section>\n<div class=\"av-special-heading av-special-heading-h3 avia-builder-el-2 el_after_av_textblock el_before_av_textblock\">\n<h3 class=\"av-special-heading-tag\">Informazioni generali<\/h3>\n<\/div>\n<section class=\"av_textblock_section\">\n<div class=\"avia_textblock\">\n<p>I seguenti termini e condizioni si applicano esclusivamente a tutte le nostre vendite.<br \/>\nEventuali altri termini e condizioni contenuti negli ordini dell'acquirente si applicano solo se sono stati espressamente riconosciuti per iscritto.<\/p>\n<p>&nbsp;<\/p>\n<\/div>\n<\/section>\n<div class=\"av-special-heading av-special-heading-h3 avia-builder-el-4 el_after_av_textblock el_before_av_textblock\">\n<h3 class=\"av-special-heading-tag\">1\u00b0 contratto<\/h3>\n<\/div>\n<section class=\"av_textblock_section\">\n<div class=\"avia_textblock\">\n<p>Un contratto di acquisto \u00e8 generalmente concluso quando il cliente accetta un'offerta da parte di\u00a0<a href=\"https:\/\/kaffeecenter.ch\/it\/\">www.kaffeecenter.ch<\/a>\u00a0per la stipula del contratto di acquisto. Di norma, il contratto d'acquisto stipulato viene poi firmato da\u00a0<a href=\"https:\/\/kaffeecenter.ch\/it\/\">www.kaffeecenter.ch<\/a>\u00a0\u00e8 soddisfatta dalla consegna della merce al cliente per posta.\u00a0<a href=\"https:\/\/kaffeecenter.ch\/it\/\">www.kaffeecenter.ch<\/a>\u00a0si riserva tuttavia il diritto di non adempiere al contratto di acquisto qualora vi sia il ragionevole sospetto che il cliente non adempia correttamente ai suoi obblighi contrattuali di pagamento. Finch\u00e9 la merce spedita non \u00e8 stata pagata, essa rimane di propriet\u00e0 di\u00a0<a href=\"https:\/\/kaffeecenter.ch\/it\/\">www.kaffeecenter.ch<\/a><\/p>\n<p>&nbsp;<\/p>\n<\/div>\n<\/section>\n<div class=\"av-special-heading av-special-heading-h3 avia-builder-el-6 el_after_av_textblock el_before_av_textblock\">\n<h3 class=\"av-special-heading-tag\">2. prezzi e condizioni di pagamento<\/h3>\n<\/div>\n<section class=\"av_textblock_section\">\n<div class=\"avia_textblock\">\n<p>Tutti i prezzi indicati nel nostro negozio online sono espressi in franchi svizzeri (CHF) e sono comprensivi di IVA. In caso di pagamento con carta di credito, il conto verr\u00e0 addebitato al momento della conclusione dell'ordine. Per i primi ordini, la consegna avverr\u00e0 tramite pagamento anticipato, carta di credito o PayPal.<\/p>\n<p>&nbsp;<\/p>\n<\/div>\n<\/section>\n<div class=\"av-special-heading av-special-heading-h3 avia-builder-el-8 el_after_av_textblock el_before_av_textblock\">\n<h3 class=\"av-special-heading-tag\">3. informazioni sulla conclusione del contratto<\/h3>\n<\/div>\n<section class=\"av_textblock_section\">\n<div class=\"avia_textblock\">\n<p>La presentazione dei prodotti nel negozio online non costituisce un'offerta giuridicamente vincolante, bens\u00ec un catalogo online non vincolante. Facendo clic sul pulsante \"Acquista ora\" si effettua un ordine vincolante per la merce contenuta nel carrello. La conferma di ricezione dell'ordine viene inviata tramite e-mail automatica subito dopo l'invio dell'ordine e non costituisce accettazione del contratto. Possiamo accettare l'ordine inviando una conferma d'ordine separata via e-mail o consegnando la merce entro cinque giorni.<\/p>\n<p>&nbsp;<\/p>\n<\/div>\n<\/section>\n<div class=\"av-special-heading av-special-heading-h3 avia-builder-el-10 el_after_av_textblock el_before_av_textblock\">\n<h3 class=\"av-special-heading-tag\">4a consegna<\/h3>\n<\/div>\n<section class=\"av_textblock_section\">\n<div class=\"avia_textblock\">\n<p>Nell'interesse del cliente, possono essere effettuate consegne parziali se ci\u00f2 garantisce una rapida elaborazione. Il cliente ha il diritto di recedere dal contratto a causa del mancato rispetto del termine di consegna solo se ci ha concesso per iscritto un termine ragionevole di almeno quattro settimane. I casi di forza maggiore ci esonerano dall'obbligo di adempiere al contratto per la durata del loro effetto.<\/p>\n<p>&nbsp;<\/p>\n<\/div>\n<\/section>\n<div class=\"av-special-heading av-special-heading-h3 avia-builder-el-12 el_after_av_textblock el_before_av_textblock\">\n<h3 class=\"av-special-heading-tag\">5. spedizione<\/h3>\n<\/div>\n<section class=\"av_textblock_section\">\n<div class=\"avia_textblock\">\n<p>La spedizione \u00e8 sempre a carico e rischio del cliente. I termini e le condizioni\u00a0<a href=\"https:\/\/kaffeecenter.ch\/it\/\">www.kaffeecenter.ch<\/a>\u00a0spese di spedizione indicate.<\/p>\n<p>&nbsp;<\/p>\n<\/div>\n<\/section>\n<div class=\"av-special-heading av-special-heading-h3 avia-builder-el-14 el_after_av_textblock el_before_av_textblock\">\n<h3 class=\"av-special-heading-tag\">6. Garanzia<\/h3>\n<div class=\"special-heading-border\">\n<div class=\"special-heading-inner-border\">Per tutti i prodotti del nostro negozio valgono i diritti di garanzia previsti dalla legge. I difetti riconoscibili devono essere segnalati immediatamente al ricevimento della merce. In caso di difetti nascosti, lo stesso vale dal momento in cui il difetto diventa riconoscibile. In caso di notifica giustificata dei difetti entro il termine stabilito, forniremo gratuitamente una sostituzione o elimineremo il difetto. Se la riparazione o la fornitura sostitutiva fallisce, il cliente pu\u00f2 richiedere una riduzione del prezzo o del compenso o recedere dal contratto. Le richieste di risarcimento danni dovute a difetti sono escluse, a meno che il danno non sia stato causato da dolo o colpa grave da parte nostra e non sia basato sul difetto di una caratteristica garantita.<\/div>\n<\/div>\n<p>&nbsp;<\/p>\n<\/div>\n<div class=\"av-special-heading av-special-heading-h3 avia-builder-el-16 el_after_av_textblock el_before_av_textblock\">\n<h3><\/h3>\n<h3 class=\"av-special-heading-tag\">7. dati<\/h3>\n<\/div>\n<section class=\"av_textblock_section\">\n<div class=\"avia_textblock\">\n<p><a href=\"https:\/\/kaffeecenter.ch\/it\/\">www.kaffeecenter.ch<\/a>\u00a0tratta tutti i dati trasmessi dal cliente come strettamente confidenziali.<\/p>\n<p>&nbsp;<\/p>\n<\/div>\n<\/section>\n<div class=\"av-special-heading av-special-heading-h3 avia-builder-el-18 el_after_av_textblock el_before_av_textblock\">\n<h3 class=\"av-special-heading-tag\">8. luogo di giurisdizione<\/h3>\n<\/div>\n<section class=\"av_textblock_section\">\n<div class=\"avia_textblock\">\n<p>Il foro competente e il luogo di adempimento \u00e8 Buchs SG.<\/p>\n<p>Il rapporto contrattuale \u00e8 disciplinato esclusivamente dal diritto svizzero. N\u00e9 la \"Convenzione di Vienna sulla vendita\" n\u00e9 qualsiasi altra legge o trattato si applicheranno al rapporto giuridico tra le parti contraenti, anche se fossero applicabili in base alle norme del diritto internazionale privato svizzero.<\/p>\n<\/div>\n<\/section>\n\n\t\t<\/div>\n\t<\/div>\n<\/div><\/div><\/div><\/div><\/div>\n<\/div>","protected":false},"excerpt":{"rendered":"AGB\u2019s Hier finden Sie wichtige Informationen \u00fcber das Einkaufen bei\u00a0www.kaffeecenter.ch. Bei uns kaufen Sie ohne Risiko ein.Bitte lesen Sie sich unsere Gesch\u00e4ftsbedingungen aufmerksam durch, sie regeln das Vertragsverh\u00e4ltnis...","protected":false},"author":1,"featured_media":0,"parent":0,"menu_order":0,"comment_status":"closed","ping_status":"closed","template":"","meta":{"inline_featured_image":false,"footnotes":""},"class_list":["post-13545","page","type-page","status-publish","hentry"],"aioseo_notices":[],"_links":{"self":[{"href":"https:\/\/kaffeecenter.ch\/it\/wp-json\/wp\/v2\/pages\/13545","targetHints":{"allow":["GET"]}}],"collection":[{"href":"https:\/\/kaffeecenter.ch\/it\/wp-json\/wp\/v2\/pages"}],"about":[{"href":"https:\/\/kaffeecenter.ch\/it\/wp-json\/wp\/v2\/types\/page"}],"author":[{"embeddable":true,"href":"https:\/\/kaffeecenter.ch\/it\/wp-json\/wp\/v2\/users\/1"}],"replies":[{"embeddable":true,"href":"https:\/\/kaffeecenter.ch\/it\/wp-json\/wp\/v2\/comments?post=13545"}],"version-history":[{"count":0,"href":"https:\/\/kaffeecenter.ch\/it\/wp-json\/wp\/v2\/pages\/13545\/revisions"}],"wp:attachment":[{"href":"https:\/\/kaffeecenter.ch\/it\/wp-json\/wp\/v2\/media?parent=13545"}],"curies":[{"name":"wp","href":"https:\/\/api.w.org\/{rel}","templated":true}]}}