{"id":13539,"date":"2021-02-17T08:53:56","date_gmt":"2021-02-17T08:53:56","guid":{"rendered":"https:\/\/kaffeecenter.ch\/?page_id=13539"},"modified":"2021-02-17T08:53:56","modified_gmt":"2021-02-17T08:53:56","slug":"rechtliches","status":"publish","type":"page","link":"https:\/\/kaffeecenter.ch\/it\/rechtliches\/","title":{"rendered":"Questioni legali"},"content":{"rendered":"<div class=\"wpb-content-wrapper\"><div class=\"vc_row wpb_row vc_row-fluid edgtf-section edgtf-content-aligment-left\" style=\"\"><div class=\"clearfix edgtf-full-section-inner\"><div class=\"wpb_column vc_column_container vc_col-sm-12\"><div class=\"vc_column-inner\"><div class=\"wpb_wrapper\">\n\t<div class=\"wpb_text_column wpb_content_element\" >\n\t\t<div class=\"wpb_wrapper\">\n\t\t\t<h2>Questioni legali<\/h2>\n<h3>Nessuna garanzia e nessuna responsabilit\u00e0<\/h3>\n<p>Sebbene Kaffeecenter GmbH faccia il possibile per fornire informazioni accurate e aggiornate, non fornisce alcuna dichiarazione o garanzia, espressa o implicita, in merito all'accuratezza o alla completezza delle informazioni contenute in questo sito web e declina ogni responsabilit\u00e0 per l'uso di questo sito web o di qualsiasi sito web ad esso collegato. Kaffeecenter GmbH si riserva il diritto di modificare questo sito web in qualsiasi momento senza preavviso, ma non si assume alcuna responsabilit\u00e0 per il suo aggiornamento. L'utente accetta che l'accesso a questo sito web e il suo utilizzo, cos\u00ec come ai siti web e ai loro contenuti collegati a questo sito web tramite un link, avvenga a suo rischio e pericolo. N\u00e9 Kaffeecenter GmbH n\u00e9 qualsiasi altra parte coinvolta nella progettazione, nella produzione o nel rilascio di questo sito web o di qualsiasi sito web ad esso collegato saranno responsabili in alcun modo per danni diretti, incidentali, consequenziali, indiretti o punitivi derivanti dall'accesso, dall'uso riuscito o meno di questo sito web o di qualsiasi sito web ad esso collegato o da eventuali errori od omissioni nel suo contenuto.<\/p>\n<h3>Collegamenti<\/h3>\n<p>I link a siti web di terzi sono forniti a titolo di cortesia. Non esprimiamo alcuna opinione sul contenuto dei siti web di terzi e decliniamo espressamente ogni responsabilit\u00e0 per le informazioni di terzi e il loro utilizzo.<\/p>\n<h3>Nomi dei marchi<\/h3>\n<p>Tutti i marchi citati appartengono a Kaffeecenter GmbH o sono da essa concessi in licenza.<\/p>\n<h3>Diritti d'autore<\/h3>\n<p>Il sito web di Kaffeecenter GmbH e le informazioni in esso contenute e a cui si fa riferimento hanno uno scopo puramente informativo. La riproduzione, la ridistribuzione e altri usi sono severamente vietati. Le richieste di autorizzazione a riprodurre informazioni da questo sito web devono essere indirizzate al webmaster di Kaffeecenter GmbH.<\/p>\n\n\t\t<\/div>\n\t<\/div>\n<\/div><\/div><\/div><\/div><\/div>\n<\/div>","protected":false},"excerpt":{"rendered":"Rechtliches Keine Garantie und keine Haftung Kaffeecenter GmbH\u00a0unternimmt zwar alles, um exakte und aktuelle Information bereitzustellen, doch leisten wir weder ausdr\u00fccklich noch stillschweigend irgendwelche Gew\u00e4hr oder Garantie f\u00fcr...","protected":false},"author":1,"featured_media":0,"parent":0,"menu_order":0,"comment_status":"closed","ping_status":"closed","template":"","meta":{"inline_featured_image":false,"footnotes":""},"class_list":["post-13539","page","type-page","status-publish","hentry"],"aioseo_notices":[],"_links":{"self":[{"href":"https:\/\/kaffeecenter.ch\/it\/wp-json\/wp\/v2\/pages\/13539","targetHints":{"allow":["GET"]}}],"collection":[{"href":"https:\/\/kaffeecenter.ch\/it\/wp-json\/wp\/v2\/pages"}],"about":[{"href":"https:\/\/kaffeecenter.ch\/it\/wp-json\/wp\/v2\/types\/page"}],"author":[{"embeddable":true,"href":"https:\/\/kaffeecenter.ch\/it\/wp-json\/wp\/v2\/users\/1"}],"replies":[{"embeddable":true,"href":"https:\/\/kaffeecenter.ch\/it\/wp-json\/wp\/v2\/comments?post=13539"}],"version-history":[{"count":0,"href":"https:\/\/kaffeecenter.ch\/it\/wp-json\/wp\/v2\/pages\/13539\/revisions"}],"wp:attachment":[{"href":"https:\/\/kaffeecenter.ch\/it\/wp-json\/wp\/v2\/media?parent=13539"}],"curies":[{"name":"wp","href":"https:\/\/api.w.org\/{rel}","templated":true}]}}