{"id":98,"date":"2021-01-28T14:38:18","date_gmt":"2021-01-28T13:38:18","guid":{"rendered":"https:\/\/kaffeecenter.ch\/product\/import-placeholder-for-1525\/"},"modified":"2021-05-12T10:33:52","modified_gmt":"2021-05-12T08:33:52","slug":"2er-set-espressotassen","status":"publish","type":"product","link":"https:\/\/kaffeecenter.ch\/fr\/produit\/2er-set-espressotassen\/","title":{"rendered":"Lot de 2 tasses \u00e0 espresso"},"content":{"rendered":"","protected":false},"excerpt":{"rendered":"<p>Noir comme la nuit, chaud comme le feu et couronn\u00e9 d'une cr\u00e8me de noisettes : voil\u00e0 ce que doit \u00eatre un vrai espresso. Avec une \u00e9l\u00e9gante tasse \u00e0 espresso, vous le savourez avant m\u00eame d'avoir bu la premi\u00e8re gorg\u00e9e.<\/p>\n<p>Cette tasse \u00e0 espresso a \u00e9t\u00e9 con\u00e7ue en exclusivit\u00e9 pour JURA par le designer de renomm\u00e9e internationale Wolfgang J\u00f6nsson.<\/p>","protected":false},"featured_media":186,"template":"","meta":{"inline_featured_image":false},"product_brand":[],"product_cat":[48,49],"product_tag":[50,51],"class_list":{"0":"post-98","1":"product","2":"type-product","3":"status-publish","4":"has-post-thumbnail","6":"product_cat-geschirrkollektion","7":"product_cat-tassen","8":"product_tag-geschirrkollektion","9":"product_tag-tassen","11":"first","12":"instock","13":"taxable","14":"shipping-taxable","15":"purchasable","16":"product-type-simple"},"aioseo_notices":[],"_links":{"self":[{"href":"https:\/\/kaffeecenter.ch\/fr\/wp-json\/wp\/v2\/product\/98","targetHints":{"allow":["GET"]}}],"collection":[{"href":"https:\/\/kaffeecenter.ch\/fr\/wp-json\/wp\/v2\/product"}],"about":[{"href":"https:\/\/kaffeecenter.ch\/fr\/wp-json\/wp\/v2\/types\/product"}],"wp:featuredmedia":[{"embeddable":true,"href":"https:\/\/kaffeecenter.ch\/fr\/wp-json\/wp\/v2\/media\/186"}],"wp:attachment":[{"href":"https:\/\/kaffeecenter.ch\/fr\/wp-json\/wp\/v2\/media?parent=98"}],"wp:term":[{"taxonomy":"product_brand","embeddable":true,"href":"https:\/\/kaffeecenter.ch\/fr\/wp-json\/wp\/v2\/product_brand?post=98"},{"taxonomy":"product_cat","embeddable":true,"href":"https:\/\/kaffeecenter.ch\/fr\/wp-json\/wp\/v2\/product_cat?post=98"},{"taxonomy":"product_tag","embeddable":true,"href":"https:\/\/kaffeecenter.ch\/fr\/wp-json\/wp\/v2\/product_tag?post=98"}],"curies":[{"name":"wp","href":"https:\/\/api.w.org\/{rel}","templated":true}]}}