{"id":97,"date":"2021-01-28T14:38:18","date_gmt":"2021-01-28T13:38:18","guid":{"rendered":"https:\/\/kaffeecenter.ch\/product\/import-placeholder-for-1522\/"},"modified":"2022-01-25T10:13:13","modified_gmt":"2022-01-25T09:13:13","slug":"behaelter-fuer-milchsystem-reinigung","status":"publish","type":"product","link":"https:\/\/kaffeecenter.ch\/fr\/produit\/behaelter-fuer-milchsystem-reinigung\/","title":{"rendered":"R\u00e9cipient pour le nettoyage du syst\u00e8me de lait"},"content":{"rendered":"","protected":false},"excerpt":{"rendered":"<p>Le r\u00e9cipient sp\u00e9cial \u00e0 deux compartiments en plastique lavable au lave-vaisselle facilite le nettoyage du syst\u00e8me de lait en rendant inutile la recherche de r\u00e9cipients adapt\u00e9s. Il convient \u00e0 toutes les machines automatiques de JURA et dispose de rep\u00e8res bien visibles pour le dosage du nettoyant du syst\u00e8me de lait et de l'eau. Sa forme optimis\u00e9e permet un rangement peu encombrant.<\/p>","protected":false},"featured_media":180,"template":"","meta":{"inline_featured_image":false},"product_brand":[],"product_cat":[24,33],"product_tag":[35],"class_list":{"0":"post-97","1":"product","2":"type-product","3":"status-publish","4":"has-post-thumbnail","6":"product_cat-milchsystem-reiniger","7":"product_cat-zubehoer","8":"product_tag-zubehoer","10":"first","11":"instock","12":"taxable","13":"shipping-taxable","14":"purchasable","15":"product-type-simple"},"aioseo_notices":[],"_links":{"self":[{"href":"https:\/\/kaffeecenter.ch\/fr\/wp-json\/wp\/v2\/product\/97","targetHints":{"allow":["GET"]}}],"collection":[{"href":"https:\/\/kaffeecenter.ch\/fr\/wp-json\/wp\/v2\/product"}],"about":[{"href":"https:\/\/kaffeecenter.ch\/fr\/wp-json\/wp\/v2\/types\/product"}],"wp:featuredmedia":[{"embeddable":true,"href":"https:\/\/kaffeecenter.ch\/fr\/wp-json\/wp\/v2\/media\/180"}],"wp:attachment":[{"href":"https:\/\/kaffeecenter.ch\/fr\/wp-json\/wp\/v2\/media?parent=97"}],"wp:term":[{"taxonomy":"product_brand","embeddable":true,"href":"https:\/\/kaffeecenter.ch\/fr\/wp-json\/wp\/v2\/product_brand?post=97"},{"taxonomy":"product_cat","embeddable":true,"href":"https:\/\/kaffeecenter.ch\/fr\/wp-json\/wp\/v2\/product_cat?post=97"},{"taxonomy":"product_tag","embeddable":true,"href":"https:\/\/kaffeecenter.ch\/fr\/wp-json\/wp\/v2\/product_tag?post=97"}],"curies":[{"name":"wp","href":"https:\/\/api.w.org\/{rel}","templated":true}]}}