{"id":66,"date":"2021-01-28T14:36:42","date_gmt":"2021-01-28T13:36:42","guid":{"rendered":"https:\/\/kaffeecenter.ch\/product\/import-placeholder-for-1504\/"},"modified":"2023-11-21T01:24:09","modified_gmt":"2023-11-21T00:24:09","slug":"jura-feinschaumduese","status":"publish","type":"product","link":"https:\/\/kaffeecenter.ch\/fr\/produit\/jura-feinschaumduese\/","title":{"rendered":"Jura buse \u00e0 mousse fine"},"content":{"rendered":"","protected":false},"excerpt":{"rendered":"<p>Avis aux amateurs de cappuccino : gr\u00e2ce \u00e0 la technologie r\u00e9volutionnaire de mousse fine, la buse de JURA pr\u00e9pare une mousse de lait \u00e0 pores fins d'une consistance durable.<\/p>\n<p>Pour cela, le lait est aspir\u00e9, chauff\u00e9 et brass\u00e9 avec de l'air dans le syst\u00e8me \u00e0 plusieurs chambres. Il en r\u00e9sulte une mousse de lait sans pareille, qui flatte d\u00e9licatement le palais et la langue et se pr\u00eate parfaitement aux d\u00e9corations.<\/p>\n<p>Pour un nettoyage efficace et une hygi\u00e8ne optimale, la buse \u00e0 mousse fine est d\u00e9sormais \u00e9quip\u00e9e d'un \u00e9coulement de lait interchangeable. Pour des raisons d'hygi\u00e8ne, nous recommandons de changer r\u00e9guli\u00e8rement l'\u00e9coulement de lait interchangeable (tous les deux mois environ).<\/p>\n<p>Des becs verseurs de rechange sont disponibles dans le commerce sp\u00e9cialis\u00e9.<\/p>\n<p>Compatible avec :<\/p>\n<ul>\n<li>E8 \/ E80 \/ E800<\/li>\n<li>E6 \/ E60 \/ E600<\/li>\n<li>D6 \/ D60 \/ D600<\/li>\n<li>WE8<\/li>\n<\/ul>","protected":false},"featured_media":154,"template":"","meta":{"inline_featured_image":false},"product_brand":[],"product_cat":[46,33],"product_tag":[47,35],"class_list":{"0":"post-66","1":"product","2":"type-product","3":"status-publish","4":"has-post-thumbnail","6":"product_cat-duesen","7":"product_cat-zubehoer","8":"product_tag-duesen","9":"product_tag-zubehoer","11":"first","12":"instock","13":"taxable","14":"shipping-taxable","15":"purchasable","16":"product-type-simple"},"aioseo_notices":[],"_links":{"self":[{"href":"https:\/\/kaffeecenter.ch\/fr\/wp-json\/wp\/v2\/product\/66","targetHints":{"allow":["GET"]}}],"collection":[{"href":"https:\/\/kaffeecenter.ch\/fr\/wp-json\/wp\/v2\/product"}],"about":[{"href":"https:\/\/kaffeecenter.ch\/fr\/wp-json\/wp\/v2\/types\/product"}],"wp:featuredmedia":[{"embeddable":true,"href":"https:\/\/kaffeecenter.ch\/fr\/wp-json\/wp\/v2\/media\/154"}],"wp:attachment":[{"href":"https:\/\/kaffeecenter.ch\/fr\/wp-json\/wp\/v2\/media?parent=66"}],"wp:term":[{"taxonomy":"product_brand","embeddable":true,"href":"https:\/\/kaffeecenter.ch\/fr\/wp-json\/wp\/v2\/product_brand?post=66"},{"taxonomy":"product_cat","embeddable":true,"href":"https:\/\/kaffeecenter.ch\/fr\/wp-json\/wp\/v2\/product_cat?post=66"},{"taxonomy":"product_tag","embeddable":true,"href":"https:\/\/kaffeecenter.ch\/fr\/wp-json\/wp\/v2\/product_tag?post=66"}],"curies":[{"name":"wp","href":"https:\/\/api.w.org\/{rel}","templated":true}]}}