{"id":65,"date":"2021-01-28T14:36:42","date_gmt":"2021-01-28T13:36:42","guid":{"rendered":"https:\/\/kaffeecenter.ch\/product\/import-placeholder-for-1502\/"},"modified":"2024-02-14T23:23:51","modified_gmt":"2024-02-14T22:23:51","slug":"jura-profi-feinschaumduese","status":"publish","type":"product","link":"https:\/\/kaffeecenter.ch\/fr\/produit\/jura-profi-feinschaumduese\/","title":{"rendered":"Jura buse mousse fine professionnelle"},"content":{"rendered":"","protected":false},"excerpt":{"rendered":"<p>La buse multifonctionnelle a \u00e9t\u00e9 sp\u00e9cialement con\u00e7ue pour la pr\u00e9paration de sp\u00e9cialit\u00e9s de caf\u00e9 avec du lait et de la mousse de lait. Elle permet de r\u00e9ussir \u00e0 chaque fois un latte macchiato, un cappuccino ou du lait chaud et de la mousse de lait pour le cacao.<\/p>\n<p>Dans la premi\u00e8re zone, le syst\u00e8me \u00e0 plusieurs chambres fait mousser le lait avec une qualit\u00e9 de barista sup\u00e9rieure. La technologie r\u00e9volutionnaire de mousse fine fournit une mousse de lait \u00e0 pores fins d'une consistance durable et fait de la d\u00e9gustation une f\u00eate pour le palais et la langue. En position II, le lait est aspir\u00e9 et chauff\u00e9.<\/p>\n<p>Combin\u00e9s aux excellents r\u00e9sultats du caf\u00e9, ils ouvrent des portes vers de toutes nouvelles dimensions de plaisir. Une diff\u00e9rence qui se voit et se go\u00fbte.<\/p>\n<p>Pour un nettoyage efficace et une hygi\u00e8ne optimale, la buse \u00e0 mousse fine professionnelle est d\u00e9sormais \u00e9quip\u00e9e d'un \u00e9coulement de lait interchangeable. Pour des raisons d'hygi\u00e8ne, nous recommandons de changer r\u00e9guli\u00e8rement l'\u00e9coulement de lait interchangeable (tous les deux mois environ).<\/p>\n<p>Des becs verseurs de rechange sont disponibles dans le commerce sp\u00e9cialis\u00e9.<\/p>\n<p>Compatible avec :<\/p>\n<ul>\n<li>E8 \/ E80 \/ E800 (2015)<\/li>\n<li>WE8<\/li>\n<\/ul>","protected":false},"featured_media":151,"template":"","meta":{"inline_featured_image":false},"product_brand":[],"product_cat":[46,33],"product_tag":[47,35],"class_list":{"0":"post-65","1":"product","2":"type-product","3":"status-publish","4":"has-post-thumbnail","6":"product_cat-duesen","7":"product_cat-zubehoer","8":"product_tag-duesen","9":"product_tag-zubehoer","11":"first","12":"instock","13":"taxable","14":"shipping-taxable","15":"purchasable","16":"product-type-simple"},"aioseo_notices":[],"_links":{"self":[{"href":"https:\/\/kaffeecenter.ch\/fr\/wp-json\/wp\/v2\/product\/65","targetHints":{"allow":["GET"]}}],"collection":[{"href":"https:\/\/kaffeecenter.ch\/fr\/wp-json\/wp\/v2\/product"}],"about":[{"href":"https:\/\/kaffeecenter.ch\/fr\/wp-json\/wp\/v2\/types\/product"}],"wp:featuredmedia":[{"embeddable":true,"href":"https:\/\/kaffeecenter.ch\/fr\/wp-json\/wp\/v2\/media\/151"}],"wp:attachment":[{"href":"https:\/\/kaffeecenter.ch\/fr\/wp-json\/wp\/v2\/media?parent=65"}],"wp:term":[{"taxonomy":"product_brand","embeddable":true,"href":"https:\/\/kaffeecenter.ch\/fr\/wp-json\/wp\/v2\/product_brand?post=65"},{"taxonomy":"product_cat","embeddable":true,"href":"https:\/\/kaffeecenter.ch\/fr\/wp-json\/wp\/v2\/product_cat?post=65"},{"taxonomy":"product_tag","embeddable":true,"href":"https:\/\/kaffeecenter.ch\/fr\/wp-json\/wp\/v2\/product_tag?post=65"}],"curies":[{"name":"wp","href":"https:\/\/api.w.org\/{rel}","templated":true}]}}