{"id":54,"date":"2021-01-28T14:36:14","date_gmt":"2021-01-28T13:36:14","guid":{"rendered":"https:\/\/kaffeecenter.ch\/product\/import-placeholder-for-1488\/"},"modified":"2021-05-12T10:44:36","modified_gmt":"2021-05-12T08:44:36","slug":"jura-glas-milchbehaelter","status":"publish","type":"product","link":"https:\/\/kaffeecenter.ch\/fr\/produit\/jura-glas-milchbehaelter\/","title":{"rendered":"Jura R\u00e9cipient \u00e0 lait en verre"},"content":{"rendered":"","protected":false},"excerpt":{"rendered":"<p>Le r\u00e9servoir \u00e0 lait en verre est indispensable en tant que compl\u00e9ment id\u00e9al pour tous les amateurs de caf\u00e9 qui aiment se r\u00e9galer de temps en temps, ainsi que leur famille et leurs invit\u00e9s, avec un flat white, un latte macchiato ou un cappuccino tr\u00e8s tendance. Parfaitement adapt\u00e9 au langage du design de JURA, il se range facilement dans le r\u00e9frig\u00e9rateur et peut \u00eatre raccord\u00e9 \u00e0 la machine \u00e0 caf\u00e9 enti\u00e8rement automatique en cas de besoin.  La lance \u00e0 lait dispose d'une hauteur de raccordement id\u00e9ale pour que le lait soit facilement aspir\u00e9 et mouss\u00e9 \u00e0 tout moment. Le r\u00e9cipient a une capacit\u00e9 de 0,5 litre et peut \u00eatre lav\u00e9 au lave-vaisselle.<\/p>","protected":false},"featured_media":132,"template":"","meta":{"inline_featured_image":false},"product_brand":[],"product_cat":[40,33],"product_tag":[41,35],"class_list":{"0":"post-54","1":"product","2":"type-product","3":"status-publish","4":"has-post-thumbnail","6":"product_cat-milchbehaelter","7":"product_cat-zubehoer","8":"product_tag-milchbehaelter","9":"product_tag-zubehoer","11":"first","12":"instock","13":"taxable","14":"shipping-taxable","15":"purchasable","16":"product-type-simple"},"aioseo_notices":[],"_links":{"self":[{"href":"https:\/\/kaffeecenter.ch\/fr\/wp-json\/wp\/v2\/product\/54","targetHints":{"allow":["GET"]}}],"collection":[{"href":"https:\/\/kaffeecenter.ch\/fr\/wp-json\/wp\/v2\/product"}],"about":[{"href":"https:\/\/kaffeecenter.ch\/fr\/wp-json\/wp\/v2\/types\/product"}],"wp:featuredmedia":[{"embeddable":true,"href":"https:\/\/kaffeecenter.ch\/fr\/wp-json\/wp\/v2\/media\/132"}],"wp:attachment":[{"href":"https:\/\/kaffeecenter.ch\/fr\/wp-json\/wp\/v2\/media?parent=54"}],"wp:term":[{"taxonomy":"product_brand","embeddable":true,"href":"https:\/\/kaffeecenter.ch\/fr\/wp-json\/wp\/v2\/product_brand?post=54"},{"taxonomy":"product_cat","embeddable":true,"href":"https:\/\/kaffeecenter.ch\/fr\/wp-json\/wp\/v2\/product_cat?post=54"},{"taxonomy":"product_tag","embeddable":true,"href":"https:\/\/kaffeecenter.ch\/fr\/wp-json\/wp\/v2\/product_tag?post=54"}],"curies":[{"name":"wp","href":"https:\/\/api.w.org\/{rel}","templated":true}]}}