{"id":25,"date":"2021-01-28T14:35:20","date_gmt":"2021-01-28T13:35:20","guid":{"rendered":"https:\/\/kaffeecenter.ch\/product\/import-placeholder-for-1435\/"},"modified":"2024-02-12T14:50:46","modified_gmt":"2024-02-12T13:50:46","slug":"3-filterpatronen-claris-blue","status":"publish","type":"product","link":"https:\/\/kaffeecenter.ch\/fr\/produit\/3-filterpatronen-claris-blue\/","title":{"rendered":"CLARIS Blue (3 filtres)"},"content":{"rendered":"","protected":false},"excerpt":{"rendered":"<p>Le caf\u00e9 est compos\u00e9 \u00e0 98% d'eau. Plus la qualit\u00e9 est bonne, plus l'ar\u00f4me est pur et inalt\u00e9r\u00e9. CLARIS filtre l'eau de mani\u00e8re fiable. Ce qui reste, c'est l'ingr\u00e9dient optimal pour un caf\u00e9 parfait : de l'eau pure pour un plaisir pur.<\/p>\n<p>La nouvelle formule de protection a \u00e9t\u00e9 sp\u00e9cialement d\u00e9velopp\u00e9e en vue des machines automatiques modernes dot\u00e9es de la fonction One-Touch Cappuccino. Elle contient une substance min\u00e9rale qui stabilise le carbonate de calcium. Ainsi, il ne se d\u00e9pose pas dans le syst\u00e8me de fluide, m\u00eame en cas d'utilisation fr\u00e9quente de vapeur. Cela permet de pr\u00e9venir activement l'obstruction des conduites.<\/p>\n<p>Mais CLARIS peut faire bien plus : en plus du calcaire, il filtre de nombreuses autres substances qui influencent le go\u00fbt et l'odeur de l'eau. Les min\u00e9raux et les fluorures, essentiels pour la sant\u00e9, sont toutefois pr\u00e9serv\u00e9s.<\/p>\n<p><strong>Convient \u00e0 toutes les eaux du robinet<\/strong><br \/>\nCLARIS Blue fonctionne selon le principe professionnel du courant ascendant et filtre toujours la quantit\u00e9 exacte d'eau n\u00e9cessaire \u00e0 la pr\u00e9paration. Gr\u00e2ce \u00e0 leur formule r\u00e9volutionnaire, les cartouches filtrantes conviennent parfaitement \u00e0 toutes les eaux du robinet dans le monde. Les granul\u00e9s adapt\u00e9s filtrent le calcaire \u00e0 un niveau toujours optimal (m\u00eame en cas de faible duret\u00e9 de l'eau) et r\u00e9duisent tous les polluants plus efficacement que jamais. Les min\u00e9raux et les fluorures, qui sont d'importants vecteurs de go\u00fbt, sont ainsi enti\u00e8rement pr\u00e9serv\u00e9s. Gr\u00e2ce \u00e0 la stabilisation optimale du calcaire et au filtrage efficace des substances nocives, le r\u00e9sultat est toujours une qualit\u00e9 d'eau optimale pour un ar\u00f4me de caf\u00e9 parfait.<\/p>\n<p>CLARIS, utilis\u00e9 correctement, rend le d\u00e9tartrage totalement superflu. Cela augmente le confort et vous fait gagner un temps pr\u00e9cieux. Il est prouv\u00e9 que des conduites, des \u00e9l\u00e9ments chauffants et une pompe propres, sans d\u00e9p\u00f4ts de calcaire, prolongent la vie de votre machine automatique et contribuent \u00e0 pr\u00e9server sa valeur.<\/p>\n<p>Seules les cartouches filtrantes CLARIS d'origine sont exactement adapt\u00e9es aux machines automatiques JURA en termes de composition et de d\u00e9bit. Lors de l'achat de filtres, veillez donc imp\u00e9rativement \u00e0 ce qu'ils portent le label de qualit\u00e9 JURA. Cela en vaut la peine.<\/p>\n<p>Offrez-vous, ainsi qu'\u00e0 votre machine \u00e0 caf\u00e9 automatique JURA, les nouveaux filtres CLARIS et laissez-vous convaincre par leurs nombreux avantages.<br \/>\nNous vous proposons le nouveau lot de 3 \u00e0 un prix pr\u00e9f\u00e9rentiel tr\u00e8s int\u00e9ressant. Nous vous souhaitons un caf\u00e9 parfait dans une nouvelle dimension.<\/p>\n<p>La cartouche filtrante CLARIS Blue peut \u00eatre utilis\u00e9e sur toutes les machines automatiques JURA dont le porte-filtre du r\u00e9servoir d'eau est bleu.<\/p>","protected":false},"featured_media":83,"template":"","meta":{"inline_featured_image":false},"product_brand":[],"product_cat":[17,16],"product_tag":[18,19],"class_list":{"0":"post-25","1":"product","2":"type-product","3":"status-publish","4":"has-post-thumbnail","6":"product_cat-filterpatrone","7":"product_cat-pflegeprodukte","8":"product_tag-filterpatrone","9":"product_tag-pflegeprodukte","11":"first","12":"instock","13":"taxable","14":"shipping-taxable","15":"purchasable","16":"product-type-simple"},"aioseo_notices":[],"_links":{"self":[{"href":"https:\/\/kaffeecenter.ch\/fr\/wp-json\/wp\/v2\/product\/25","targetHints":{"allow":["GET"]}}],"collection":[{"href":"https:\/\/kaffeecenter.ch\/fr\/wp-json\/wp\/v2\/product"}],"about":[{"href":"https:\/\/kaffeecenter.ch\/fr\/wp-json\/wp\/v2\/types\/product"}],"wp:featuredmedia":[{"embeddable":true,"href":"https:\/\/kaffeecenter.ch\/fr\/wp-json\/wp\/v2\/media\/83"}],"wp:attachment":[{"href":"https:\/\/kaffeecenter.ch\/fr\/wp-json\/wp\/v2\/media?parent=25"}],"wp:term":[{"taxonomy":"product_brand","embeddable":true,"href":"https:\/\/kaffeecenter.ch\/fr\/wp-json\/wp\/v2\/product_brand?post=25"},{"taxonomy":"product_cat","embeddable":true,"href":"https:\/\/kaffeecenter.ch\/fr\/wp-json\/wp\/v2\/product_cat?post=25"},{"taxonomy":"product_tag","embeddable":true,"href":"https:\/\/kaffeecenter.ch\/fr\/wp-json\/wp\/v2\/product_tag?post=25"}],"curies":[{"name":"wp","href":"https:\/\/api.w.org\/{rel}","templated":true}]}}