{"id":23,"date":"2021-01-28T14:35:19","date_gmt":"2021-01-28T14:35:19","guid":{"rendered":"https:\/\/kaffeecenter.ch\/product\/import-placeholder-for-1343\/"},"modified":"2025-01-14T09:10:20","modified_gmt":"2025-01-14T08:10:20","slug":"1000g-kaffeebohnen-hausmischung","status":"publish","type":"product","link":"https:\/\/kaffeecenter.ch\/fr\/produit\/1000g-kaffeebohnen-hausmischung\/","title":{"rendered":"1000g de caf\u00e9 en grains m\u00e9lange maison"},"content":{"rendered":"","protected":false},"excerpt":{"rendered":"<p>Notre recommandation de la maison<\/p>\n<p>Laissez-vous tenter par une tasse de caf\u00e9 pr\u00e9par\u00e9e \u00e0 partir de notre m\u00e9lange maison. Gr\u00e2ce \u00e0 la composition particuli\u00e8re de grains de caf\u00e9 sp\u00e9cialement s\u00e9lectionn\u00e9s, votre palais sera envelopp\u00e9 d'un ar\u00f4me sensuel lors de la d\u00e9gustation de notre m\u00e9lange maison, pour le plus grand plaisir du caf\u00e9.<\/p>\n<p>Avec notre m\u00e9lange, vous n'avez aucune limite. Laissez-vous convaincre par la diversit\u00e9 du m\u00e9lange, qu'il s'agisse de caf\u00e9, d'espresso ou de latte macchiato.<\/p>","protected":false},"featured_media":70,"template":"","meta":{"inline_featured_image":false},"product_brand":[],"product_cat":[27,26],"product_tag":[28],"class_list":{"0":"post-23","1":"product","2":"type-product","3":"status-publish","4":"has-post-thumbnail","6":"product_cat-hausmischung","7":"product_cat-kaffeebohnen","8":"product_tag-kaffeebohnen","10":"first","11":"instock","12":"taxable","13":"shipping-taxable","14":"purchasable","15":"product-type-simple"},"aioseo_notices":[],"_links":{"self":[{"href":"https:\/\/kaffeecenter.ch\/fr\/wp-json\/wp\/v2\/product\/23","targetHints":{"allow":["GET"]}}],"collection":[{"href":"https:\/\/kaffeecenter.ch\/fr\/wp-json\/wp\/v2\/product"}],"about":[{"href":"https:\/\/kaffeecenter.ch\/fr\/wp-json\/wp\/v2\/types\/product"}],"wp:featuredmedia":[{"embeddable":true,"href":"https:\/\/kaffeecenter.ch\/fr\/wp-json\/wp\/v2\/media\/70"}],"wp:attachment":[{"href":"https:\/\/kaffeecenter.ch\/fr\/wp-json\/wp\/v2\/media?parent=23"}],"wp:term":[{"taxonomy":"product_brand","embeddable":true,"href":"https:\/\/kaffeecenter.ch\/fr\/wp-json\/wp\/v2\/product_brand?post=23"},{"taxonomy":"product_cat","embeddable":true,"href":"https:\/\/kaffeecenter.ch\/fr\/wp-json\/wp\/v2\/product_cat?post=23"},{"taxonomy":"product_tag","embeddable":true,"href":"https:\/\/kaffeecenter.ch\/fr\/wp-json\/wp\/v2\/product_tag?post=23"}],"curies":[{"name":"wp","href":"https:\/\/api.w.org\/{rel}","templated":true}]}}