{"id":208,"date":"2021-01-28T14:44:17","date_gmt":"2021-01-28T13:44:17","guid":{"rendered":"https:\/\/kaffeecenter.ch\/product\/import-placeholder-for-3961\/"},"modified":"2024-02-12T14:43:35","modified_gmt":"2024-02-12T13:43:35","slug":"2-filterpatronen-claris-pro-smart-maxi","status":"publish","type":"product","link":"https:\/\/kaffeecenter.ch\/fr\/produit\/2-filterpatronen-claris-pro-smart-maxi\/","title":{"rendered":"CLARIS Pro Smart maxi (2 filtres)"},"content":{"rendered":"","protected":false},"excerpt":{"rendered":"<p><strong>Le filtre \u00e0 eau intelligent<br \/>\n<\/strong>Le caf\u00e9 est compos\u00e9 \u00e0 98 % d'eau. Sa qualit\u00e9 parfaite est donc essentielle pour obtenir un caf\u00e9 parfait. CLARIS Pro Smart maxi stoppe le calcaire, le chlore et les m\u00e9taux lourds. Il dispose du principe professionnel du courant ascendant et filtre toujours la quantit\u00e9 exacte d'eau n\u00e9cessaire \u00e0 la pr\u00e9paration.<\/p>\n<p>Gr\u00e2ce \u00e0 I.W.S.<sup>\u00ae<\/sup> (Intelligent Water System) et la technologie RFID (Radio-frequency Identification), le distributeur automatique communique avec le filtre et signale lorsque la capacit\u00e9 est \u00e9puis\u00e9e. Le remplacement du filtre n'a jamais \u00e9t\u00e9 aussi simple.<\/p>\n<p><strong>Avantages de CLARIS Pro Smart maxi<br \/>\n<\/strong>CLARIS, utilis\u00e9 correctement, rend le d\u00e9tartrage totalement superflu. Cela augmente le confort et vous fait gagner un temps pr\u00e9cieux. Il est prouv\u00e9 que des conduites, des \u00e9l\u00e9ments chauffants et une pompe propres, sans d\u00e9p\u00f4ts de calcaire, prolongent la vie de votre machine automatique et contribuent \u00e0 pr\u00e9server sa valeur.<\/p>\n<p>Seules les cartouches filtrantes CLARIS d'origine sont exactement adapt\u00e9es aux machines automatiques JURA en termes de composition et de d\u00e9bit. Lors de l'achat de filtres, veillez donc imp\u00e9rativement \u00e0 ce qu'ils portent le label de qualit\u00e9 JURA. Cela en vaut la peine.<\/p>\n<p>* CLARIS Pro Smart maxi a \u00e9t\u00e9 con\u00e7u pour les machines \u00e0 caf\u00e9 automatiques suivantes \u00e9quip\u00e9es du syst\u00e8me d'eau intelligent (I.W.S.).<sup>\u00ae<\/sup>) ont \u00e9t\u00e9 d\u00e9velopp\u00e9s : GIGA X8, GIGA X3, X10, X8, X6<\/p>","protected":false},"featured_media":281,"template":"","meta":{"inline_featured_image":false},"product_brand":[],"product_cat":[17,16],"product_tag":[18,19],"class_list":{"0":"post-208","1":"product","2":"type-product","3":"status-publish","4":"has-post-thumbnail","6":"product_cat-filterpatrone","7":"product_cat-pflegeprodukte","8":"product_tag-filterpatrone","9":"product_tag-pflegeprodukte","11":"first","12":"instock","13":"taxable","14":"shipping-taxable","15":"purchasable","16":"product-type-simple"},"aioseo_notices":[],"_links":{"self":[{"href":"https:\/\/kaffeecenter.ch\/fr\/wp-json\/wp\/v2\/product\/208","targetHints":{"allow":["GET"]}}],"collection":[{"href":"https:\/\/kaffeecenter.ch\/fr\/wp-json\/wp\/v2\/product"}],"about":[{"href":"https:\/\/kaffeecenter.ch\/fr\/wp-json\/wp\/v2\/types\/product"}],"wp:featuredmedia":[{"embeddable":true,"href":"https:\/\/kaffeecenter.ch\/fr\/wp-json\/wp\/v2\/media\/281"}],"wp:attachment":[{"href":"https:\/\/kaffeecenter.ch\/fr\/wp-json\/wp\/v2\/media?parent=208"}],"wp:term":[{"taxonomy":"product_brand","embeddable":true,"href":"https:\/\/kaffeecenter.ch\/fr\/wp-json\/wp\/v2\/product_brand?post=208"},{"taxonomy":"product_cat","embeddable":true,"href":"https:\/\/kaffeecenter.ch\/fr\/wp-json\/wp\/v2\/product_cat?post=208"},{"taxonomy":"product_tag","embeddable":true,"href":"https:\/\/kaffeecenter.ch\/fr\/wp-json\/wp\/v2\/product_tag?post=208"}],"curies":[{"name":"wp","href":"https:\/\/api.w.org\/{rel}","templated":true}]}}