{"id":205,"date":"2021-01-28T14:44:16","date_gmt":"2021-01-28T13:44:16","guid":{"rendered":"https:\/\/kaffeecenter.ch\/product\/import-placeholder-for-3147\/"},"modified":"2024-02-12T14:44:07","modified_gmt":"2024-02-12T13:44:07","slug":"filterpatrone-claris-pro-smart","status":"publish","type":"product","link":"https:\/\/kaffeecenter.ch\/fr\/produit\/filterpatrone-claris-pro-smart\/","title":{"rendered":"CLARIS Pro Smart (4 filtres)"},"content":{"rendered":"","protected":false},"excerpt":{"rendered":"<p>Le caf\u00e9 est compos\u00e9 \u00e0 98% d'eau. Sa qualit\u00e9 parfaite est donc essentielle pour obtenir un caf\u00e9 parfait. Avec CLARIS Pro Smart, JURA r\u00e9volutionne la filtration de l'eau. Pour la premi\u00e8re fois, une machine automatique* communique en permanence avec le filtre gr\u00e2ce \u00e0 la technologie moderne RFID (RFID = Radio-frequency Identification). Il reconna\u00eet si un filtre est ins\u00e9r\u00e9 et active automatiquement le mode correspondant. Il collecte en permanence des informations sur l'utilisation du filtre et signale lorsque la capacit\u00e9 est \u00e9puis\u00e9e. Ainsi, non seulement le remplacement du filtre n'a jamais \u00e9t\u00e9 aussi simple, mais CLARIS Pro Smart peut \u00e9galement d\u00e9ployer son efficacit\u00e9 de mani\u00e8re id\u00e9ale.<\/p>\n<p><strong>Convient \u00e0 toutes les eaux du robinet<\/strong><br \/>\nCLARIS Pro Smart fonctionne selon le principe professionnel du courant ascendant et filtre toujours la quantit\u00e9 exacte d'eau n\u00e9cessaire \u00e0 la pr\u00e9paration. Gr\u00e2ce \u00e0 leur formule r\u00e9volutionnaire, les cartouches filtrantes conviennent parfaitement \u00e0 toutes les eaux du robinet dans le monde. Les granul\u00e9s adapt\u00e9s filtrent le calcaire \u00e0 un niveau toujours optimal (m\u00eame en cas de faible duret\u00e9 de l'eau) et r\u00e9duisent tous les polluants plus efficacement que jamais. Les min\u00e9raux et les fluorures, qui sont d'importants vecteurs de go\u00fbt, sont ainsi enti\u00e8rement pr\u00e9serv\u00e9s. Gr\u00e2ce \u00e0 la stabilisation optimale du calcaire et au filtrage efficace des substances nocives, le r\u00e9sultat est toujours une qualit\u00e9 d'eau optimale pour un ar\u00f4me de caf\u00e9 parfait.<\/p>\n<p>CLARIS, utilis\u00e9 correctement, rend le d\u00e9tartrage totalement superflu. Cela augmente le confort et vous fait gagner un temps pr\u00e9cieux. Il est prouv\u00e9 que des conduites, des \u00e9l\u00e9ments chauffants et une pompe propres, sans d\u00e9p\u00f4ts de calcaire, prolongent la vie de votre machine automatique et contribuent \u00e0 pr\u00e9server sa valeur.<\/p>\n<p>Seules les cartouches filtrantes CLARIS d'origine sont exactement adapt\u00e9es aux machines automatiques JURA en termes de composition et de d\u00e9bit. Lors de l'achat de filtres, veillez donc imp\u00e9rativement \u00e0 ce qu'ils portent le label de qualit\u00e9 JURA. Cela en vaut la peine.<\/p>\n<p>* CLARIS Pro Smart a \u00e9t\u00e9 con\u00e7u pour les machines automatiques suivantes \u00e9quip\u00e9es du syst\u00e8me d'eau intelligent (I.W.S.\u00ae) :<\/p>\n<ul>\n<li>GIGA X8<\/li>\n<li>X8<\/li>\n<li>X6<\/li>\n<li>WE8<\/li>\n<li>WE6<\/li>\n<\/ul>","protected":false},"featured_media":14925,"template":"","meta":{"inline_featured_image":false},"product_brand":[],"product_cat":[17,16],"product_tag":[18,19],"class_list":{"0":"post-205","1":"product","2":"type-product","3":"status-publish","4":"has-post-thumbnail","6":"product_cat-filterpatrone","7":"product_cat-pflegeprodukte","8":"product_tag-filterpatrone","9":"product_tag-pflegeprodukte","11":"first","12":"instock","13":"taxable","14":"shipping-taxable","15":"purchasable","16":"product-type-simple"},"aioseo_notices":[],"_links":{"self":[{"href":"https:\/\/kaffeecenter.ch\/fr\/wp-json\/wp\/v2\/product\/205","targetHints":{"allow":["GET"]}}],"collection":[{"href":"https:\/\/kaffeecenter.ch\/fr\/wp-json\/wp\/v2\/product"}],"about":[{"href":"https:\/\/kaffeecenter.ch\/fr\/wp-json\/wp\/v2\/types\/product"}],"wp:featuredmedia":[{"embeddable":true,"href":"https:\/\/kaffeecenter.ch\/fr\/wp-json\/wp\/v2\/media\/14925"}],"wp:attachment":[{"href":"https:\/\/kaffeecenter.ch\/fr\/wp-json\/wp\/v2\/media?parent=205"}],"wp:term":[{"taxonomy":"product_brand","embeddable":true,"href":"https:\/\/kaffeecenter.ch\/fr\/wp-json\/wp\/v2\/product_brand?post=205"},{"taxonomy":"product_cat","embeddable":true,"href":"https:\/\/kaffeecenter.ch\/fr\/wp-json\/wp\/v2\/product_cat?post=205"},{"taxonomy":"product_tag","embeddable":true,"href":"https:\/\/kaffeecenter.ch\/fr\/wp-json\/wp\/v2\/product_tag?post=205"}],"curies":[{"name":"wp","href":"https:\/\/api.w.org\/{rel}","templated":true}]}}