{"id":204,"date":"2021-01-28T14:44:16","date_gmt":"2021-01-28T13:44:16","guid":{"rendered":"https:\/\/kaffeecenter.ch\/product\/import-placeholder-for-3142\/"},"modified":"2024-02-12T14:44:54","modified_gmt":"2024-02-12T13:44:54","slug":"4-filterpatronen-claris-pro-white","status":"publish","type":"product","link":"https:\/\/kaffeecenter.ch\/fr\/produit\/4-filterpatronen-claris-pro-white\/","title":{"rendered":"CLARIS Pro White (4 filtres)"},"content":{"rendered":"","protected":false},"excerpt":{"rendered":"<p>En utilisant la cartouche filtrante CLARIS, vous obtenez toujours une eau fra\u00eechement filtr\u00e9e et bienfaisante pour le caf\u00e9 et le th\u00e9. Elle a \u00e9t\u00e9 sp\u00e9cialement con\u00e7ue pour les machines automatiques \u00e0 sp\u00e9cialit\u00e9s de caf\u00e9 de JURA, son pH est neutre pour le caf\u00e9 et elle est plac\u00e9e directement dans le r\u00e9servoir d'eau.<\/p>\n<p>Vous obtenez ainsi trois avantages pr\u00e9cieux :<\/p>\n<ul>\n<li>Garantie que votre eau de caf\u00e9 est fra\u00eechement filtr\u00e9e avant chaque distribution.<\/li>\n<li>De l'eau fra\u00eeche et des ar\u00f4mes authentiques pour un maximum de caresses pour votre palais.<\/li>\n<li>Dur\u00e9e de protection \u00e0 vie de votre appareil (plus besoin de d\u00e9tartrage).<\/li>\n<\/ul>\n<p>CLARIS de JURA est dur avec le calcaire, mais doux avec la machine \u00e0 caf\u00e9.<br \/>\nFonctionnant selon le principe professionnel du courant ascendant, CLARIS Pro White se distingue par une capacit\u00e9 de filtration significativement accrue, jusqu'\u00e0 300 litres (voir graphique). Cela permet de minimiser le temps pass\u00e9 \u00e0 changer le filtre, d'\u00e9conomiser de l'argent et de conserver la m\u00eame qualit\u00e9 de filtration.<\/p>\n<p><strong>Important<\/strong><br \/>\nPour que l'indication de remplacement du filtre n'apparaisse pas comme d'habitude d\u00e9j\u00e0 apr\u00e8s 50 litres, une adaptation des r\u00e9glages programmables est n\u00e9cessaire lors de la premi\u00e8re utilisation de CLARIS Pro White. Celle-ci peut \u00eatre effectu\u00e9e exclusivement par les partenaires de service agr\u00e9\u00e9s de JURA.<\/p>\n<p><strong>Domaine d'application<\/strong><br \/>\nCLARIS Pro White est id\u00e9al pour une utilisation dans toutes les machines automatiques \u00e0 deux moulins de JURA (IMPRESSA X9 Win, IMPRESSA X9 et IMPRESSA X7-S).<\/p>","protected":false},"featured_media":269,"template":"","meta":{"inline_featured_image":false},"product_brand":[],"product_cat":[17,16],"product_tag":[18,19],"class_list":{"0":"post-204","1":"product","2":"type-product","3":"status-publish","4":"has-post-thumbnail","6":"product_cat-filterpatrone","7":"product_cat-pflegeprodukte","8":"product_tag-filterpatrone","9":"product_tag-pflegeprodukte","11":"first","12":"instock","13":"taxable","14":"shipping-taxable","15":"purchasable","16":"product-type-simple"},"aioseo_notices":[],"_links":{"self":[{"href":"https:\/\/kaffeecenter.ch\/fr\/wp-json\/wp\/v2\/product\/204","targetHints":{"allow":["GET"]}}],"collection":[{"href":"https:\/\/kaffeecenter.ch\/fr\/wp-json\/wp\/v2\/product"}],"about":[{"href":"https:\/\/kaffeecenter.ch\/fr\/wp-json\/wp\/v2\/types\/product"}],"wp:featuredmedia":[{"embeddable":true,"href":"https:\/\/kaffeecenter.ch\/fr\/wp-json\/wp\/v2\/media\/269"}],"wp:attachment":[{"href":"https:\/\/kaffeecenter.ch\/fr\/wp-json\/wp\/v2\/media?parent=204"}],"wp:term":[{"taxonomy":"product_brand","embeddable":true,"href":"https:\/\/kaffeecenter.ch\/fr\/wp-json\/wp\/v2\/product_brand?post=204"},{"taxonomy":"product_cat","embeddable":true,"href":"https:\/\/kaffeecenter.ch\/fr\/wp-json\/wp\/v2\/product_cat?post=204"},{"taxonomy":"product_tag","embeddable":true,"href":"https:\/\/kaffeecenter.ch\/fr\/wp-json\/wp\/v2\/product_tag?post=204"}],"curies":[{"name":"wp","href":"https:\/\/api.w.org\/{rel}","templated":true}]}}