{"id":20,"date":"2021-01-28T14:35:19","date_gmt":"2021-01-28T13:35:19","guid":{"rendered":"https:\/\/kaffeecenter.ch\/product\/import-placeholder-for-1334\/"},"modified":"2023-11-23T06:51:05","modified_gmt":"2023-11-23T05:51:05","slug":"36-2-phasen-entkalkungstabletten","status":"publish","type":"product","link":"https:\/\/kaffeecenter.ch\/fr\/produit\/36-2-phasen-entkalkungstabletten\/","title":{"rendered":"36 pastilles de d\u00e9tartrage en 2 phases"},"content":{"rendered":"","protected":false},"excerpt":{"rendered":"<p>Pour prolonger la dur\u00e9e de vie de votre machine \u00e0 caf\u00e9, JURA a d\u00e9velopp\u00e9 une pastille de d\u00e9tartrage en 2 phases qui \u00e9limine le calcaire en douceur tout en pr\u00e9servant votre machine \u00e0 caf\u00e9.<\/p>\n<p><strong>NOUVEAU : D\u00e9tartrage en 2 phases<\/strong><br \/>\nLa tablette de d\u00e9tartrage sp\u00e9cialement con\u00e7ue pour les machines \u00e0 caf\u00e9 automatiques JURA avec un temps de dissolution optimis\u00e9 d\u00e9tartre proprement, efficacement et particuli\u00e8rement durablement.<\/p>\n<p>Le processus de d\u00e9tartrage se pr\u00e9sente d\u00e9sormais en deux phases :<\/p>\n<ul>\n<li>Premi\u00e8re phase : \u00e9limine soigneusement et compl\u00e8tement tous les r\u00e9sidus de calcaire dans la machine \u00e0 caf\u00e9.<\/li>\n<li>Phase deux : scelle le syst\u00e8me de fluides et assure une protection durable contre la corrosion pour les conduites et le thermobloc.<\/li>\n<\/ul>\n<p>Seules les tablettes de d\u00e9tartrage originales de JURA garantissent une hygi\u00e8ne et une protection parfaites. Nos formules de protection et nos compositions sont toutes parfaitement adapt\u00e9es aux processus et aux mat\u00e9riaux des machines automatiques JURA.<\/p>\n<p><strong>Sans phosphate<\/strong><br \/>\nChez JURA, une intelligence \u00e9cologique prononc\u00e9e est tout aussi traditionnelle que l'utilisation durable des ressources et de l'\u00e9nergie. C'est pourquoi JURA mise \u00e9galement sur une composition exclusivement sans phosphate pour ses pastilles de d\u00e9tartrage originales. La formule optimis\u00e9e garantit une hygi\u00e8ne certifi\u00e9e par le T\u00dcV tout en pr\u00e9servant l'environnement et en assurant des r\u00e9sultats de caf\u00e9 parfaits.<\/p>","protected":false},"featured_media":67,"template":"","meta":{"inline_featured_image":false},"product_brand":[],"product_cat":[22,16],"product_tag":[23,19],"class_list":{"0":"post-20","1":"product","2":"type-product","3":"status-publish","4":"has-post-thumbnail","6":"product_cat-entkalkungstabletten","7":"product_cat-pflegeprodukte","8":"product_tag-entkalkungstabletten","9":"product_tag-pflegeprodukte","11":"first","12":"instock","13":"taxable","14":"shipping-taxable","15":"purchasable","16":"product-type-simple"},"aioseo_notices":[],"_links":{"self":[{"href":"https:\/\/kaffeecenter.ch\/fr\/wp-json\/wp\/v2\/product\/20","targetHints":{"allow":["GET"]}}],"collection":[{"href":"https:\/\/kaffeecenter.ch\/fr\/wp-json\/wp\/v2\/product"}],"about":[{"href":"https:\/\/kaffeecenter.ch\/fr\/wp-json\/wp\/v2\/types\/product"}],"wp:featuredmedia":[{"embeddable":true,"href":"https:\/\/kaffeecenter.ch\/fr\/wp-json\/wp\/v2\/media\/67"}],"wp:attachment":[{"href":"https:\/\/kaffeecenter.ch\/fr\/wp-json\/wp\/v2\/media?parent=20"}],"wp:term":[{"taxonomy":"product_brand","embeddable":true,"href":"https:\/\/kaffeecenter.ch\/fr\/wp-json\/wp\/v2\/product_brand?post=20"},{"taxonomy":"product_cat","embeddable":true,"href":"https:\/\/kaffeecenter.ch\/fr\/wp-json\/wp\/v2\/product_cat?post=20"},{"taxonomy":"product_tag","embeddable":true,"href":"https:\/\/kaffeecenter.ch\/fr\/wp-json\/wp\/v2\/product_tag?post=20"}],"curies":[{"name":"wp","href":"https:\/\/api.w.org\/{rel}","templated":true}]}}