{"id":196,"date":"2021-01-28T14:43:49","date_gmt":"2021-01-28T13:43:49","guid":{"rendered":"https:\/\/kaffeecenter.ch\/product\/import-placeholder-for-3125\/"},"modified":"2021-05-11T16:09:46","modified_gmt":"2021-05-11T14:09:46","slug":"zubehoerset-fuer-milchsystem-hp-3","status":"publish","type":"product","link":"https:\/\/kaffeecenter.ch\/fr\/produit\/zubehoerset-fuer-milchsystem-hp-3\/","title":{"rendered":"Set d'accessoires pour syst\u00e8me de lait HP 3"},"content":{"rendered":"","protected":false},"excerpt":{"rendered":"<p>Chaque machine automatique qui pr\u00e9pare des sp\u00e9cialit\u00e9s de caf\u00e9 avec du lait est \u00e9quip\u00e9e d'un set d'accessoires pour syst\u00e8mes de lait. Dans le cadre d'une utilisation normale, ce kit doit \u00eatre remplac\u00e9 tous les trois mois.<\/p>\n<p>Chaque set se compose de tuyaux \u00e0 lait, de pi\u00e8ces de raccordement et de tubulures d'aspiration. Les tuyaux \u00e0 lait peuvent \u00eatre coup\u00e9s individuellement.<\/p>\n<p>Selon le syst\u00e8me de lait HP1, HP2 ou HP3, il faut utiliser un set d'accessoires diff\u00e9rent.<\/p>\n<p><strong>Pour savoir si ce set d'accessoires est adapt\u00e9 \u00e0 votre machine \u00e0 caf\u00e9 automatique, cliquez ici :<\/strong><\/p>\n<p>Compatible avec :<\/p>\n<ul>\n<li>Z8<\/li>\n<li>Z6<\/li>\n<li>J6 \/ J60 \/ J600<\/li>\n<li>S8 \/ S80<\/li>\n<li>E800<\/li>\n<li>GIGA X8c<sup>G2<\/sup>\u00a0\/ X8<sup>G2<\/sup><\/li>\n<li>X8<\/li>\n<\/ul>\n<p>Votre machine automatique n'en fait pas partie ? Regardez donc parmi les produits suivants si votre appareil en fait partie :<br \/>\n<a href=\"https:\/\/kaffeecenter.ch\/fr\/shop\/zubehoerset-fuer-milchsystem-hp-1\/\">Set d'accessoires pour syst\u00e8me de lait HP 1<\/a><br \/>\n<a href=\"https:\/\/kaffeecenter.ch\/fr\/shop\/zubehoerset-fuer-milchsystem-hp-2\/\">Set d'accessoires pour syst\u00e8me de lait HP 2<\/a><\/p>","protected":false},"featured_media":267,"template":"","meta":{"inline_featured_image":false},"product_brand":[],"product_cat":[62,33],"product_tag":[63,35],"class_list":{"0":"post-196","1":"product","2":"type-product","3":"status-publish","4":"has-post-thumbnail","6":"product_cat-milchschlaeuche","7":"product_cat-zubehoer","8":"product_tag-milchschlaeuche","9":"product_tag-zubehoer","11":"first","12":"instock","13":"taxable","14":"shipping-taxable","15":"purchasable","16":"product-type-simple"},"aioseo_notices":[],"_links":{"self":[{"href":"https:\/\/kaffeecenter.ch\/fr\/wp-json\/wp\/v2\/product\/196","targetHints":{"allow":["GET"]}}],"collection":[{"href":"https:\/\/kaffeecenter.ch\/fr\/wp-json\/wp\/v2\/product"}],"about":[{"href":"https:\/\/kaffeecenter.ch\/fr\/wp-json\/wp\/v2\/types\/product"}],"wp:featuredmedia":[{"embeddable":true,"href":"https:\/\/kaffeecenter.ch\/fr\/wp-json\/wp\/v2\/media\/267"}],"wp:attachment":[{"href":"https:\/\/kaffeecenter.ch\/fr\/wp-json\/wp\/v2\/media?parent=196"}],"wp:term":[{"taxonomy":"product_brand","embeddable":true,"href":"https:\/\/kaffeecenter.ch\/fr\/wp-json\/wp\/v2\/product_brand?post=196"},{"taxonomy":"product_cat","embeddable":true,"href":"https:\/\/kaffeecenter.ch\/fr\/wp-json\/wp\/v2\/product_cat?post=196"},{"taxonomy":"product_tag","embeddable":true,"href":"https:\/\/kaffeecenter.ch\/fr\/wp-json\/wp\/v2\/product_tag?post=196"}],"curies":[{"name":"wp","href":"https:\/\/api.w.org\/{rel}","templated":true}]}}