{"id":193,"date":"2021-01-28T14:43:49","date_gmt":"2021-01-28T13:43:49","guid":{"rendered":"https:\/\/kaffeecenter.ch\/product\/import-placeholder-for-3088\/"},"modified":"2021-05-12T10:57:41","modified_gmt":"2021-05-12T08:57:41","slug":"10-auswechselbare-milchauslaeufe-fuer-z8-z6-j6-j600-s8","status":"publish","type":"product","link":"https:\/\/kaffeecenter.ch\/fr\/produit\/10-auswechselbare-milchauslaeufe-fuer-z8-z6-j6-j600-s8\/","title":{"rendered":"Ecoulement de lait interchangeable CX3 10 pi\u00e8ces"},"content":{"rendered":"","protected":false},"excerpt":{"rendered":"<p>Le set se compose de 10 sorties de lait interchangeables. Pour des raisons d'hygi\u00e8ne, nous recommandons de changer r\u00e9guli\u00e8rement l'\u00e9coulement de lait interchangeable (tous les 2 mois environ).<\/p>","protected":false},"featured_media":14420,"template":"","meta":{"inline_featured_image":false},"product_brand":[],"product_cat":[46,33],"product_tag":[47,35],"class_list":{"0":"post-193","1":"product","2":"type-product","3":"status-publish","4":"has-post-thumbnail","6":"product_cat-duesen","7":"product_cat-zubehoer","8":"product_tag-duesen","9":"product_tag-zubehoer","11":"first","12":"instock","13":"taxable","14":"shipping-taxable","15":"purchasable","16":"product-type-simple"},"aioseo_notices":[],"_links":{"self":[{"href":"https:\/\/kaffeecenter.ch\/fr\/wp-json\/wp\/v2\/product\/193","targetHints":{"allow":["GET"]}}],"collection":[{"href":"https:\/\/kaffeecenter.ch\/fr\/wp-json\/wp\/v2\/product"}],"about":[{"href":"https:\/\/kaffeecenter.ch\/fr\/wp-json\/wp\/v2\/types\/product"}],"wp:featuredmedia":[{"embeddable":true,"href":"https:\/\/kaffeecenter.ch\/fr\/wp-json\/wp\/v2\/media\/14420"}],"wp:attachment":[{"href":"https:\/\/kaffeecenter.ch\/fr\/wp-json\/wp\/v2\/media?parent=193"}],"wp:term":[{"taxonomy":"product_brand","embeddable":true,"href":"https:\/\/kaffeecenter.ch\/fr\/wp-json\/wp\/v2\/product_brand?post=193"},{"taxonomy":"product_cat","embeddable":true,"href":"https:\/\/kaffeecenter.ch\/fr\/wp-json\/wp\/v2\/product_cat?post=193"},{"taxonomy":"product_tag","embeddable":true,"href":"https:\/\/kaffeecenter.ch\/fr\/wp-json\/wp\/v2\/product_tag?post=193"}],"curies":[{"name":"wp","href":"https:\/\/api.w.org\/{rel}","templated":true}]}}