{"id":16,"date":"2021-01-28T14:35:18","date_gmt":"2021-01-28T13:35:18","guid":{"rendered":"https:\/\/kaffeecenter.ch\/product\/import-placeholder-for-1321\/"},"modified":"2024-02-12T14:46:04","modified_gmt":"2024-02-12T13:46:04","slug":"filterpatrone-claris-white","status":"publish","type":"product","link":"https:\/\/kaffeecenter.ch\/fr\/produit\/filterpatrone-claris-white\/","title":{"rendered":"CLARIS White (1 filtre)"},"content":{"rendered":"","protected":false},"excerpt":{"rendered":"<p>Quiconque a d\u00e9j\u00e0 bu de l'eau de source fra\u00eeche sait qu'il peut y avoir un monde entre l'\u00e9lixir de vie naturel et l'eau trait\u00e9e du robinet. En utilisant la cartouche filtrante CLARIS, vous obtenez toujours une eau fra\u00eechement filtr\u00e9e et bienfaisante pour le caf\u00e9 et le th\u00e9.<\/p>\n<p><strong>Convient \u00e0 toutes les eaux du robinet<\/strong><br \/>\nCLARIS White fonctionne selon le principe professionnel du courant ascendant et filtre toujours la quantit\u00e9 exacte d'eau n\u00e9cessaire \u00e0 la pr\u00e9paration. Gr\u00e2ce \u00e0 leur formule r\u00e9volutionnaire, les cartouches filtrantes conviennent parfaitement \u00e0 toutes les eaux du robinet dans le monde. Les granul\u00e9s adapt\u00e9s filtrent le calcaire \u00e0 un niveau toujours optimal (m\u00eame en cas de faible duret\u00e9 de l'eau) et r\u00e9duisent tous les polluants plus efficacement que jamais. Les min\u00e9raux et les fluorures, qui sont d'importants vecteurs de go\u00fbt, sont ainsi enti\u00e8rement pr\u00e9serv\u00e9s. Gr\u00e2ce \u00e0 la stabilisation optimale du calcaire et au filtrage efficace des substances nocives, le r\u00e9sultat est toujours une qualit\u00e9 d'eau optimale pour un ar\u00f4me de caf\u00e9 parfait.<\/p>\n<p>CLARIS, utilis\u00e9 correctement, rend le d\u00e9tartrage totalement superflu. Cela augmente le confort et vous fait gagner un temps pr\u00e9cieux. Il est prouv\u00e9 que des conduites, des \u00e9l\u00e9ments chauffants et une pompe propres, sans d\u00e9p\u00f4ts de calcaire, prolongent la vie de votre machine automatique et contribuent \u00e0 pr\u00e9server sa valeur.<\/p>\n<p>Seules les cartouches filtrantes CLARIS d'origine sont exactement adapt\u00e9es aux machines automatiques JURA en termes de composition et de d\u00e9bit. Lors de l'achat de filtres, veillez donc imp\u00e9rativement \u00e0 ce qu'ils portent le label de qualit\u00e9 JURA. Cela en vaut la peine.<\/p>\n<p>Elle a \u00e9t\u00e9 sp\u00e9cialement con\u00e7ue pour les machines automatiques \u00e0 sp\u00e9cialit\u00e9s de caf\u00e9 de JURA, elle est neutre pour le caf\u00e9 et se place directement dans le r\u00e9servoir d'eau.<\/p>\n<p>La cartouche filtrante CLARIS White peut \u00eatre utilis\u00e9e sur toutes les machines automatiques JURA dont le porte-filtre du r\u00e9servoir d'eau est noir.<\/p>","protected":false},"featured_media":51,"template":"","meta":{"inline_featured_image":false},"product_brand":[],"product_cat":[17,16],"product_tag":[18,19],"class_list":{"0":"post-16","1":"product","2":"type-product","3":"status-publish","4":"has-post-thumbnail","6":"product_cat-filterpatrone","7":"product_cat-pflegeprodukte","8":"product_tag-filterpatrone","9":"product_tag-pflegeprodukte","11":"first","12":"instock","13":"taxable","14":"shipping-taxable","15":"purchasable","16":"product-type-simple"},"aioseo_notices":[],"_links":{"self":[{"href":"https:\/\/kaffeecenter.ch\/fr\/wp-json\/wp\/v2\/product\/16","targetHints":{"allow":["GET"]}}],"collection":[{"href":"https:\/\/kaffeecenter.ch\/fr\/wp-json\/wp\/v2\/product"}],"about":[{"href":"https:\/\/kaffeecenter.ch\/fr\/wp-json\/wp\/v2\/types\/product"}],"wp:featuredmedia":[{"embeddable":true,"href":"https:\/\/kaffeecenter.ch\/fr\/wp-json\/wp\/v2\/media\/51"}],"wp:attachment":[{"href":"https:\/\/kaffeecenter.ch\/fr\/wp-json\/wp\/v2\/media?parent=16"}],"wp:term":[{"taxonomy":"product_brand","embeddable":true,"href":"https:\/\/kaffeecenter.ch\/fr\/wp-json\/wp\/v2\/product_brand?post=16"},{"taxonomy":"product_cat","embeddable":true,"href":"https:\/\/kaffeecenter.ch\/fr\/wp-json\/wp\/v2\/product_cat?post=16"},{"taxonomy":"product_tag","embeddable":true,"href":"https:\/\/kaffeecenter.ch\/fr\/wp-json\/wp\/v2\/product_tag?post=16"}],"curies":[{"name":"wp","href":"https:\/\/api.w.org\/{rel}","templated":true}]}}