{"id":14531,"date":"2021-10-19T10:21:26","date_gmt":"2021-10-19T08:21:26","guid":{"rendered":"https:\/\/kaffeecenter.ch\/?post_type=product&#038;p=14531"},"modified":"2021-11-04T16:24:12","modified_gmt":"2021-11-04T15:24:12","slug":"care-kit","status":"publish","type":"product","link":"https:\/\/kaffeecenter.ch\/fr\/produit\/care-kit\/","title":{"rendered":"Kit de soins"},"content":{"rendered":"","protected":false},"excerpt":{"rendered":"<div class=\"mod_pagetitle page-inner load-hidden\" data-init=\"pagetitle\" data-animate=\"basic\" data-sr-id=\"2\">\n<div class=\"block-title\">\n<div class=\"page-info\">\n<p>Pour que la qualit\u00e9 du caf\u00e9 reste en permanence au plus haut niveau, l'entretien de la machine \u00e0 caf\u00e9 automatique ainsi que l'hygi\u00e8ne lors de la manipulation du lait et de l'eau sont d\u00e9cisifs. C'est pourquoi un bon entretien joue un r\u00f4le tr\u00e8s important. L'entretien prolonge non seulement la dur\u00e9e de vie de votre machine \u00e0 caf\u00e9 automatique, mais il la prot\u00e8ge \u00e9galement. En utilisant les produits d'entretien fournis, vous pourrez entretenir et nettoyer votre machine \u00e0 caf\u00e9 pendant des mois. Vous pourrez ainsi continuer \u00e0 savourer le meilleur caf\u00e9, espresso, cappuccino, latte macchiato et autres sp\u00e9cialit\u00e9s de caf\u00e9. Le nouveau Care Kit contient tous les produits d'entretien importants. Le Care Kit contient 3 cartouches filtrantes CLARIS Smart, 1 nettoyant pour syst\u00e8me de lait Mini Tabs, 6 tablettes de nettoyage et 2 tuyaux \u00e0 lait. Avec le nouveau Care Kit, vous \u00e9conomisez non seulement de l'argent, mais aussi de la place pour ranger la bo\u00eete Care Kit qui, gr\u00e2ce \u00e0 sa forme pratique, trouve sa place dans chaque armoire de cuisine.<\/p>\n<\/div>\n<\/div>\n<\/div>","protected":false},"featured_media":14532,"template":"","meta":{"inline_featured_image":false},"product_brand":[],"product_cat":[129,16],"product_tag":[30,19],"class_list":{"0":"post-14531","1":"product","2":"type-product","3":"status-publish","4":"has-post-thumbnail","6":"product_cat-jura-care-kits","7":"product_cat-pflegeprodukte","8":"product_tag-jura-care-kits","9":"product_tag-pflegeprodukte","11":"first","12":"instock","13":"taxable","14":"shipping-taxable","15":"purchasable","16":"product-type-simple"},"aioseo_notices":[],"_links":{"self":[{"href":"https:\/\/kaffeecenter.ch\/fr\/wp-json\/wp\/v2\/product\/14531","targetHints":{"allow":["GET"]}}],"collection":[{"href":"https:\/\/kaffeecenter.ch\/fr\/wp-json\/wp\/v2\/product"}],"about":[{"href":"https:\/\/kaffeecenter.ch\/fr\/wp-json\/wp\/v2\/types\/product"}],"wp:featuredmedia":[{"embeddable":true,"href":"https:\/\/kaffeecenter.ch\/fr\/wp-json\/wp\/v2\/media\/14532"}],"wp:attachment":[{"href":"https:\/\/kaffeecenter.ch\/fr\/wp-json\/wp\/v2\/media?parent=14531"}],"wp:term":[{"taxonomy":"product_brand","embeddable":true,"href":"https:\/\/kaffeecenter.ch\/fr\/wp-json\/wp\/v2\/product_brand?post=14531"},{"taxonomy":"product_cat","embeddable":true,"href":"https:\/\/kaffeecenter.ch\/fr\/wp-json\/wp\/v2\/product_cat?post=14531"},{"taxonomy":"product_tag","embeddable":true,"href":"https:\/\/kaffeecenter.ch\/fr\/wp-json\/wp\/v2\/product_tag?post=14531"}],"curies":[{"name":"wp","href":"https:\/\/api.w.org\/{rel}","templated":true}]}}