{"id":14524,"date":"2021-10-19T09:43:24","date_gmt":"2021-10-19T07:43:24","guid":{"rendered":"https:\/\/kaffeecenter.ch\/?post_type=product&#038;p=14524"},"modified":"2021-12-03T16:17:42","modified_gmt":"2021-12-03T15:17:42","slug":"pflegetuch-pack-a-5-stueck","status":"publish","type":"product","link":"https:\/\/kaffeecenter.ch\/fr\/produit\/pflegetuch-pack-a-5-stueck\/","title":{"rendered":"Lingettes d'entretien - paquet de 5"},"content":{"rendered":"","protected":false},"excerpt":{"rendered":"<p>Les fa\u00e7ades ennoblies des machines \u00e0 caf\u00e9 automatiques JURA ont particuli\u00e8rement besoin d'un entretien soigneux et d\u00e9licat pour que la couleur et le design de votre machine \u00e0 caf\u00e9 automatique soient mis en valeur de mani\u00e8re optimale. Utilisez pour cela les lingettes de nettoyage JURA, pour un nettoyage en douceur et en profondeur. JURA recommande de nettoyer les pi\u00e8ces ennoblies tous les deux mois avec cette lingette humide.<\/p>","protected":false},"featured_media":14525,"template":"","meta":{"inline_featured_image":false},"product_brand":[],"product_cat":[130,16],"product_tag":[32,19],"class_list":{"0":"post-14524","1":"product","2":"type-product","3":"status-publish","4":"has-post-thumbnail","6":"product_cat-jura-tuecher","7":"product_cat-pflegeprodukte","8":"product_tag-jura-tuecher","9":"product_tag-pflegeprodukte","11":"first","12":"instock","13":"taxable","14":"shipping-taxable","15":"purchasable","16":"product-type-simple"},"aioseo_notices":[],"_links":{"self":[{"href":"https:\/\/kaffeecenter.ch\/fr\/wp-json\/wp\/v2\/product\/14524","targetHints":{"allow":["GET"]}}],"collection":[{"href":"https:\/\/kaffeecenter.ch\/fr\/wp-json\/wp\/v2\/product"}],"about":[{"href":"https:\/\/kaffeecenter.ch\/fr\/wp-json\/wp\/v2\/types\/product"}],"wp:featuredmedia":[{"embeddable":true,"href":"https:\/\/kaffeecenter.ch\/fr\/wp-json\/wp\/v2\/media\/14525"}],"wp:attachment":[{"href":"https:\/\/kaffeecenter.ch\/fr\/wp-json\/wp\/v2\/media?parent=14524"}],"wp:term":[{"taxonomy":"product_brand","embeddable":true,"href":"https:\/\/kaffeecenter.ch\/fr\/wp-json\/wp\/v2\/product_brand?post=14524"},{"taxonomy":"product_cat","embeddable":true,"href":"https:\/\/kaffeecenter.ch\/fr\/wp-json\/wp\/v2\/product_cat?post=14524"},{"taxonomy":"product_tag","embeddable":true,"href":"https:\/\/kaffeecenter.ch\/fr\/wp-json\/wp\/v2\/product_tag?post=14524"}],"curies":[{"name":"wp","href":"https:\/\/api.w.org\/{rel}","templated":true}]}}