{"id":14522,"date":"2021-10-19T09:34:10","date_gmt":"2021-10-19T07:34:10","guid":{"rendered":"https:\/\/kaffeecenter.ch\/?post_type=product&#038;p=14522"},"modified":"2024-02-12T15:20:32","modified_gmt":"2024-02-12T14:20:32","slug":"mikrofasertuch-1-stueck","status":"publish","type":"product","link":"https:\/\/kaffeecenter.ch\/fr\/produit\/mikrofasertuch-1-stueck\/","title":{"rendered":"Chiffon en microfibre 1 pi\u00e8ce"},"content":{"rendered":"","protected":false},"excerpt":{"rendered":"<p>Les empreintes digitales g\u00eanantes et les taches d'eau s\u00e9ch\u00e9es sont difficiles \u00e0 \u00e9liminer de votre machine \u00e0 caf\u00e9 automatique JURA avec un mouchoir ordinaire. Avec le chiffon en microfibres sp\u00e9cialement con\u00e7u pour JURA, le nettoyage devient un plaisir. Il convient aux surfaces telles que le chrome, l'aluminium, le m\u00e9tal, le bois, le textile et le cuir.<\/p>","protected":false},"featured_media":14523,"template":"","meta":{"inline_featured_image":false},"product_brand":[],"product_cat":[130,16],"product_tag":[32,19],"class_list":{"0":"post-14522","1":"product","2":"type-product","3":"status-publish","4":"has-post-thumbnail","6":"product_cat-jura-tuecher","7":"product_cat-pflegeprodukte","8":"product_tag-jura-tuecher","9":"product_tag-pflegeprodukte","11":"first","12":"instock","13":"taxable","14":"shipping-taxable","15":"purchasable","16":"product-type-simple"},"aioseo_notices":[],"_links":{"self":[{"href":"https:\/\/kaffeecenter.ch\/fr\/wp-json\/wp\/v2\/product\/14522","targetHints":{"allow":["GET"]}}],"collection":[{"href":"https:\/\/kaffeecenter.ch\/fr\/wp-json\/wp\/v2\/product"}],"about":[{"href":"https:\/\/kaffeecenter.ch\/fr\/wp-json\/wp\/v2\/types\/product"}],"wp:featuredmedia":[{"embeddable":true,"href":"https:\/\/kaffeecenter.ch\/fr\/wp-json\/wp\/v2\/media\/14523"}],"wp:attachment":[{"href":"https:\/\/kaffeecenter.ch\/fr\/wp-json\/wp\/v2\/media?parent=14522"}],"wp:term":[{"taxonomy":"product_brand","embeddable":true,"href":"https:\/\/kaffeecenter.ch\/fr\/wp-json\/wp\/v2\/product_brand?post=14522"},{"taxonomy":"product_cat","embeddable":true,"href":"https:\/\/kaffeecenter.ch\/fr\/wp-json\/wp\/v2\/product_cat?post=14522"},{"taxonomy":"product_tag","embeddable":true,"href":"https:\/\/kaffeecenter.ch\/fr\/wp-json\/wp\/v2\/product_tag?post=14522"}],"curies":[{"name":"wp","href":"https:\/\/api.w.org\/{rel}","templated":true}]}}