{"id":14518,"date":"2021-10-19T09:11:44","date_gmt":"2021-10-19T07:11:44","guid":{"rendered":"https:\/\/kaffeecenter.ch\/?post_type=product&#038;p=14518"},"modified":"2021-10-19T09:23:23","modified_gmt":"2021-10-19T07:23:23","slug":"milchsystem-reiniger","status":"publish","type":"product","link":"https:\/\/kaffeecenter.ch\/fr\/produit\/milchsystem-reiniger\/","title":{"rendered":"Nettoyant pour syst\u00e8me de lait (mini-tabs)"},"content":{"rendered":"","protected":false},"excerpt":{"rendered":"<p>La technologie de mousse fine de JURA permet de r\u00e9aliser des sp\u00e9cialit\u00e9s de caf\u00e9 comme le latte macchiato, le cappuccino, l'espresso macchiato ou le flat white au plus haut niveau. Pour que cela reste ainsi, le nettoyant du syst\u00e8me de lait a \u00e9t\u00e9 d\u00e9velopp\u00e9 sous forme de mini-tabs. En combinaison avec le programme de nettoyage automatique, elles \u00e9liminent tr\u00e8s efficacement les graisses et les prot\u00e9ines du lait. Les conduites sont ainsi toujours hygi\u00e9niquement propres et garantissent un r\u00e9sultat de mousse de lait toujours a\u00e9r\u00e9 et d\u00e9licat.<\/p>","protected":false},"featured_media":14519,"template":"","meta":{"inline_featured_image":false},"product_brand":[],"product_cat":[24,16],"product_tag":[25,19],"class_list":{"0":"post-14518","1":"product","2":"type-product","3":"status-publish","4":"has-post-thumbnail","6":"product_cat-milchsystem-reiniger","7":"product_cat-pflegeprodukte","8":"product_tag-milchsystem-reiniger","9":"product_tag-pflegeprodukte","11":"first","12":"instock","13":"taxable","14":"shipping-taxable","15":"purchasable","16":"product-type-simple"},"aioseo_notices":[],"_links":{"self":[{"href":"https:\/\/kaffeecenter.ch\/fr\/wp-json\/wp\/v2\/product\/14518","targetHints":{"allow":["GET"]}}],"collection":[{"href":"https:\/\/kaffeecenter.ch\/fr\/wp-json\/wp\/v2\/product"}],"about":[{"href":"https:\/\/kaffeecenter.ch\/fr\/wp-json\/wp\/v2\/types\/product"}],"wp:featuredmedia":[{"embeddable":true,"href":"https:\/\/kaffeecenter.ch\/fr\/wp-json\/wp\/v2\/media\/14519"}],"wp:attachment":[{"href":"https:\/\/kaffeecenter.ch\/fr\/wp-json\/wp\/v2\/media?parent=14518"}],"wp:term":[{"taxonomy":"product_brand","embeddable":true,"href":"https:\/\/kaffeecenter.ch\/fr\/wp-json\/wp\/v2\/product_brand?post=14518"},{"taxonomy":"product_cat","embeddable":true,"href":"https:\/\/kaffeecenter.ch\/fr\/wp-json\/wp\/v2\/product_cat?post=14518"},{"taxonomy":"product_tag","embeddable":true,"href":"https:\/\/kaffeecenter.ch\/fr\/wp-json\/wp\/v2\/product_tag?post=14518"}],"curies":[{"name":"wp","href":"https:\/\/api.w.org\/{rel}","templated":true}]}}