{"id":14515,"date":"2021-10-19T08:48:08","date_gmt":"2021-10-19T06:48:08","guid":{"rendered":"https:\/\/kaffeecenter.ch\/?post_type=product&#038;p=14515"},"modified":"2024-02-12T14:48:08","modified_gmt":"2024-02-12T13:48:08","slug":"filterpatrone-claris-white-2","status":"publish","type":"product","link":"https:\/\/kaffeecenter.ch\/fr\/produit\/filterpatrone-claris-white-2\/","title":{"rendered":"Cartouche filtrante CLARIS White (4 filtres)"},"content":{"rendered":"","protected":false},"excerpt":{"rendered":"<p>Quiconque a d\u00e9j\u00e0 bu de l'eau de source fra\u00eeche sait qu'il peut y avoir un monde entre l'\u00e9lixir de vie naturel et l'eau trait\u00e9e du robinet. En utilisant la cartouche filtrante CLARIS, vous obtenez toujours une eau fra\u00eechement filtr\u00e9e et bienfaisante pour le caf\u00e9 et le th\u00e9.<\/p>","protected":false},"featured_media":14516,"template":"","meta":{"inline_featured_image":false},"product_brand":[],"product_cat":[17,16],"product_tag":[18,19],"class_list":{"0":"post-14515","1":"product","2":"type-product","3":"status-publish","4":"has-post-thumbnail","6":"product_cat-filterpatrone","7":"product_cat-pflegeprodukte","8":"product_tag-filterpatrone","9":"product_tag-pflegeprodukte","11":"first","12":"instock","13":"taxable","14":"shipping-taxable","15":"purchasable","16":"product-type-simple"},"aioseo_notices":[],"_links":{"self":[{"href":"https:\/\/kaffeecenter.ch\/fr\/wp-json\/wp\/v2\/product\/14515","targetHints":{"allow":["GET"]}}],"collection":[{"href":"https:\/\/kaffeecenter.ch\/fr\/wp-json\/wp\/v2\/product"}],"about":[{"href":"https:\/\/kaffeecenter.ch\/fr\/wp-json\/wp\/v2\/types\/product"}],"wp:featuredmedia":[{"embeddable":true,"href":"https:\/\/kaffeecenter.ch\/fr\/wp-json\/wp\/v2\/media\/14516"}],"wp:attachment":[{"href":"https:\/\/kaffeecenter.ch\/fr\/wp-json\/wp\/v2\/media?parent=14515"}],"wp:term":[{"taxonomy":"product_brand","embeddable":true,"href":"https:\/\/kaffeecenter.ch\/fr\/wp-json\/wp\/v2\/product_brand?post=14515"},{"taxonomy":"product_cat","embeddable":true,"href":"https:\/\/kaffeecenter.ch\/fr\/wp-json\/wp\/v2\/product_cat?post=14515"},{"taxonomy":"product_tag","embeddable":true,"href":"https:\/\/kaffeecenter.ch\/fr\/wp-json\/wp\/v2\/product_tag?post=14515"}],"curies":[{"name":"wp","href":"https:\/\/api.w.org\/{rel}","templated":true}]}}