{"id":14509,"date":"2021-10-18T15:09:00","date_gmt":"2021-10-18T13:09:00","guid":{"rendered":"https:\/\/kaffeecenter.ch\/?post_type=product&#038;p=14509"},"modified":"2024-02-12T15:06:11","modified_gmt":"2024-02-12T14:06:11","slug":"3-phasen-reinigungstabletten-25-stueck","status":"publish","type":"product","link":"https:\/\/kaffeecenter.ch\/fr\/produit\/3-phasen-reinigungstabletten-25-stueck\/","title":{"rendered":"Pastilles de nettoyage \u00e0 3 phases - 25 pi\u00e8ces"},"content":{"rendered":"","protected":false},"excerpt":{"rendered":"<p>Pour une qualit\u00e9 de caf\u00e9 parfaite et constante, l'entretien optimal de votre machine \u00e0 caf\u00e9 automatique et la manipulation hygi\u00e9nique du lait, du caf\u00e9 et de l'eau sont d\u00e9cisifs. Pour un entretien facile, chaque machine automatique de JURA dispose d'une unit\u00e9 d'\u00e9bouillantage sans entretien qui se nettoie automatiquement par simple pression sur un bouton. Les tablettes de nettoyage originales de JURA, qui ont fait leurs preuves des millions de fois, sont constamment optimis\u00e9es et perfectionn\u00e9es par notre \u00e9quipe de laboratoire. La nouvelle tablette de nettoyage \u00e0 3 phases, r\u00e9sultat innovant de recherches intensives, offre d\u00e9sormais des r\u00e9sultats encore meilleurs gr\u00e2ce \u00e0 une phase de protection suppl\u00e9mentaire qui prot\u00e8ge durablement votre machine \u00e0 caf\u00e9 automatique des d\u00e9p\u00f4ts de min\u00e9raux. L'utilisation est toujours aussi simple.<\/p>","protected":false},"featured_media":14926,"template":"","meta":{"inline_featured_image":false},"product_brand":[],"product_cat":[16,20],"product_tag":[23,19],"class_list":{"0":"post-14509","1":"product","2":"type-product","3":"status-publish","4":"has-post-thumbnail","6":"product_cat-pflegeprodukte","7":"product_cat-reinigungstabletten","8":"product_tag-entkalkungstabletten","9":"product_tag-pflegeprodukte","11":"first","12":"instock","13":"taxable","14":"shipping-taxable","15":"purchasable","16":"product-type-simple"},"aioseo_notices":[],"_links":{"self":[{"href":"https:\/\/kaffeecenter.ch\/fr\/wp-json\/wp\/v2\/product\/14509","targetHints":{"allow":["GET"]}}],"collection":[{"href":"https:\/\/kaffeecenter.ch\/fr\/wp-json\/wp\/v2\/product"}],"about":[{"href":"https:\/\/kaffeecenter.ch\/fr\/wp-json\/wp\/v2\/types\/product"}],"wp:featuredmedia":[{"embeddable":true,"href":"https:\/\/kaffeecenter.ch\/fr\/wp-json\/wp\/v2\/media\/14926"}],"wp:attachment":[{"href":"https:\/\/kaffeecenter.ch\/fr\/wp-json\/wp\/v2\/media?parent=14509"}],"wp:term":[{"taxonomy":"product_brand","embeddable":true,"href":"https:\/\/kaffeecenter.ch\/fr\/wp-json\/wp\/v2\/product_brand?post=14509"},{"taxonomy":"product_cat","embeddable":true,"href":"https:\/\/kaffeecenter.ch\/fr\/wp-json\/wp\/v2\/product_cat?post=14509"},{"taxonomy":"product_tag","embeddable":true,"href":"https:\/\/kaffeecenter.ch\/fr\/wp-json\/wp\/v2\/product_tag?post=14509"}],"curies":[{"name":"wp","href":"https:\/\/api.w.org\/{rel}","templated":true}]}}