{"id":14399,"date":"2021-05-11T16:22:31","date_gmt":"2021-05-11T14:22:31","guid":{"rendered":"https:\/\/kaffeecenter.ch\/?post_type=product&#038;p=14399"},"modified":"2021-05-11T16:24:37","modified_gmt":"2021-05-11T14:24:37","slug":"kaffeesatzabwurf-restwasserablauf-set-fuer-x-linie","status":"publish","type":"product","link":"https:\/\/kaffeecenter.ch\/fr\/produit\/kaffeesatzabwurf-restwasserablauf-set-fuer-x-linie\/","title":{"rendered":"Kit d'\u00e9vacuation du marc de caf\u00e9\/eau r\u00e9siduelle pour la gamme X"},"content":{"rendered":"","protected":false},"excerpt":{"rendered":"<p>Lorsque le plaisir du caf\u00e9 doit \u00eatre ininterrompu, il est recommand\u00e9 d'utiliser le kit pratique d'\u00e9jection du marc de caf\u00e9 \/ d'\u00e9coulement de l'eau r\u00e9siduelle pour X10, X8 et X6. Il n'est plus n\u00e9cessaire de vider le bac \u00e0 eau r\u00e9siduelle et le r\u00e9servoir \u00e0 marc de caf\u00e9 pendant l'utilisation quotidienne. Gr\u00e2ce \u00e0 une construction sp\u00e9ciale du r\u00e9cipient \u00e0 marc de caf\u00e9 et du bac \u00e0 eau r\u00e9siduelle, le marc de caf\u00e9 ou l'eau r\u00e9siduelle est guid\u00e9 \u00e0 travers la plaque de fond et recueilli dans un r\u00e9cipient correspondant. Les per\u00e7ages n\u00e9cessaires du plan de travail ou de cuisine ne sont pas compris dans le service. Vous trouverez dans la documentation technique de votre machine \u00e0 caf\u00e9 automatique les instructions concernant les per\u00e7ages pour le kit d'\u00e9vacuation du marc de caf\u00e9\/de l'eau r\u00e9siduelle. La transformation technique qui s'ensuit peut \u00eatre effectu\u00e9e rapidement par un partenaire JURA agr\u00e9\u00e9.<\/p>","protected":false},"featured_media":14401,"template":"","meta":{"inline_featured_image":false},"product_brand":[],"product_cat":[33],"product_tag":[35],"class_list":{"0":"post-14399","1":"product","2":"type-product","3":"status-publish","4":"has-post-thumbnail","6":"product_cat-zubehoer","7":"product_tag-zubehoer","9":"first","10":"instock","11":"taxable","12":"shipping-taxable","13":"purchasable","14":"product-type-simple"},"aioseo_notices":[],"_links":{"self":[{"href":"https:\/\/kaffeecenter.ch\/fr\/wp-json\/wp\/v2\/product\/14399","targetHints":{"allow":["GET"]}}],"collection":[{"href":"https:\/\/kaffeecenter.ch\/fr\/wp-json\/wp\/v2\/product"}],"about":[{"href":"https:\/\/kaffeecenter.ch\/fr\/wp-json\/wp\/v2\/types\/product"}],"wp:featuredmedia":[{"embeddable":true,"href":"https:\/\/kaffeecenter.ch\/fr\/wp-json\/wp\/v2\/media\/14401"}],"wp:attachment":[{"href":"https:\/\/kaffeecenter.ch\/fr\/wp-json\/wp\/v2\/media?parent=14399"}],"wp:term":[{"taxonomy":"product_brand","embeddable":true,"href":"https:\/\/kaffeecenter.ch\/fr\/wp-json\/wp\/v2\/product_brand?post=14399"},{"taxonomy":"product_cat","embeddable":true,"href":"https:\/\/kaffeecenter.ch\/fr\/wp-json\/wp\/v2\/product_cat?post=14399"},{"taxonomy":"product_tag","embeddable":true,"href":"https:\/\/kaffeecenter.ch\/fr\/wp-json\/wp\/v2\/product_tag?post=14399"}],"curies":[{"name":"wp","href":"https:\/\/api.w.org\/{rel}","templated":true}]}}