{"id":14392,"date":"2021-05-11T16:13:56","date_gmt":"2021-05-11T14:13:56","guid":{"rendered":"https:\/\/kaffeecenter.ch\/?post_type=product&#038;p=14392"},"modified":"2023-12-17T08:04:15","modified_gmt":"2023-12-17T07:04:15","slug":"frischwasser-kit-x-linie","status":"publish","type":"product","link":"https:\/\/kaffeecenter.ch\/fr\/produit\/frischwasser-kit-x-linie\/","title":{"rendered":"Kit eau douce X-Linie"},"content":{"rendered":"","protected":false},"excerpt":{"rendered":"<p>Si l'on consomme chaque jour un grand nombre de sp\u00e9cialit\u00e9s de caf\u00e9, le remplissage du r\u00e9servoir d'eau p\u00e8se litt\u00e9ralement lourd dans la balance. C'est pourquoi JURA propose le kit d'eau fra\u00eeche adapt\u00e9 aux machines X10, X8 et X6. En cas de besoin, celui-ci remplit automatiquement le r\u00e9servoir d'eau avec de l'eau fra\u00eeche du robinet et garantit un plaisir du caf\u00e9 ininterrompu. Gr\u00e2ce \u00e0 sa construction raffin\u00e9e, le kit d'eau fra\u00eeche peut \u00eatre retir\u00e9 et rebranch\u00e9 par un non-sp\u00e9cialiste apr\u00e8s une premi\u00e8re installation par un sp\u00e9cialiste.<\/p>\n<p>Confortable et gain de temps<br \/>\nL\u00e0 o\u00f9 30 sp\u00e9cialit\u00e9s de caf\u00e9 ou plus sont pr\u00e9par\u00e9es chaque jour \u00e0 un emplacement fixe, il est recommand\u00e9 de pr\u00e9voir un raccordement fixe \u00e0 l'eau. Cela permet de gagner du temps et garantit un plaisir ininterrompu du caf\u00e9.<\/p>\n<p>Individuel et m\u00e9nageant les machines<br \/>\nLe kit d'eau fra\u00eeche est rapidement mont\u00e9 et facile \u00e0 utiliser. Il s'int\u00e8gre compl\u00e8tement dans le distributeur automatique et ne prend donc pas de place suppl\u00e9mentaire.<\/p>","protected":false},"featured_media":14393,"template":"","meta":{"inline_featured_image":false},"product_brand":[],"product_cat":[33],"product_tag":[35],"class_list":{"0":"post-14392","1":"product","2":"type-product","3":"status-publish","4":"has-post-thumbnail","6":"product_cat-zubehoer","7":"product_tag-zubehoer","9":"first","10":"instock","11":"taxable","12":"shipping-taxable","13":"purchasable","14":"product-type-simple"},"aioseo_notices":[],"_links":{"self":[{"href":"https:\/\/kaffeecenter.ch\/fr\/wp-json\/wp\/v2\/product\/14392","targetHints":{"allow":["GET"]}}],"collection":[{"href":"https:\/\/kaffeecenter.ch\/fr\/wp-json\/wp\/v2\/product"}],"about":[{"href":"https:\/\/kaffeecenter.ch\/fr\/wp-json\/wp\/v2\/types\/product"}],"wp:featuredmedia":[{"embeddable":true,"href":"https:\/\/kaffeecenter.ch\/fr\/wp-json\/wp\/v2\/media\/14393"}],"wp:attachment":[{"href":"https:\/\/kaffeecenter.ch\/fr\/wp-json\/wp\/v2\/media?parent=14392"}],"wp:term":[{"taxonomy":"product_brand","embeddable":true,"href":"https:\/\/kaffeecenter.ch\/fr\/wp-json\/wp\/v2\/product_brand?post=14392"},{"taxonomy":"product_cat","embeddable":true,"href":"https:\/\/kaffeecenter.ch\/fr\/wp-json\/wp\/v2\/product_cat?post=14392"},{"taxonomy":"product_tag","embeddable":true,"href":"https:\/\/kaffeecenter.ch\/fr\/wp-json\/wp\/v2\/product_tag?post=14392"}],"curies":[{"name":"wp","href":"https:\/\/api.w.org\/{rel}","templated":true}]}}