{"id":139,"date":"2021-01-28T14:40:56","date_gmt":"2021-01-28T13:40:56","guid":{"rendered":"https:\/\/kaffeecenter.ch\/product\/import-placeholder-for-1563\/"},"modified":"2021-05-12T10:36:35","modified_gmt":"2021-05-12T08:36:35","slug":"schokostreuer","status":"publish","type":"product","link":"https:\/\/kaffeecenter.ch\/fr\/produit\/schokostreuer\/","title":{"rendered":"Saupoudreur de chocolat"},"content":{"rendered":"","protected":false},"excerpt":{"rendered":"<p>D\u00e9corez votre cappuccino avec une fine poudre de chocolat. Utilisez pour cela l'\u00e9l\u00e9gante saupoudreuse \u00e0 chocolat en acier inoxydable avec couvercle \u00e0 tamis, pour un saupoudrage parfait \u00e0 tout moment. Avec couvercle en plastique comme fermeture de fra\u00eecheur.<\/p>","protected":false},"featured_media":212,"template":"","meta":{"inline_featured_image":false},"product_brand":[],"product_cat":[48,56],"product_tag":[50,57],"class_list":{"0":"post-139","1":"product","2":"type-product","3":"status-publish","4":"has-post-thumbnail","6":"product_cat-geschirrkollektion","7":"product_cat-schokostreuer","8":"product_tag-geschirrkollektion","9":"product_tag-schokostreuer","11":"first","12":"instock","13":"taxable","14":"shipping-taxable","15":"purchasable","16":"product-type-simple"},"aioseo_notices":[],"_links":{"self":[{"href":"https:\/\/kaffeecenter.ch\/fr\/wp-json\/wp\/v2\/product\/139","targetHints":{"allow":["GET"]}}],"collection":[{"href":"https:\/\/kaffeecenter.ch\/fr\/wp-json\/wp\/v2\/product"}],"about":[{"href":"https:\/\/kaffeecenter.ch\/fr\/wp-json\/wp\/v2\/types\/product"}],"wp:featuredmedia":[{"embeddable":true,"href":"https:\/\/kaffeecenter.ch\/fr\/wp-json\/wp\/v2\/media\/212"}],"wp:attachment":[{"href":"https:\/\/kaffeecenter.ch\/fr\/wp-json\/wp\/v2\/media?parent=139"}],"wp:term":[{"taxonomy":"product_brand","embeddable":true,"href":"https:\/\/kaffeecenter.ch\/fr\/wp-json\/wp\/v2\/product_brand?post=139"},{"taxonomy":"product_cat","embeddable":true,"href":"https:\/\/kaffeecenter.ch\/fr\/wp-json\/wp\/v2\/product_cat?post=139"},{"taxonomy":"product_tag","embeddable":true,"href":"https:\/\/kaffeecenter.ch\/fr\/wp-json\/wp\/v2\/product_tag?post=139"}],"curies":[{"name":"wp","href":"https:\/\/api.w.org\/{rel}","templated":true}]}}