{"id":130,"date":"2021-01-28T14:40:26","date_gmt":"2021-01-28T13:40:26","guid":{"rendered":"https:\/\/kaffeecenter.ch\/product\/import-placeholder-for-1559\/"},"modified":"2024-02-12T11:17:28","modified_gmt":"2024-02-12T10:17:28","slug":"2-er-set-latte-macchiato-loeffel","status":"publish","type":"product","link":"https:\/\/kaffeecenter.ch\/fr\/produit\/2-er-set-latte-macchiato-loeffel\/","title":{"rendered":"Cuill\u00e8re \u00e0 latte macchiato (set de 2)"},"content":{"rendered":"","protected":false},"excerpt":{"rendered":"<p>Savourez votre latte macchiato en utilisant la longue cuill\u00e8re \u00e0 latte macchiato en acier inoxydable 18\/10 de la plus haute qualit\u00e9. Ces cuill\u00e8res sont forg\u00e9es et polies miroir selon la tradition des couteliers d'origine.<\/p>","protected":false},"featured_media":211,"template":"","meta":{"inline_featured_image":false},"product_brand":[],"product_cat":[48,54],"product_tag":[50,55],"class_list":{"0":"post-130","1":"product","2":"type-product","3":"status-publish","4":"has-post-thumbnail","6":"product_cat-geschirrkollektion","7":"product_cat-loeffel","8":"product_tag-geschirrkollektion","9":"product_tag-loeffel","11":"first","12":"instock","13":"taxable","14":"shipping-taxable","15":"purchasable","16":"product-type-simple"},"aioseo_notices":[],"_links":{"self":[{"href":"https:\/\/kaffeecenter.ch\/fr\/wp-json\/wp\/v2\/product\/130","targetHints":{"allow":["GET"]}}],"collection":[{"href":"https:\/\/kaffeecenter.ch\/fr\/wp-json\/wp\/v2\/product"}],"about":[{"href":"https:\/\/kaffeecenter.ch\/fr\/wp-json\/wp\/v2\/types\/product"}],"wp:featuredmedia":[{"embeddable":true,"href":"https:\/\/kaffeecenter.ch\/fr\/wp-json\/wp\/v2\/media\/211"}],"wp:attachment":[{"href":"https:\/\/kaffeecenter.ch\/fr\/wp-json\/wp\/v2\/media?parent=130"}],"wp:term":[{"taxonomy":"product_brand","embeddable":true,"href":"https:\/\/kaffeecenter.ch\/fr\/wp-json\/wp\/v2\/product_brand?post=130"},{"taxonomy":"product_cat","embeddable":true,"href":"https:\/\/kaffeecenter.ch\/fr\/wp-json\/wp\/v2\/product_cat?post=130"},{"taxonomy":"product_tag","embeddable":true,"href":"https:\/\/kaffeecenter.ch\/fr\/wp-json\/wp\/v2\/product_tag?post=130"}],"curies":[{"name":"wp","href":"https:\/\/api.w.org\/{rel}","templated":true}]}}