{"id":13,"date":"2021-01-28T14:35:16","date_gmt":"2021-01-28T13:35:16","guid":{"rendered":"https:\/\/kaffeecenter.ch\/product\/import-placeholder-for-1288\/"},"modified":"2024-02-12T14:45:29","modified_gmt":"2024-02-12T13:45:29","slug":"filterpatrone-claris-smart","status":"publish","type":"product","link":"https:\/\/kaffeecenter.ch\/fr\/produit\/filterpatrone-claris-smart\/","title":{"rendered":"CLARIS Smart (1 filtre)"},"content":{"rendered":"","protected":false},"excerpt":{"rendered":"<p>Le caf\u00e9 est compos\u00e9 \u00e0 98% d'eau. Sa qualit\u00e9 parfaite est donc essentielle pour obtenir un caf\u00e9 parfait. Avec CLARIS Smart, JURA r\u00e9volutionne la filtration de l'eau. Pour la premi\u00e8re fois, une machine automatique* communique en permanence avec le filtre gr\u00e2ce \u00e0 la technologie moderne RFID (RFID = Radio-frequency Identification). Il reconna\u00eet si un filtre est ins\u00e9r\u00e9 et active automatiquement le mode correspondant. Il collecte en permanence des informations sur l'utilisation du filtre et signale lorsque la capacit\u00e9 est \u00e9puis\u00e9e. Ainsi, non seulement le remplacement du filtre n'a jamais \u00e9t\u00e9 aussi simple, mais CLARIS Smart peut aussi d\u00e9ployer son efficacit\u00e9 de mani\u00e8re id\u00e9ale.<\/p>\n<p><strong>Convient \u00e0 toutes les eaux du robinet<\/strong><br \/>\nCLARIS Smart fonctionne selon le principe professionnel du courant ascendant et filtre toujours la quantit\u00e9 exacte d'eau n\u00e9cessaire \u00e0 la pr\u00e9paration. Gr\u00e2ce \u00e0 leur formule r\u00e9volutionnaire, les cartouches filtrantes conviennent parfaitement \u00e0 toutes les eaux du robinet dans le monde. Les granul\u00e9s adapt\u00e9s filtrent le calcaire \u00e0 un niveau toujours optimal (m\u00eame en cas de faible duret\u00e9 de l'eau) et r\u00e9duisent tous les polluants plus efficacement que jamais. Les min\u00e9raux et les fluorures, qui sont d'importants vecteurs de go\u00fbt, sont ainsi enti\u00e8rement pr\u00e9serv\u00e9s. Gr\u00e2ce \u00e0 la stabilisation optimale du calcaire et au filtrage efficace des substances nocives, le r\u00e9sultat est toujours une qualit\u00e9 d'eau optimale pour un ar\u00f4me de caf\u00e9 parfait.<\/p>\n<p><strong>D\u00e9tection automatique des filtres<\/strong><br \/>\nPour permettre un dialogue entre le filtre et la machine automatique, JURA a recours \u00e0 la technologie moderne RFID. Chaque machine \u00e9quip\u00e9e du syst\u00e8me intelligent de gestion de l'eau (I.W.S.\u00ae) reconna\u00eet automatiquement l'utilisation d'un filtre, se met automatiquement en mode filtre et d\u00e9marre le rin\u00e7age. Lorsque la performance du filtre touche \u00e0 sa fin, la machine automatique signale qu'il est temps de remplacer le filtre. Si celui-ci n'est pas effectu\u00e9, l'appareil active le mode d\u00e9tartrage. Apr\u00e8s une utilisation correspondante, une demande de d\u00e9tartrage appara\u00eet. Et celui-ci ne peut avoir lieu que si le filtre est retir\u00e9. Les erreurs de manipulation r\u00e9sultant de malentendus appartiennent d\u00e9finitivement au pass\u00e9.<\/p>\n<p>* CLARIS Smart a \u00e9t\u00e9 d\u00e9velopp\u00e9 pour les machines automatiques suivantes avec le syst\u00e8me d'eau intelligent (I.W.S.\u00ae) :<\/p>\n<ul>\n<li>Z8<\/li>\n<li>Z6<\/li>\n<li>J6 \/ J600<\/li>\n<li>S8 \/ S80<\/li>\n<li>E8 \/ E80 \/ E800<\/li>\n<li>E6 \/ E60 \/ E600<\/li>\n<li>D6 \/ D60 \/ D600<\/li>\n<li>ENA 8<\/li>\n<li>WE 6<\/li>\n<li>WE 8<\/li>\n<\/ul>","protected":false},"featured_media":43,"template":"","meta":{"inline_featured_image":false},"product_brand":[],"product_cat":[17,16],"product_tag":[18,19],"class_list":{"0":"post-13","1":"product","2":"type-product","3":"status-publish","4":"has-post-thumbnail","6":"product_cat-filterpatrone","7":"product_cat-pflegeprodukte","8":"product_tag-filterpatrone","9":"product_tag-pflegeprodukte","11":"first","12":"instock","13":"taxable","14":"shipping-taxable","15":"purchasable","16":"product-type-simple"},"aioseo_notices":[],"_links":{"self":[{"href":"https:\/\/kaffeecenter.ch\/fr\/wp-json\/wp\/v2\/product\/13","targetHints":{"allow":["GET"]}}],"collection":[{"href":"https:\/\/kaffeecenter.ch\/fr\/wp-json\/wp\/v2\/product"}],"about":[{"href":"https:\/\/kaffeecenter.ch\/fr\/wp-json\/wp\/v2\/types\/product"}],"wp:featuredmedia":[{"embeddable":true,"href":"https:\/\/kaffeecenter.ch\/fr\/wp-json\/wp\/v2\/media\/43"}],"wp:attachment":[{"href":"https:\/\/kaffeecenter.ch\/fr\/wp-json\/wp\/v2\/media?parent=13"}],"wp:term":[{"taxonomy":"product_brand","embeddable":true,"href":"https:\/\/kaffeecenter.ch\/fr\/wp-json\/wp\/v2\/product_brand?post=13"},{"taxonomy":"product_cat","embeddable":true,"href":"https:\/\/kaffeecenter.ch\/fr\/wp-json\/wp\/v2\/product_cat?post=13"},{"taxonomy":"product_tag","embeddable":true,"href":"https:\/\/kaffeecenter.ch\/fr\/wp-json\/wp\/v2\/product_tag?post=13"}],"curies":[{"name":"wp","href":"https:\/\/api.w.org\/{rel}","templated":true}]}}