{"id":129,"date":"2021-01-28T14:40:26","date_gmt":"2021-01-28T13:40:26","guid":{"rendered":"https:\/\/kaffeecenter.ch\/product\/import-placeholder-for-1558\/"},"modified":"2021-05-12T10:31:04","modified_gmt":"2021-05-12T08:31:04","slug":"6-er-set-kaffeeloeffel","status":"publish","type":"product","link":"https:\/\/kaffeecenter.ch\/fr\/produit\/6-er-set-kaffeeloeffel\/","title":{"rendered":"Cuill\u00e8re \u00e0 caf\u00e9 set de 6 pi\u00e8ces"},"content":{"rendered":"","protected":false},"excerpt":{"rendered":"<p>Les cuill\u00e8res \u00e0 caf\u00e9 forg\u00e9es selon la tradition des couteliers donnent l'impression que les tasses \u00e0 caf\u00e9 forment un tout. Elles tiennent \u00e9l\u00e9gamment dans la main et sont polies miroir.<\/p>","protected":false},"featured_media":203,"template":"","meta":{"inline_featured_image":false},"product_brand":[],"product_cat":[48,54],"product_tag":[50,55],"class_list":{"0":"post-129","1":"product","2":"type-product","3":"status-publish","4":"has-post-thumbnail","6":"product_cat-geschirrkollektion","7":"product_cat-loeffel","8":"product_tag-geschirrkollektion","9":"product_tag-loeffel","11":"first","12":"instock","13":"taxable","14":"shipping-taxable","15":"purchasable","16":"product-type-simple"},"aioseo_notices":[],"_links":{"self":[{"href":"https:\/\/kaffeecenter.ch\/fr\/wp-json\/wp\/v2\/product\/129","targetHints":{"allow":["GET"]}}],"collection":[{"href":"https:\/\/kaffeecenter.ch\/fr\/wp-json\/wp\/v2\/product"}],"about":[{"href":"https:\/\/kaffeecenter.ch\/fr\/wp-json\/wp\/v2\/types\/product"}],"wp:featuredmedia":[{"embeddable":true,"href":"https:\/\/kaffeecenter.ch\/fr\/wp-json\/wp\/v2\/media\/203"}],"wp:attachment":[{"href":"https:\/\/kaffeecenter.ch\/fr\/wp-json\/wp\/v2\/media?parent=129"}],"wp:term":[{"taxonomy":"product_brand","embeddable":true,"href":"https:\/\/kaffeecenter.ch\/fr\/wp-json\/wp\/v2\/product_brand?post=129"},{"taxonomy":"product_cat","embeddable":true,"href":"https:\/\/kaffeecenter.ch\/fr\/wp-json\/wp\/v2\/product_cat?post=129"},{"taxonomy":"product_tag","embeddable":true,"href":"https:\/\/kaffeecenter.ch\/fr\/wp-json\/wp\/v2\/product_tag?post=129"}],"curies":[{"name":"wp","href":"https:\/\/api.w.org\/{rel}","templated":true}]}}