{"id":125,"date":"2021-01-28T14:40:02","date_gmt":"2021-01-28T13:40:02","guid":{"rendered":"https:\/\/kaffeecenter.ch\/product\/import-placeholder-for-1552\/"},"modified":"2021-05-12T10:31:56","modified_gmt":"2021-05-12T08:31:56","slug":"6-er-set-espressoloeffel","status":"publish","type":"product","link":"https:\/\/kaffeecenter.ch\/fr\/produit\/6-er-set-espressoloeffel\/","title":{"rendered":"Set de 6 cuill\u00e8res \u00e0 espresso"},"content":{"rendered":"","protected":false},"excerpt":{"rendered":"<p>\u00c9l\u00e9gantes comme les produits de JURA, ces cuill\u00e8res \u00e0 espresso s'int\u00e8grent parfaitement dans la gamme. Elles tiennent parfaitement dans la main et sont forg\u00e9es et polies miroir dans la plus pure tradition des couteliers.<\/p>","protected":false},"featured_media":202,"template":"","meta":{"inline_featured_image":false},"product_brand":[],"product_cat":[48,54],"product_tag":[50,55],"class_list":{"0":"post-125","1":"product","2":"type-product","3":"status-publish","4":"has-post-thumbnail","6":"product_cat-geschirrkollektion","7":"product_cat-loeffel","8":"product_tag-geschirrkollektion","9":"product_tag-loeffel","11":"first","12":"instock","13":"taxable","14":"shipping-taxable","15":"purchasable","16":"product-type-simple"},"aioseo_notices":[],"_links":{"self":[{"href":"https:\/\/kaffeecenter.ch\/fr\/wp-json\/wp\/v2\/product\/125","targetHints":{"allow":["GET"]}}],"collection":[{"href":"https:\/\/kaffeecenter.ch\/fr\/wp-json\/wp\/v2\/product"}],"about":[{"href":"https:\/\/kaffeecenter.ch\/fr\/wp-json\/wp\/v2\/types\/product"}],"wp:featuredmedia":[{"embeddable":true,"href":"https:\/\/kaffeecenter.ch\/fr\/wp-json\/wp\/v2\/media\/202"}],"wp:attachment":[{"href":"https:\/\/kaffeecenter.ch\/fr\/wp-json\/wp\/v2\/media?parent=125"}],"wp:term":[{"taxonomy":"product_brand","embeddable":true,"href":"https:\/\/kaffeecenter.ch\/fr\/wp-json\/wp\/v2\/product_brand?post=125"},{"taxonomy":"product_cat","embeddable":true,"href":"https:\/\/kaffeecenter.ch\/fr\/wp-json\/wp\/v2\/product_cat?post=125"},{"taxonomy":"product_tag","embeddable":true,"href":"https:\/\/kaffeecenter.ch\/fr\/wp-json\/wp\/v2\/product_tag?post=125"}],"curies":[{"name":"wp","href":"https:\/\/api.w.org\/{rel}","templated":true}]}}