{"id":119,"date":"2021-01-28T14:39:35","date_gmt":"2021-01-28T13:39:35","guid":{"rendered":"https:\/\/kaffeecenter.ch\/product\/import-placeholder-for-1545\/"},"modified":"2022-04-05T00:52:14","modified_gmt":"2022-04-04T22:52:14","slug":"2-er-set-latte-macchiato-glas-niedrig","status":"publish","type":"product","link":"https:\/\/kaffeecenter.ch\/fr\/produit\/2-er-set-latte-macchiato-glas-niedrig\/","title":{"rendered":"Verre \u00e0 latte macchiato 220ml (set de 2)"},"content":{"rendered":"","protected":false},"excerpt":{"rendered":"<p>Les verres \u00e0 latte macchiato ronds de JURA sont fabriqu\u00e9s en cristal au plomb de haute qualit\u00e9 et s'adaptent parfaitement \u00e0 la soucoupe \u00e0 caf\u00e9 JURA gr\u00e2ce \u00e0 leur fond bomb\u00e9. Ce verre \u00e0 caf\u00e9 \u00e9l\u00e9gant et brillant permet de pr\u00e9parer un latte macchiato parfait \u00e0 trois couches. Le plaisir d'un caf\u00e9 parfait est garanti !<\/p>\n<p>Contenance env. 220 ml, hauteur env. 10.5 cm, convient \u00e0 toutes les machines \u00e0 caf\u00e9\/espresso automatiques de JURA.<\/p>","protected":false},"featured_media":200,"template":"","meta":{"inline_featured_image":false},"product_brand":[],"product_cat":[48,52],"product_tag":[50,53],"class_list":{"0":"post-119","1":"product","2":"type-product","3":"status-publish","4":"has-post-thumbnail","6":"product_cat-geschirrkollektion","7":"product_cat-glaeser","8":"product_tag-geschirrkollektion","9":"product_tag-glaeser","11":"first","12":"instock","13":"taxable","14":"shipping-taxable","15":"purchasable","16":"product-type-simple"},"aioseo_notices":[],"_links":{"self":[{"href":"https:\/\/kaffeecenter.ch\/fr\/wp-json\/wp\/v2\/product\/119","targetHints":{"allow":["GET"]}}],"collection":[{"href":"https:\/\/kaffeecenter.ch\/fr\/wp-json\/wp\/v2\/product"}],"about":[{"href":"https:\/\/kaffeecenter.ch\/fr\/wp-json\/wp\/v2\/types\/product"}],"wp:featuredmedia":[{"embeddable":true,"href":"https:\/\/kaffeecenter.ch\/fr\/wp-json\/wp\/v2\/media\/200"}],"wp:attachment":[{"href":"https:\/\/kaffeecenter.ch\/fr\/wp-json\/wp\/v2\/media?parent=119"}],"wp:term":[{"taxonomy":"product_brand","embeddable":true,"href":"https:\/\/kaffeecenter.ch\/fr\/wp-json\/wp\/v2\/product_brand?post=119"},{"taxonomy":"product_cat","embeddable":true,"href":"https:\/\/kaffeecenter.ch\/fr\/wp-json\/wp\/v2\/product_cat?post=119"},{"taxonomy":"product_tag","embeddable":true,"href":"https:\/\/kaffeecenter.ch\/fr\/wp-json\/wp\/v2\/product_tag?post=119"}],"curies":[{"name":"wp","href":"https:\/\/api.w.org\/{rel}","templated":true}]}}