{"id":118,"date":"2021-01-28T14:39:34","date_gmt":"2021-01-28T13:39:34","guid":{"rendered":"https:\/\/kaffeecenter.ch\/product\/import-placeholder-for-1543\/"},"modified":"2021-05-12T10:34:12","modified_gmt":"2021-05-12T08:34:12","slug":"lungotasse","status":"publish","type":"product","link":"https:\/\/kaffeecenter.ch\/fr\/produit\/lungotasse\/","title":{"rendered":"Tasse Lungo"},"content":{"rendered":"","protected":false},"excerpt":{"rendered":"<p>Un \"lungo\" - un caf\u00e9 long - est synonyme de plaisir prolong\u00e9. C\u00e9l\u00e9br\u00e9 dans une tasse design blanche et moderne d'une contenance de 270 ml, vous vivrez vos moments de caf\u00e9 encore plus intens\u00e9ment.<br \/>\nLa tasse Lungo a \u00e9t\u00e9 con\u00e7ue en exclusivit\u00e9 pour JURA par le designer de renomm\u00e9e internationale Wolfgang J\u00f6nsson.<\/p>\n<p>La tasse n'est disponible qu'\u00e0 l'unit\u00e9 et sans soucoupe.<\/p>","protected":false},"featured_media":199,"template":"","meta":{"inline_featured_image":false},"product_brand":[],"product_cat":[48,49],"product_tag":[50,51],"class_list":{"0":"post-118","1":"product","2":"type-product","3":"status-publish","4":"has-post-thumbnail","6":"product_cat-geschirrkollektion","7":"product_cat-tassen","8":"product_tag-geschirrkollektion","9":"product_tag-tassen","11":"first","12":"instock","13":"taxable","14":"shipping-taxable","15":"purchasable","16":"product-type-simple"},"aioseo_notices":[],"_links":{"self":[{"href":"https:\/\/kaffeecenter.ch\/fr\/wp-json\/wp\/v2\/product\/118","targetHints":{"allow":["GET"]}}],"collection":[{"href":"https:\/\/kaffeecenter.ch\/fr\/wp-json\/wp\/v2\/product"}],"about":[{"href":"https:\/\/kaffeecenter.ch\/fr\/wp-json\/wp\/v2\/types\/product"}],"wp:featuredmedia":[{"embeddable":true,"href":"https:\/\/kaffeecenter.ch\/fr\/wp-json\/wp\/v2\/media\/199"}],"wp:attachment":[{"href":"https:\/\/kaffeecenter.ch\/fr\/wp-json\/wp\/v2\/media?parent=118"}],"wp:term":[{"taxonomy":"product_brand","embeddable":true,"href":"https:\/\/kaffeecenter.ch\/fr\/wp-json\/wp\/v2\/product_brand?post=118"},{"taxonomy":"product_cat","embeddable":true,"href":"https:\/\/kaffeecenter.ch\/fr\/wp-json\/wp\/v2\/product_cat?post=118"},{"taxonomy":"product_tag","embeddable":true,"href":"https:\/\/kaffeecenter.ch\/fr\/wp-json\/wp\/v2\/product_tag?post=118"}],"curies":[{"name":"wp","href":"https:\/\/api.w.org\/{rel}","templated":true}]}}