{"id":113,"date":"2021-01-28T14:39:09","date_gmt":"2021-01-28T13:39:09","guid":{"rendered":"https:\/\/kaffeecenter.ch\/product\/import-placeholder-for-1540\/"},"modified":"2021-05-12T10:32:54","modified_gmt":"2021-05-12T08:32:54","slug":"2-er-set-cappuccinotassen","status":"publish","type":"product","link":"https:\/\/kaffeecenter.ch\/fr\/produit\/2-er-set-cappuccinotassen\/","title":{"rendered":"Set de 2 tasses \u00e0 cappuccino"},"content":{"rendered":"","protected":false},"excerpt":{"rendered":"<p>Le meilleur espresso recouvert d'une mousse de lait a\u00e9rienne et d\u00e9cor\u00e9 de cacao en poudre, de sauce au chocolat ou de latte art professionnel : le palais et les yeux se r\u00e9jouissent en m\u00eame temps. Soulignez votre cr\u00e9ation avec cette tasse \u00e0 cappuccino.<\/p>\n<p>Elle a \u00e9t\u00e9 con\u00e7ue en exclusivit\u00e9 pour JURA par le designer de renomm\u00e9e internationale Wolfgang J\u00f6nsson.<\/p>","protected":false},"featured_media":191,"template":"","meta":{"inline_featured_image":false},"product_brand":[],"product_cat":[48,49],"product_tag":[50,51],"class_list":{"0":"post-113","1":"product","2":"type-product","3":"status-publish","4":"has-post-thumbnail","6":"product_cat-geschirrkollektion","7":"product_cat-tassen","8":"product_tag-geschirrkollektion","9":"product_tag-tassen","11":"first","12":"instock","13":"taxable","14":"shipping-taxable","15":"purchasable","16":"product-type-simple"},"aioseo_notices":[],"_links":{"self":[{"href":"https:\/\/kaffeecenter.ch\/fr\/wp-json\/wp\/v2\/product\/113","targetHints":{"allow":["GET"]}}],"collection":[{"href":"https:\/\/kaffeecenter.ch\/fr\/wp-json\/wp\/v2\/product"}],"about":[{"href":"https:\/\/kaffeecenter.ch\/fr\/wp-json\/wp\/v2\/types\/product"}],"wp:featuredmedia":[{"embeddable":true,"href":"https:\/\/kaffeecenter.ch\/fr\/wp-json\/wp\/v2\/media\/191"}],"wp:attachment":[{"href":"https:\/\/kaffeecenter.ch\/fr\/wp-json\/wp\/v2\/media?parent=113"}],"wp:term":[{"taxonomy":"product_brand","embeddable":true,"href":"https:\/\/kaffeecenter.ch\/fr\/wp-json\/wp\/v2\/product_brand?post=113"},{"taxonomy":"product_cat","embeddable":true,"href":"https:\/\/kaffeecenter.ch\/fr\/wp-json\/wp\/v2\/product_cat?post=113"},{"taxonomy":"product_tag","embeddable":true,"href":"https:\/\/kaffeecenter.ch\/fr\/wp-json\/wp\/v2\/product_tag?post=113"}],"curies":[{"name":"wp","href":"https:\/\/api.w.org\/{rel}","templated":true}]}}