{"id":106,"date":"2021-01-28T14:38:43","date_gmt":"2021-01-28T13:38:43","guid":{"rendered":"https:\/\/kaffeecenter.ch\/product\/import-placeholder-for-1528\/"},"modified":"2021-05-12T10:36:13","modified_gmt":"2021-05-12T08:36:13","slug":"2er-set-espressoglaeser","status":"publish","type":"product","link":"https:\/\/kaffeecenter.ch\/fr\/produit\/2er-set-espressoglaeser\/","title":{"rendered":"Lot de 2 verres \u00e0 espresso"},"content":{"rendered":"","protected":false},"excerpt":{"rendered":"<p>Noir comme la nuit, chaud comme le feu et couronn\u00e9 d'une cr\u00e8me noisette : c'est ainsi que doit \u00eatre un v\u00e9ritable espresso. Dans cet \u00e9l\u00e9gant verre \u00e0 espresso, vous le savourez\u03b2 d\u00e9j\u00e0 avant la premi\u00e8re gorg\u00e9e. Nos nouveaux verres \u00e0 espresso sont disponibles en set de 2.<\/p>","protected":false},"featured_media":188,"template":"","meta":{"inline_featured_image":false},"product_brand":[],"product_cat":[48,52],"product_tag":[50,53],"class_list":{"0":"post-106","1":"product","2":"type-product","3":"status-publish","4":"has-post-thumbnail","6":"product_cat-geschirrkollektion","7":"product_cat-glaeser","8":"product_tag-geschirrkollektion","9":"product_tag-glaeser","11":"first","12":"instock","13":"taxable","14":"shipping-taxable","15":"purchasable","16":"product-type-simple"},"aioseo_notices":[],"_links":{"self":[{"href":"https:\/\/kaffeecenter.ch\/fr\/wp-json\/wp\/v2\/product\/106","targetHints":{"allow":["GET"]}}],"collection":[{"href":"https:\/\/kaffeecenter.ch\/fr\/wp-json\/wp\/v2\/product"}],"about":[{"href":"https:\/\/kaffeecenter.ch\/fr\/wp-json\/wp\/v2\/types\/product"}],"wp:featuredmedia":[{"embeddable":true,"href":"https:\/\/kaffeecenter.ch\/fr\/wp-json\/wp\/v2\/media\/188"}],"wp:attachment":[{"href":"https:\/\/kaffeecenter.ch\/fr\/wp-json\/wp\/v2\/media?parent=106"}],"wp:term":[{"taxonomy":"product_brand","embeddable":true,"href":"https:\/\/kaffeecenter.ch\/fr\/wp-json\/wp\/v2\/product_brand?post=106"},{"taxonomy":"product_cat","embeddable":true,"href":"https:\/\/kaffeecenter.ch\/fr\/wp-json\/wp\/v2\/product_cat?post=106"},{"taxonomy":"product_tag","embeddable":true,"href":"https:\/\/kaffeecenter.ch\/fr\/wp-json\/wp\/v2\/product_tag?post=106"}],"curies":[{"name":"wp","href":"https:\/\/api.w.org\/{rel}","templated":true}]}}